{"id":12856,"date":"2017-05-24T22:55:30","date_gmt":"2017-05-25T03:55:30","guid":{"rendered":"http:\/\/66.147.244.172\/~quaketek\/diseno-sismico-con-disipadores-a-friccion\/"},"modified":"2022-12-28T16:23:56","modified_gmt":"2022-12-28T21:23:56","slug":"diseno-sismico-con-disipadores-a-friccion","status":"publish","type":"page","link":"https:\/\/quaketek.com\/es\/diseno-sismico-con-disipadores-a-friccion\/","title":{"rendered":"Dise\u00f1o Con Disipadores s\u00edsmicos a Fricci\u00f3n"},"content":{"rendered":"<div class=\"wpb-content-wrapper\"><p>[vc_section css=&#8221;.vc_custom_1495570078072{margin-top: 0px !important;margin-bottom: 30px !important;}&#8221;][vc_row][vc_column][vc_column_text]<\/p>\n<h2>An\u00e1lisis Estructural con el Disipador a Tensi\u00f3n \u2013 Compresi\u00f3n<\/h2>\n<p>[\/vc_column_text][\/vc_column][vc_column width=&#8221;1\/2&#8243;][vc_column_text]El contraviento equipado con disipador, o Contraviento Restringido a la Ductilidad (CRD), es modelado como un elemento \u201clink\u201d en la mayor\u00eda de los softwares. En otras palabras, es modelado como un contraviento, riostra o diagonal ficticia. Debido a que el ensamblaje disipador a fricci\u00f3n formado por el contraviento equipado por un freno s\u00edsmico, del tipo Ten-Co por ejemplo, puede ser tratado como un elemento el\u00e1stico-pl\u00e1stico la aplicaci\u00f3n del modelo de Wen es posible. Aunque es una simplificaci\u00f3n del comportamiento del ensamblaje Disipador, su precisi\u00f3n vuelve el an\u00e1lisis estructural mucho menos complejo.<\/p>\n<p>&nbsp;<\/p>\n<p>Un contraviento com\u00fan se deformar\u00eda pl\u00e1sticamente para permitir al edificio disipar la energ\u00eda del sismo. Sin embargo, el contraviento tendr\u00eda que ser reemplazado despu\u00e9s del sismo generando interrupciones y costos de mantenimiento.<\/p>\n<p>&nbsp;<\/p>\n<p>En contraste, este ensamblaje disipador se acciona antes que el contraviento alcance su l\u00edmite el\u00e1stico de manera que evitando que este se deforme pl\u00e1sticamente pero simulando una curva \u00a0fuerza-desplazamiento de las mismas caracter\u00edsticas. Esta curva \u00a0es rectangular, mucho mayor en \u00e1rea y confiable para much\u00edsimos ciclos, en contraste a la pobre curva que ofrecer\u00eda un contraviento, riostra o diagonal com\u00fan.<\/p>\n<p>&nbsp;<\/p>\n<p>La curva fuerza de respuesta-desplazamiento del ensamblaje disipador a fricci\u00f3n (CRD) le permite ser modelado como un elemento \u201clink\u201d en un an\u00e1lisis est\u00e1tico, din\u00e1mico o no linear. La \u00fanica informaci\u00f3n que se necesita son las propiedades del link que en este caso representa un contraviento ficticio con sus propias caracter\u00edsticas lineares y no lineares. Esto puede ser modelado en la mayor\u00eda de softwares en el mercado usando los siguientes par\u00e1metros. ETABS o SAP2000 son unos de los m\u00e1s comunes.<\/p>\n<p>&nbsp;<\/p>\n<p>Esta tecnolog\u00eda permite encontrar nuevas formas de responder a desaf\u00edos arquitect\u00f3nicos y a requerimientos espec\u00edficos de usuarios finales. Te invitamos a\u00a0<a href=\"https:\/\/quaketek.com\/es\/contacto\/\">contactarnos<\/a>\u00a0en cualquier momento con cualquier pregunta que puedas tener acerca de tu proyecto<\/p>\n<p>&nbsp;<\/p>\n<p>*La fuerza de respuesta debe ser revisada a ser igual o menor al 75% del l\u00edmite el\u00e1stico del brazo sus conexiones. Tambi\u00e9n debe ser 130% de las cargas de servicio (ej. verticales, viento regular etc.). Su masa variar\u00e1 de acuerdo con el desplazamiento y fuerza final de respuesta encontrada en los ensayos de laboratorio.[\/vc_column_text][\/vc_column][vc_column width=&#8221;1\/2&#8243; css=&#8221;.vc_custom_1565711793220{margin-top: 0px !important;margin-bottom: 0px !important;border-top-width: 0px !important;border-bottom-width: 0px !important;padding-top: 0px !important;padding-bottom: 0px !important;}&#8221;][vc_single_image image=&#8221;13599&#8243; img_size=&#8221;full&#8221; alignment=&#8221;center&#8221;][vc_column_text css_animation=&#8221;right-to-left&#8221;]<\/p>\n<h2 style=\"text-align: center;\"><a href=\"https:\/\/quaketek.com\/wp-content\/uploads\/2022\/06\/Parametros-de-Contraviento-restringido-a-la-ductilidad-CRD.jpg\">Par\u00e1metros Software para ensamblaje disipadores a fricci\u00f3n (CRD)<\/a><\/h2>\n<p>[\/vc_column_text][vc_single_image image=&#8221;16093&#8243; img_size=&#8221;full&#8221; alignment=&#8221;center&#8221;][\/vc_column][\/vc_row][vc_row equal_height=&#8221;yes&#8221; css_animation=&#8221;fadeIn&#8221;][vc_column width=&#8221;1\/2&#8243;][vc_column_text]<\/p>\n<h3>Curva Hister\u00e9tica : fuerza de respuesta-desplazamiento<\/h3>\n<p>[\/vc_column_text][vc_column_text]Algunos softwares permiten o requieren la introducci\u00f3n de la curva completa. En ese caso, el ingeniero puede realizar el an\u00e1lisis estructural usando la curva cuasi-rectangular completa.<br \/>\nCuando el contraviento es equipado con un freno sismico Ten-Co por ejemplo, El CRD act\u00faa como un disipador y trabaja aproximadamente a una fuerza de respuesta constante y el radio de deformaci\u00f3n post-el\u00e1stica puede ser estimada cercana a cero, 0.0001.<br \/>\n.[\/vc_column_text][\/vc_column][vc_column width=&#8221;1\/2&#8243;][vc_single_image image=&#8221;16098&#8243; img_size=&#8221;full&#8221; alignment=&#8221;center&#8221;][\/vc_column][\/vc_row][vc_row][vc_column width=&#8221;1\/2&#8243;][vc_column_text]<\/p>\n<h2>\u00bfC\u00f3mo encontrar la fuerza de respuesta ideal?<\/h2>\n<p>[\/vc_column_text][vc_column_text]La fuerza optima de respuesta es la que garantiza la mayor cantidad de energ\u00eda absorbida por el conjunto CRD que actual como un disipador para una misma configuraci\u00f3n de p\u00f3rtico y para una misma fuerza s\u00edsmica. Se ha encontrado que esta fuerza es siempre menor al 50% del cortante s\u00edsmico del piso, pero variar\u00e1 de acuerdo con las restricciones que el dise\u00f1ador encuentre en su proyecto y a otros criterios de desempe\u00f1o que este desee cumplir.<br \/>\nUna vez encontrada, la fuerza de respuesta optima, variaciones en su magnitud de hasta +\/- 20% no causan cambios significativos en la respuesta de la estructura.<\/p>\n<p>No dudes en <a href=\"https:\/\/quaketek.com\/es\/contacto\/\">comunicarte<\/a> con nuestro departamento de ingenier\u00eda por consejos para obtenerla en tu proyecto. Para c\u00e1lculo r\u00e1pido usa 1\/3 de la fuerza cortante del piso asegurando que la relaci\u00f3n entre la rigidez lateral de los brazos y la rigidez lateral total del piso (portico + brazos) sea superior a 0,5 y aproximadamente constante en toda la altura del edificio.[\/vc_column_text][\/vc_column][vc_column width=&#8221;1\/2&#8243;][vc_single_image image=&#8221;16103&#8243; img_size=&#8221;full&#8221;][\/vc_column][\/vc_row][\/vc_section][vc_section][\/vc_section][vc_section][vc_row equal_height=&#8221;yes&#8221; css_animation=&#8221;fadeIn&#8221;][vc_column width=&#8221;2\/3&#8243;][vc_column_text]<\/p>\n<h2>Conexi\u00f3n y Instalaci\u00f3n<\/h2>\n<p>[\/vc_column_text][vc_column_text]El ensamblaje disipador, contraviento equipado con un freno sisimico (CRD), puede ser instalado en:<\/p>\n<ul>\n<li>P\u00f3rticos en Acero Estructural<\/li>\n<li>P\u00f3rticos en Concreto Reforzado<\/li>\n<li>Muros estructurales en concreto reforzado o acero estructural<\/li>\n<li>Estructuras de Madera<\/li>\n<\/ul>\n<p>En realidad puede ser usado como reemplazo o complemento de cualquier sistema de resistencia de fuerzas laterales. Aunque hay muchas maneras de usar los disipadores el de diagonal o contraviento Tension-Compersion es el m\u00e1s com\u00fan por su practicidad y facilidad en el dise\u00f1o. Los frenos s\u00edsmicos a usarse en el ensamblaje de disipadores a fricci\u00f3n pueden ser manufacturados a medida para virtualmente cualquier edificio bajo pedido.[\/vc_column_text][\/vc_column][vc_column width=&#8221;1\/3&#8243;][vc_images_carousel images=&#8221;16108,16113,16118&#8243; img_size=&#8221;medium&#8221; onclick=&#8221;link_no&#8221; mode=&#8221;vertical&#8221; speed=&#8221;4000&#8243; autoplay=&#8221;yes&#8221; wrap=&#8221;yes&#8221; css_animation=&#8221;fadeIn&#8221; css=&#8221;.vc_custom_1632512182352{background-position: center !important;background-repeat: no-repeat !important;background-size: contain !important;}&#8221;][\/vc_column][\/vc_row][\/vc_section]<\/p>\n<\/div>","protected":false},"excerpt":{"rendered":"<p>[vc_section css=&#8221;.vc_custom_1495570078072{margin-top: 0px !important;margin-bottom: 30px !important;}&#8221;][vc_row][vc_column][vc_column_text] An\u00e1lisis Estructural con el Disipador a Tensi\u00f3n \u2013 Compresi\u00f3n [\/vc_column_text][\/vc_column][vc_column width=&#8221;1\/2&#8243;][vc_column_text]El contraviento equipado con disipador, o Contraviento Restringido a la<span class=\"excerpt-hellip\"> [\u2026]<\/span><\/p>\n","protected":false},"author":1,"featured_media":0,"parent":0,"menu_order":0,"comment_status":"closed","ping_status":"closed","template":"","meta":{"footnotes":""},"yst_prominent_words":[90],"class_list":["post-12856","page","type-page","status-publish","hentry"],"_links":{"self":[{"href":"https:\/\/quaketek.com\/es\/wp-json\/wp\/v2\/pages\/12856","targetHints":{"allow":["GET"]}}],"collection":[{"href":"https:\/\/quaketek.com\/es\/wp-json\/wp\/v2\/pages"}],"about":[{"href":"https:\/\/quaketek.com\/es\/wp-json\/wp\/v2\/types\/page"}],"author":[{"embeddable":true,"href":"https:\/\/quaketek.com\/es\/wp-json\/wp\/v2\/users\/1"}],"replies":[{"embeddable":true,"href":"https:\/\/quaketek.com\/es\/wp-json\/wp\/v2\/comments?post=12856"}],"version-history":[{"count":6,"href":"https:\/\/quaketek.com\/es\/wp-json\/wp\/v2\/pages\/12856\/revisions"}],"predecessor-version":[{"id":17465,"href":"https:\/\/quaketek.com\/es\/wp-json\/wp\/v2\/pages\/12856\/revisions\/17465"}],"wp:attachment":[{"href":"https:\/\/quaketek.com\/es\/wp-json\/wp\/v2\/media?parent=12856"}],"wp:term":[{"taxonomy":"yst_prominent_words","embeddable":true,"href":"https:\/\/quaketek.com\/es\/wp-json\/wp\/v2\/yst_prominent_words?post=12856"}],"curies":[{"name":"wp","href":"https:\/\/api.w.org\/{rel}","templated":true}]}}