{"id":12867,"date":"2017-05-24T23:00:36","date_gmt":"2017-05-25T04:00:36","guid":{"rendered":"http:\/\/66.147.244.172\/~quaketek\/disipadores-sismicos-disipadores-a-friccion\/"},"modified":"2021-04-22T13:20:43","modified_gmt":"2021-04-22T18:20:43","slug":"disipadores-sismicos-disipadores-a-friccion","status":"publish","type":"page","link":"https:\/\/quaketek.com\/es\/disipadores-sismicos-disipadores-a-friccion\/","title":{"rendered":"Disipadores S\u00edsmicos \u2013 Disipadores a fricci\u00f3n"},"content":{"rendered":"<div class=\"wpb-content-wrapper\"><p>[vc_row][vc_column][vc_column_text]<\/p>\n<h2>\u00bfC\u00f3mo Funciona?<\/h2>\n<p>&nbsp;<\/p>\n<p>[\/vc_column_text][\/vc_column][vc_column width=&#8221;1\/2&#8243;][vc_column_text]<\/p>\n<p>Los disipadores permiten al edificio deformarse el\u00e1sticamente y disipar la energ\u00eda de terremoto. Esto a su vez produce ahorros substanciales toda vez que los elementos estructurales pueden ser optimizados.<\/p>\n<p>Los Disipadores a fricci\u00f3n est\u00e1n dise\u00f1ados para accionarse y trabajar antes que los miembros de que los miembros estructurales alcancen estados pl\u00e1sticos. De esta forma el edificio es capaz de resistir un terremoto sin recibir un da\u00f1o significativo a su estructura principal.<\/p>\n<p>Los disipadores a fricci\u00f3n son muy f\u00e1ciles de modelar en el an\u00e1lisis estructural, pudiendo ser implementados en virtualmente cualquier proyecto.<\/p>\n<p>Los disipadores a fricci\u00f3n operantransformando y disipando la energ\u00eda cin\u00e9tica mediante la fricci\u00f3n de componentes especializados.<\/p>\n<p>[\/vc_column_text][\/vc_column][vc_column width=&#8221;1\/2&#8243;][vc_single_image image=&#8221;14911&#8243; img_size=&#8221;full&#8221; alignment=&#8221;center&#8221;][\/vc_column][\/vc_row][vc_row css_animation=&#8221;fadeIn&#8221;][vc_column][vc_column_text]<\/p>\n<h2>Porque Productos Sismicos Quaketek?<\/h2>\n<p>[\/vc_column_text][\/vc_column][vc_column width=&#8221;1\/2&#8243;][vc_column_text]<\/p>\n<p class=\"element-background-layer element-border-target design-element-background-layer has-rich-content user-selectable-element clickable-element has-rich-content has-text\" data-element-id=\"id1461364914968\">Nuestro equipo ha perfeccionado las t\u00e9cnicas y el proceso de fabricaci\u00f3n de dissipadores a fricci\u00f3n en los \u00faltimos 30 a\u00f1os, asegurando repetitividad, confiabilidad y calibraci\u00f3n precisa para aplicaciones en edificios alrededor del mundo.<\/p>\n<p class=\"element-background-layer element-border-target design-element-background-layer has-rich-content user-selectable-element clickable-element has-rich-content has-text\" data-element-id=\"id1461364914968\">Nuestras instalaciones espec\u00edficamente dise\u00f1adas para la producci\u00f3n de disipadores nos permiten manufacturar los disipadores a fricci\u00f3n de la forma m\u00e1s eficiente, sin jam\u00e1s sacrificar la calidad. Si bien dos miembros de acero en contacto proporcionar\u00e1n alg\u00fan tipo de fricci\u00f3n , a menudo es dif\u00edcil obtener resultados consistentes. Si se configura demasiado bajo, el disipador podr\u00eda activarse bajo las cargas de servicio, mientras que si se configura demasiado alto podr\u00edan no trabajar cuando se le requiere. Si se fabrica mal o si se usan materiales incorrectos, el disipador a fricci\u00f3n puede sufrir resbalones, experimentar soldadura en fr\u00edo o experimentar una excesiva relajaci\u00f3n de su fuerza de respuesta. Los amortiguadores de fricci\u00f3n deben, por lo tanto, construirse bajo condiciones controladas, individualmente y probarse minuciosamente para garantizar que funcionen correctamente<\/p>\n<p class=\"element-background-layer element-border-target design-element-background-layer has-rich-content user-selectable-element clickable-element has-rich-content has-text\" data-element-id=\"id1461364914968\">Cada disipador es probado individualmente y calibrado para asegurar que cumple con las fuerzas ultimas de respuesta y desplazamientos modelados por el Ingeniero Estructural.<\/p>\n<p class=\"element-background-layer element-border-target design-element-background-layer has-rich-content user-selectable-element clickable-element has-rich-content has-text\" data-element-id=\"id1461364914968\">Si bien existen muchas tecnolog\u00edas disponibles, pocas tienen la versatilidad y eficiencia de nuestros disipadores de fricci\u00f3n en l\u00ednea. Usar esta tecnolog\u00eda aporta protecci\u00f3n s\u00edsmica a la edificaci\u00f3n mientras se obtienen ahorros en costos de la Estructura<\/p>\n<p>[\/vc_column_text][\/vc_column][vc_column width=&#8221;1\/2&#8243;][vc_single_image image=&#8221;15778&#8243; img_size=&#8221;full&#8221; alignment=&#8221;center&#8221;][vc_column_text]<\/p>\n<p>Quaketek es una compa\u00f1\u00eda integrada verticalmente que realiza el dise\u00f1o, fabricaci\u00f3n, ensamblaje y prueba de los disipadores desde nuestra f\u00e1brica en Montreal. Esto permite el m\u00e1s alto nivel de flexibilidad para la personalizaci\u00f3n de nuestros disipadores, as\u00ed como la programaci\u00f3n directa en nuestra producci\u00f3n para entregas r\u00e1pidos o entrega justo a tiempo.<\/p>\n<p>[\/vc_column_text][\/vc_column][\/vc_row][vc_row css_animation=&#8221;fadeIn&#8221;][vc_column width=&#8221;1\/2&#8243;][vc_column_text]<\/p>\n<h2>Dise\u00f1o<\/h2>\n<p>&nbsp;<\/p>\n<p>[\/vc_column_text][vc_column_text]<\/p>\n<p>Los Disipadores a Fricci\u00f3n son modelados con una curva de hist\u00e9resis rectangular o como un resorte. Los \u00fanicos par\u00e1metros de dise\u00f1o necesarios por el ingeniero estructural son la Fuerza M\u00e1xima de Respuesta y el desplazamiento axial.<br \/>Con estos dos par\u00e1metros, Quaketek puede proveer al ingeniero estructural con disipadores con fuerzas m\u00e1ximas de respuesta desde 2 hasta 1500 kN por disipador, registradas en ensayos y con desplazamientos com\u00fanmente desde 1 hasta 30 cm o m\u00e1s. Otros tama\u00f1os pueden ser tambi\u00e9n manufacturados seg\u00fan la necesidad del ingeniero dise\u00f1ador.<br \/>Los disipadores son manufacturados para aplicaci\u00f3n interior o exterior debido a que su acabado es adaptado a los requerimientos del usuario final.<\/p>\n<p>[\/vc_column_text][\/vc_column][vc_column width=&#8221;1\/2&#8243;][vc_single_image image=&#8221;15650&#8243; img_size=&#8221;full&#8221;][\/vc_column][\/vc_row][vc_row css_animation=&#8221;fadeIn&#8221;][vc_column width=&#8221;1\/3&#8243;][vc_column_text]<\/p>\n<h2>Dise\u00f1o Sostenible<\/h2>\n<p>[\/vc_column_text][vc_column_text]<\/p>\n<h3 class=\"element-background-layer element-border-target design-element-background-layer has-rich-content user-selectable-element clickable-element has-rich-content has-text\" data-element-id=\"id1461364914968\">Responsibilidad Social<\/h3>\n<p>\u00a0 Los c\u00f3digos de Construcci\u00f3n actuales permiten a los edificios da\u00f1arse de manera permanente despu\u00e9s de un terremoto toda vez que se garantice la seguridad de los ocupantes permiti\u00e9ndoles tiempo suficiente de evacuar antes del colapso. En otros casos, los c\u00f3digos requieren que los edificios permanezcan operacionales durante el sismo (ej. hospitales) o que puedan ser ocupados despu\u00e9s del sismo (ej. colegios). Al usar disipadores a fricci\u00f3n ayuda al edificio a moverse de manera m\u00e1s controlada disipando la energ\u00eda de manera din\u00e1mica en vez de almacenarla en la rigidez de los miembros estructurales. Esto asegura que los ocupantes y su inversi\u00f3n permanecen protegidos y que el uso de los materiales es responsable.<\/p>\n<p>[\/vc_column_text][vc_column_text]<\/p>\n<h3 class=\"element-background-layer element-border-target design-element-background-layer has-rich-content user-selectable-element clickable-element has-rich-content has-text\" data-element-id=\"id1461364914968\">Ambiente<\/h3>\n<p>Los elementos estructurales son reforzados y agrandados para cumplir con esos requisitos. Para los m\u00e1s altos requerimientos, usar solo p\u00f3rticos resistentes a momento y muros de corte es altamente ineficiente y costoso. Dado que la producci\u00f3n de acero y concreto representan enormes contribuciones de CO2, engrandecer elementos estructurales deber\u00eda ser el \u00faltimo recurso desde el punto de vista puramente ambiental.<\/p>\n<p>[\/vc_column_text][\/vc_column][vc_column width=&#8221;2\/3&#8243;][vc_single_image image=&#8221;13836&#8243; img_size=&#8221;full&#8221;][\/vc_column][\/vc_row]<\/p>\n<\/div>","protected":false},"excerpt":{"rendered":"<p>[vc_row][vc_column][vc_column_text] \u00bfC\u00f3mo Funciona? &nbsp; [\/vc_column_text][\/vc_column][vc_column width=&#8221;1\/2&#8243;][vc_column_text] Los disipadores permiten al edificio deformarse el\u00e1sticamente y disipar la energ\u00eda de terremoto. Esto a su vez produce ahorros substanciales<span class=\"excerpt-hellip\"> [\u2026]<\/span><\/p>\n","protected":false},"author":1,"featured_media":0,"parent":0,"menu_order":0,"comment_status":"closed","ping_status":"closed","template":"","meta":{"footnotes":""},"yst_prominent_words":[91],"class_list":["post-12867","page","type-page","status-publish","hentry"],"_links":{"self":[{"href":"https:\/\/quaketek.com\/es\/wp-json\/wp\/v2\/pages\/12867","targetHints":{"allow":["GET"]}}],"collection":[{"href":"https:\/\/quaketek.com\/es\/wp-json\/wp\/v2\/pages"}],"about":[{"href":"https:\/\/quaketek.com\/es\/wp-json\/wp\/v2\/types\/page"}],"author":[{"embeddable":true,"href":"https:\/\/quaketek.com\/es\/wp-json\/wp\/v2\/users\/1"}],"replies":[{"embeddable":true,"href":"https:\/\/quaketek.com\/es\/wp-json\/wp\/v2\/comments?post=12867"}],"version-history":[{"count":5,"href":"https:\/\/quaketek.com\/es\/wp-json\/wp\/v2\/pages\/12867\/revisions"}],"predecessor-version":[{"id":15930,"href":"https:\/\/quaketek.com\/es\/wp-json\/wp\/v2\/pages\/12867\/revisions\/15930"}],"wp:attachment":[{"href":"https:\/\/quaketek.com\/es\/wp-json\/wp\/v2\/media?parent=12867"}],"wp:term":[{"taxonomy":"yst_prominent_words","embeddable":true,"href":"https:\/\/quaketek.com\/es\/wp-json\/wp\/v2\/yst_prominent_words?post=12867"}],"curies":[{"name":"wp","href":"https:\/\/api.w.org\/{rel}","templated":true}]}}