{"id":12883,"date":"2017-05-24T23:24:41","date_gmt":"2017-05-25T04:24:41","guid":{"rendered":"http:\/\/66.147.244.172\/~quaketek\/inicio\/"},"modified":"2022-12-28T14:55:05","modified_gmt":"2022-12-28T19:55:05","slug":"inicio","status":"publish","type":"page","link":"https:\/\/quaketek.com\/es\/","title":{"rendered":"Inicio"},"content":{"rendered":"<div class=\"wpb-content-wrapper\"><p>[vc_row full_width=&#8221;stretch_row_content_no_spaces&#8221; css=&#8221;.vc_custom_1645560531616{margin-bottom: -9em !important;}&#8221;][vc_column][vc_row_inner][vc_column_inner offset=&#8221;vc_hidden-xs&#8221;][vc_raw_html]JTNDaWZyYW1lJTIwc3JjJTNEJTIyaHR0cHMlM0ElMkYlMkZ3d3cucXVha2V0ZWsuY29tJTJGaG9tZS12ZXJ0aWNhbC1zcGxpdCUyRmluZGV4X2VzLmh0bWwlMjIlMjBoZWlnaHQlM0QlMjIxMDgwcHglMjIlMjB3aWR0aCUzRCUyMjEwMCUyNSUyMiUyMGZyYW1lYm9yZGVyJTNEJTIyMCUyMiUzRSUzQyUyRmlmcmFtZSUzRSUwQQ==[\/vc_raw_html][\/vc_column_inner][\/vc_row_inner][vc_row_inner][vc_column_inner offset=&#8221;vc_hidden-lg vc_hidden-md vc_hidden-sm&#8221;][vc_raw_html]JTNDaWZyYW1lJTIwc3JjJTNEJTIyaHR0cHMlM0ElMkYlMkZ3d3cucXVha2V0ZWsuY29tJTJGaG9tZS12ZXJ0aWNhbC1zcGxpdCUyRmluZGV4X2VzLmh0bWwlMjIlMjB3aWR0aCUzRCUyMjEwMCUyNSUyMiUyMGhlaWdodCUzRCUyMjY3OHB4JTIyJTIwZnJhbWVib3JkZXIlM0QlMjIwJTIyJTNFJTNDJTJGaWZyYW1lJTNFJTBB[\/vc_raw_html][\/vc_column_inner][\/vc_row_inner][\/vc_column][\/vc_row][vc_section full_width=&#8221;stretch_row&#8221; content_placement=&#8221;middle&#8221;][vc_row][vc_column][vc_empty_space height=&#8221;20px&#8221; el_id=&#8221;proteccion-sismica&#8221;][\/vc_column][\/vc_row][vc_row equal_height=&#8221;yes&#8221; content_placement=&#8221;bottom&#8221;][vc_column width=&#8221;1\/3&#8243;][vc_single_image image=&#8221;16049&#8243; img_size=&#8221;full&#8221; alignment=&#8221;center&#8221; onclick=&#8221;custom_link&#8221; link=&#8221;https:\/\/quaketek.com\/es\/disipadores-sismicos-disipadores-a-friccion\/&#8221; css=&#8221;.vc_custom_1632498722885{padding-bottom: 10px !important;}&#8221;][vc_column_text]<\/p>\n<h2 style=\"text-align: center;\"><a href=\"https:\/\/quaketek.com\/es\/disipadores-sismicos-disipadores-a-friccion\/\">Disipadores S\u00edsmicos<\/a><\/h2>\n<p>[\/vc_column_text][\/vc_column][vc_column width=&#8221;1\/3&#8243;][vc_single_image image=&#8221;13599&#8243; img_size=&#8221;full&#8221; alignment=&#8221;center&#8221; onclick=&#8221;custom_link&#8221; link=&#8221;https:\/\/quaketek.com\/es\/diseno-sismico-con-disipadores-a-friccion\/&#8221; css=&#8221;.vc_custom_1619115186986{padding-bottom: 0px !important;}&#8221;][vc_column_text]<\/p>\n<h2 style=\"text-align: center;\"><a href=\"https:\/\/quaketek.com\/es\/diseno-sismico-con-disipadores-a-friccion\/\">An\u00e1lisis Estructural con Disipadores S\u00edsmicos<\/a><\/h2>\n<p>[\/vc_column_text][\/vc_column][vc_column width=&#8221;1\/3&#8243;][vc_single_image image=&#8221;13504&#8243; img_size=&#8221;medium&#8221; alignment=&#8221;center&#8221; onclick=&#8221;custom_link&#8221; link=&#8221;https:\/\/quaketek.com\/es\/aplicaciones\/&#8221; css=&#8221;.vc_custom_1619115211413{padding-bottom: 10px !important;}&#8221;][vc_column_text]<\/p>\n<h2 style=\"text-align: center;\"><a href=\"https:\/\/quaketek.com\/es\/aplicaciones\/\">Galer\u00eda<\/a><\/h2>\n<p>[\/vc_column_text][\/vc_column][\/vc_row][\/vc_section][vc_section full_width=&#8221;stretch_row&#8221; parallax=&#8221;content-moving-fade&#8221; parallax_image=&#8221;13862&#8243; css=&#8221;.vc_custom_1514090230391{margin-top: 20px !important;margin-right: 0px !important;margin-bottom: 40px !important;margin-left: 0px !important;}&#8221;][vc_row css_animation=&#8221;none&#8221;][vc_column][vc_column_text css_animation=&#8221;appear&#8221; css=&#8221;.vc_custom_1495564362596{padding-top: 20px !important;padding-bottom: 20px !important;}&#8221;]<\/p>\n<h1 style=\"text-align: center;\"><span style=\"color: #ffffff;\">Protecci\u00f3n S\u00edsmica A tu Alcance<\/span><\/h1>\n<p>&nbsp;<\/p>\n<p style=\"text-align: center;\"><span style=\"color: #ffffff;\">Usamos un sistema de clase mundial de protecci\u00f3n s\u00edsmica que aporta beneficios excepcionales de reducci\u00f3n de costos de construcci\u00f3n y vida \u00fatil.<\/span><\/p>\n<p>[\/vc_column_text][\/vc_column][\/vc_row][\/vc_section][vc_row css_animation=&#8221;fadeIn&#8221;][vc_column width=&#8221;2\/3&#8243;][vc_basic_grid post_type=&#8221;post&#8221; max_items=&#8221;3&#8243; style=&#8221;load-more&#8221; items_per_page=&#8221;3&#8243; item=&#8221;basicGrid_ScaleInWithRotation&#8221; initial_loading_animation=&#8221;none&#8221; btn_i_align=&#8221;right&#8221; btn_add_icon=&#8221;true&#8221; grid_id=&#8221;vc_gid:1656515628581-25b73d85-9453-4&#8243;][\/vc_column][vc_column width=&#8221;1\/3&#8243;][vc_widget_sidebar sidebar_id=&#8221;sidebar-home_social&#8221;][\/vc_column][\/vc_row]<\/p>\n<\/div>","protected":false},"excerpt":{"rendered":"<p>[vc_row full_width=&#8221;stretch_row_content_no_spaces&#8221; css=&#8221;.vc_custom_1645560531616{margin-bottom: -9em !important;}&#8221;][vc_column][vc_row_inner][vc_column_inner offset=&#8221;vc_hidden-xs&#8221;][vc_raw_html]JTNDaWZyYW1lJTIwc3JjJTNEJTIyaHR0cHMlM0ElMkYlMkZ3d3cucXVha2V0ZWsuY29tJTJGaG9tZS12ZXJ0aWNhbC1zcGxpdCUyRmluZGV4X2VzLmh0bWwlMjIlMjBoZWlnaHQlM0QlMjIxMDgwcHglMjIlMjB3aWR0aCUzRCUyMjEwMCUyNSUyMiUyMGZyYW1lYm9yZGVyJTNEJTIyMCUyMiUzRSUzQyUyRmlmcmFtZSUzRSUwQQ==[\/vc_raw_html][\/vc_column_inner][\/vc_row_inner][vc_row_inner][vc_column_inner offset=&#8221;vc_hidden-lg vc_hidden-md vc_hidden-sm&#8221;][vc_raw_html]JTNDaWZyYW1lJTIwc3JjJTNEJTIyaHR0cHMlM0ElMkYlMkZ3d3cucXVha2V0ZWsuY29tJTJGaG9tZS12ZXJ0aWNhbC1zcGxpdCUyRmluZGV4X2VzLmh0bWwlMjIlMjB3aWR0aCUzRCUyMjEwMCUyNSUyMiUyMGhlaWdodCUzRCUyMjY3OHB4JTIyJTIwZnJhbWVib3JkZXIlM0QlMjIwJTIyJTNFJTNDJTJGaWZyYW1lJTNFJTBB[\/vc_raw_html][\/vc_column_inner][\/vc_row_inner][\/vc_column][\/vc_row][vc_section full_width=&#8221;stretch_row&#8221; content_placement=&#8221;middle&#8221;][vc_row][vc_column][vc_empty_space height=&#8221;20px&#8221; el_id=&#8221;proteccion-sismica&#8221;][\/vc_column][\/vc_row][vc_row equal_height=&#8221;yes&#8221; content_placement=&#8221;bottom&#8221;][vc_column width=&#8221;1\/3&#8243;][vc_single_image image=&#8221;16049&#8243; img_size=&#8221;full&#8221; alignment=&#8221;center&#8221; onclick=&#8221;custom_link&#8221; link=&#8221;https:\/\/quaketek.com\/es\/disipadores-sismicos-disipadores-a-friccion\/&#8221; css=&#8221;.vc_custom_1632498722885{padding-bottom: 10px !important;}&#8221;][vc_column_text] Disipadores S\u00edsmicos<span class=\"excerpt-hellip\"> [\u2026]<\/span><\/p>\n","protected":false},"author":1,"featured_media":0,"parent":0,"menu_order":0,"comment_status":"closed","ping_status":"closed","template":"","meta":{"footnotes":""},"yst_prominent_words":[151,152,149,154,150,155,153],"class_list":["post-12883","page","type-page","status-publish","hentry"],"_links":{"self":[{"href":"https:\/\/quaketek.com\/es\/wp-json\/wp\/v2\/pages\/12883","targetHints":{"allow":["GET"]}}],"collection":[{"href":"https:\/\/quaketek.com\/es\/wp-json\/wp\/v2\/pages"}],"about":[{"href":"https:\/\/quaketek.com\/es\/wp-json\/wp\/v2\/types\/page"}],"author":[{"embeddable":true,"href":"https:\/\/quaketek.com\/es\/wp-json\/wp\/v2\/users\/1"}],"replies":[{"embeddable":true,"href":"https:\/\/quaketek.com\/es\/wp-json\/wp\/v2\/comments?post=12883"}],"version-history":[{"count":7,"href":"https:\/\/quaketek.com\/es\/wp-json\/wp\/v2\/pages\/12883\/revisions"}],"predecessor-version":[{"id":17462,"href":"https:\/\/quaketek.com\/es\/wp-json\/wp\/v2\/pages\/12883\/revisions\/17462"}],"wp:attachment":[{"href":"https:\/\/quaketek.com\/es\/wp-json\/wp\/v2\/media?parent=12883"}],"wp:term":[{"taxonomy":"yst_prominent_words","embeddable":true,"href":"https:\/\/quaketek.com\/es\/wp-json\/wp\/v2\/yst_prominent_words?post=12883"}],"curies":[{"name":"wp","href":"https:\/\/api.w.org\/{rel}","templated":true}]}}