{"id":12908,"date":"2017-05-24T23:30:40","date_gmt":"2017-05-25T04:30:40","guid":{"rendered":"http:\/\/66.147.244.172\/~quaketek\/productos-y-servicios\/"},"modified":"2022-12-28T16:23:00","modified_gmt":"2022-12-28T21:23:00","slug":"productos-y-servicios","status":"publish","type":"page","link":"https:\/\/quaketek.com\/es\/productos-y-servicios\/","title":{"rendered":"Productos y Servicios"},"content":{"rendered":"<div class=\"wpb-content-wrapper\"><p>[vc_row][vc_column width=&#8221;1\/3&#8243;][vc_single_image image=&#8221;13470&#8243; img_size=&#8221;400&#215;200&#8243;][\/vc_column][vc_column width=&#8221;2\/3&#8243;][vc_column_text]<\/p>\n<h2><a href=\"https:\/\/quaketek.com\/es\/disipadores-sismicos-disipadores-a-friccion\/\">Disipadores S\u00edsmicos \u2013 Disipadores a fricci\u00f3n<\/a><\/h2>\n<p>Nuestro equipo cuenta con m\u00e1s de 25 a\u00f1os de experiencia en la fabricaci\u00f3n de disipadores sismicos a fricci\u00f3n que se han instalado en cientos de lugares en todo el mundo. Nuestros m\u00e9todos de fabricaci\u00f3n unicos garantizan el funcionamiento fiable de los dissipadores y ayudan a mantener a las personas ya las inversiones a salvo de los terremotos. \u00a0<\/p>\n<p>[\/vc_column_text][\/vc_column][\/vc_row][vc_row][vc_column width=&#8221;1\/3&#8243;][vc_single_image image=&#8221;13440&#8243; img_size=&#8221;400&#215;200&#8243;][\/vc_column][vc_column width=&#8221;2\/3&#8243;][vc_column_text]<\/p>\n<h2>Ingenier\u00eda y Servicios de Gesti\u00f3n<\/h2>\n<p>Con una amplia experiencia en ingenier\u00eda, gesti\u00f3n y socios locales, nuestras capacidades abarcan desde el dise\u00f1o hasta la instalaci\u00f3n.<\/p>\n<p>[\/vc_column_text][\/vc_column][\/vc_row][vc_row][vc_column width=&#8221;1\/3&#8243;][vc_single_image image=&#8221;13438&#8243; img_size=&#8221;400&#215;200&#8243;][\/vc_column][vc_column width=&#8221;2\/3&#8243;][vc_column_text]<\/p>\n<h2><a href=\"https:\/\/quaketek.com\/parts-manufacturing-assembly\/\">Fabricaci\u00f3n y montaje de piezas<\/a><\/h2>\n<div id=\"id1461363116253\" class=\"design-element element-size-box has-rich-content user-selectable-element clickable-element has-rich-content has-text is-section-child\" data-element-id=\"id1461363116253\">\n<div class=\"element-main-box design-element-main-box has-rich-content user-selectable-element clickable-element has-rich-content has-text\" data-element-id=\"id1461363116253\">\n<div class=\"element-background-layer element-border-target design-element-background-layer has-rich-content user-selectable-element clickable-element has-rich-content has-text\" data-element-id=\"id1461363116253\">\n<div id=\"id1453151400957\" class=\"design-element element-size-box has-rich-content user-selectable-element clickable-element has-rich-content has-text is-section-child\" data-element-id=\"id1453151400957\">\n<div class=\"element-main-box design-element-main-box has-rich-content user-selectable-element clickable-element has-rich-content has-text\" data-element-id=\"id1453151400957\">\n<div class=\"element-background-layer element-border-target design-element-background-layer has-rich-content user-selectable-element clickable-element has-rich-content has-text\" data-element-id=\"id1453151400957\">QuakeTek aprovecha los equipos modernos para el mecanizado, la soldadura y los tratamientos de superficies, as\u00ed como un equipo experimentado de profesionales en ensamblaje mec\u00e1nico.<br \/>Nuestras capacidades van desde el mecanizado y la soldadura manual hasta la soldadura rob\u00f3tica y el mecanizado cnc.<br \/>Aunque se especializa en tecnolog\u00edas de protecci\u00f3n s\u00edsmica, Quaketek mantiene fuertes v\u00ednculos con la industria aeroespacial y m\u00e1s espec\u00edficamente con el sector de simulaci\u00f3n de vuelo.<\/div>\n<\/div>\n<\/div>\n<\/div>\n<\/div>\n<\/div>\n<p>[\/vc_column_text][\/vc_column][\/vc_row]<\/p>\n<\/div>","protected":false},"excerpt":{"rendered":"<p>[vc_row][vc_column width=&#8221;1\/3&#8243;][vc_single_image image=&#8221;13470&#8243; img_size=&#8221;400&#215;200&#8243;][\/vc_column][vc_column width=&#8221;2\/3&#8243;][vc_column_text] Disipadores S\u00edsmicos \u2013 Disipadores a fricci\u00f3n Nuestro equipo cuenta con m\u00e1s de 25 a\u00f1os de experiencia en la fabricaci\u00f3n de disipadores<span class=\"excerpt-hellip\"> [\u2026]<\/span><\/p>\n","protected":false},"author":1,"featured_media":0,"parent":0,"menu_order":0,"comment_status":"closed","ping_status":"closed","template":"","meta":{"footnotes":""},"yst_prominent_words":[151,135,152,90,92,142],"class_list":["post-12908","page","type-page","status-publish","hentry"],"_links":{"self":[{"href":"https:\/\/quaketek.com\/es\/wp-json\/wp\/v2\/pages\/12908","targetHints":{"allow":["GET"]}}],"collection":[{"href":"https:\/\/quaketek.com\/es\/wp-json\/wp\/v2\/pages"}],"about":[{"href":"https:\/\/quaketek.com\/es\/wp-json\/wp\/v2\/types\/page"}],"author":[{"embeddable":true,"href":"https:\/\/quaketek.com\/es\/wp-json\/wp\/v2\/users\/1"}],"replies":[{"embeddable":true,"href":"https:\/\/quaketek.com\/es\/wp-json\/wp\/v2\/comments?post=12908"}],"version-history":[{"count":5,"href":"https:\/\/quaketek.com\/es\/wp-json\/wp\/v2\/pages\/12908\/revisions"}],"predecessor-version":[{"id":17463,"href":"https:\/\/quaketek.com\/es\/wp-json\/wp\/v2\/pages\/12908\/revisions\/17463"}],"wp:attachment":[{"href":"https:\/\/quaketek.com\/es\/wp-json\/wp\/v2\/media?parent=12908"}],"wp:term":[{"taxonomy":"yst_prominent_words","embeddable":true,"href":"https:\/\/quaketek.com\/es\/wp-json\/wp\/v2\/yst_prominent_words?post=12908"}],"curies":[{"name":"wp","href":"https:\/\/api.w.org\/{rel}","templated":true}]}}