{"id":13032,"date":"2017-05-26T08:40:37","date_gmt":"2017-05-26T13:40:37","guid":{"rendered":"http:\/\/66.147.244.172\/~quaketek\/seguridad-durante-terremotos\/"},"modified":"2017-06-06T11:22:51","modified_gmt":"2017-06-06T16:22:51","slug":"seguridad-durante-terremotos","status":"publish","type":"page","link":"https:\/\/quaketek.com\/es\/seguridad-durante-terremotos\/","title":{"rendered":"Seguridad durante terremotos"},"content":{"rendered":"<div class=\"wpb-content-wrapper\"><p>[vc_row][vc_column width=&#8221;1\/2&#8243;][vc_column_text]<\/p>\n<h2>Qu\u00e9 hacer durante un\u00a0sismo<\/h2>\n<p>[\/vc_column_text][vc_column_text]<\/p>\n<div id=\"id1475456264029\" class=\"design-element element-size-box has-rich-content user-selectable-element clickable-element has-rich-content has-text is-section-child\" data-element-id=\"id1475456264029\">Si bien Quaketek se centra en la preparaci\u00f3n para afrontar terremotos, la reacci\u00f3n que se tenga durante este evento es determinante para sobrevivir. Lo mejor que se puede hacer en caso de terremoto es tirarse al suelo, cubrirse bajo una mesa o escritorio robustos y sujetarse. Si no se puede esconder bajo alg\u00fan elemento robusto (que no sea un dintel), t\u00edrese al suelo y proteja su cabeza y cuello con sus brazos.<\/div>\n<div class=\"design-element element-size-box has-rich-content user-selectable-element clickable-element has-rich-content has-text is-section-child\" data-element-id=\"id1475456264029\"><\/div>\n<div class=\"design-element element-size-box has-rich-content user-selectable-element clickable-element has-rich-content has-text is-section-child\" data-element-id=\"id1475456264029\">Existe mucha informaci\u00f3n err\u00f3nea sobre el tri\u00e1ngulo de la vida, a pesar de que los estudios suelen demostrar que no es m\u00e1s seguro que el cl\u00e1sico m\u00e9todo de agacharse y cubrirse. Esto es particularmente cierto en el caso de edificios que han sido dise\u00f1ados para no colapsar. Es mucho m\u00e1s probable que sufra lesiones por la ca\u00edda de objetos y escombros que porque la estructura se vaya a derrumbar inmediatamente. Y a\u00fan en caso de colapso total, se necesita m\u00e1s evidencia para demostrar que el &#8220;tri\u00e1ngulo de la vida&#8221; realmente es efectivo.<\/div>\n<div class=\"design-element element-size-box has-rich-content user-selectable-element clickable-element has-rich-content has-text is-section-child\" data-element-id=\"id1475456264029\"><\/div>\n<div class=\"design-element element-size-box has-rich-content user-selectable-element clickable-element has-rich-content has-text is-section-child\" data-element-id=\"id1475456264029\">Es importante practicar &#8220;agacharse, cubrirse y sujetarse&#8221; con compa\u00f1eros de trabajo, estudiantes e incluso en casa con su familia. Las personas suelen entrar en p\u00e1nico durante una crisis y haber practicado antes mejora notablemente la probabilidad de reaccionar adecuadamente durante un terremoto.<\/div>\n<div class=\"design-element element-size-box has-rich-content user-selectable-element clickable-element has-rich-content has-text is-section-child\" data-element-id=\"id1475456264029\"><\/div>\n<div class=\"design-element element-size-box has-rich-content user-selectable-element clickable-element has-rich-content has-text is-section-child\" data-element-id=\"id1475456264029\">\u00abThe Great Shakeout\u00bb es un recurso excelente disponible en m\u00faltiples idiomas y para distintas regiones. Dedique algo de tiempo a mirarlo y reg\u00edstrese para inscribirse en el simulacro anual.<\/div>\n<p>[\/vc_column_text][\/vc_column][vc_column width=&#8221;1\/2&#8243;][vc_single_image image=&#8221;12341&#8243; img_size=&#8221;full&#8221; alignment=&#8221;center&#8221; onclick=&#8221;link_image&#8221; css_animation=&#8221;fadeIn&#8221; css=&#8221;.vc_custom_1494299013856{margin-bottom: 0px !important;border-bottom-width: 0px !important;padding-bottom: 0px !important;}&#8221;][vc_column_text css=&#8221;.vc_custom_1495728239579{margin-top: 0px !important;border-top-width: 0px !important;}&#8221;]<\/p>\n<h3 style=\"text-align: center;\"><\/h3>\n<h3 style=\"text-align: center;\">Agacharse<\/h3>\n<p style=\"text-align: center;\">T\u00edrese al suelo tan pronto comiencen las vibraciones. Si est\u00e1 en su cama o veh\u00edculo, qu\u00e9dese all\u00ed. Si est\u00e1 en una silla de ruedas, \u00a1bloqu\u00e9ela!<\/p>\n<h3 style=\"text-align: center;\">Cubrirse<\/h3>\n<p>C\u00fabrase bajo una mesa o silla robusta y si no es posible, cubra su cabeza para protegerla de la ca\u00edda de objetos. Si no ha encontrado d\u00f3nde cubrirse pero tiene a mano un libro, carpeta o bandeja, \u00faselos.<\/p>\n<h3 style=\"text-align: center;\">Agarrarse<\/h3>\n<p>Suj\u00e9tese firmemente para asegurarse de que se mantiene al cubierto y de que no resulta golpeado.<\/p>\n<p>[\/vc_column_text][\/vc_column][\/vc_row][vc_row][vc_column][vc_column_text]<\/p>\n<h2>C\u00f3mo prepararse para un terremoto<\/h2>\n<p>[\/vc_column_text][vc_column_text]<\/p>\n<ul>\n<li>Existe gran cantidad de recursos en los que se explica c\u00f3mo prepararse para un terremoto y nosotros hemos hecho una lista que re\u00fane algunos de los mejores consejos.<\/li>\n<li>Tenga un plan: esto incluye c\u00f3mo comunicarse con sus seres queridos desde el momento en que comience el terremoto.<br \/>\nPr\u00e1ctica, pr\u00e1ctica, pr\u00e1ctica: haga simulacros con sus compa\u00f1eros de trabajo y familiares. Esto ayudar\u00e1 a identificar ubicaciones seguras para cuando comience el terremoto<\/li>\n<li>Asegure elementos sin sujeci\u00f3n<\/li>\n<li>Compre provisiones como agua y alimentos no perecederos, y conserve una copia de documentos importantes<\/li>\n<li>Comun\u00edquese con las autoridades locales para informarse acerca de los planes y programas locales actuales<\/li>\n<li>Descubra cu\u00e1n seguro es su hogar, escuela o lugar de trabajo. Las edificaciones m\u00e1s antiguas pueden representar un mayor peligro y las nuevas se construyen seg\u00fan el uso que se les vaya a dar.<\/li>\n<li>\u00a1Lea y obtenga m\u00e1s informaci\u00f3n! Hay una gran cantidad de recursos estupendos en l\u00ednea. Intente aprender de las p\u00e1ginas de instituciones p\u00fablicas y compruebe fuentes, ya que los ciudadanos est\u00e1n expuestos a mucha informaci\u00f3n confusa o incompleta. Un par de buenos recursos son www.ready.gov\/earthquakes y earthquakecountry.org<\/li>\n<\/ul>\n<p>[\/vc_column_text][\/vc_column][\/vc_row][vc_row][vc_column][vc_column_text]<\/p>\n<h2>Despu\u00e9s del Sismo<\/h2>\n<p>[\/vc_column_text][vc_column_text]Tras finalizar el terremoto y detenerse las vibraciones, muchas personas simplemente huyen corriendo. Det\u00e9ngase, mire a su alrededor y siga estos pasos:<\/p>\n<ul>\n<li>Busque un camino que claramente le lleve a un lugar seguro y, de haberlo, salga de la edificaci\u00f3n y dir\u00edjase a un espacio abierto alejado de infraestructura o edificios que hayan podido sufrir da\u00f1os.<\/li>\n<li>Si hay gran cantidad de polvo y escombros, cubra su nariz y boca con un pa\u00f1o limpio o con un poco de ropa y \u00faselo como m\u00e1scara antipolvo.<\/li>\n<li>Si ha quedado atrapado, mantenga la calma e intente no levantar m\u00e1s residuos ni polvo. Si su tel\u00e9fono funciona, llame para pedir ayuda; si no, ing\u00e9nieselas para hacer ruido y llamar la atenci\u00f3n de los rescatadores.<\/li>\n<li>Prep\u00e1rese para volver a cubrirse en caso de r\u00e9plicas.<br \/>\nComun\u00edquese con sus seres queridos y alerte a las autoridades. Acceder a estructuras que hayan sufrido da\u00f1os puede resultar peligroso<\/li>\n<\/ul>\n<p>[\/vc_column_text][\/vc_column][\/vc_row][vc_row][vc_column][vc_column_text]<\/p>\n<h2>No deje de aprender<\/h2>\n<p>[\/vc_column_text][vc_column_text]<\/p>\n<div id=\"id1475456373940\" class=\"design-element element-size-box has-rich-content user-selectable-element clickable-element has-rich-content has-text is-section-child\" data-element-id=\"id1475456373940\">Hay gran cantidad de recursos excelentes disponibles para aprender sobre seguridad durante terremotos. A continuaci\u00f3n encontrar\u00e1 enlaces a nuestros art\u00edculos m\u00e1s recientes acerca de <a href=\"http:\/\/66.147.244.172\/~quaketek\/noticias\/?lang=es\">noticias y temas relacionados con terremotos.<\/a><\/div>\n<p>[\/vc_column_text][\/vc_column][\/vc_row]<\/p>\n<\/div>","protected":false},"excerpt":{"rendered":"<p>[vc_row][vc_column width=&#8221;1\/2&#8243;][vc_column_text] Qu\u00e9 hacer durante un\u00a0sismo [\/vc_column_text][vc_column_text] Si bien Quaketek se centra en la preparaci\u00f3n para afrontar terremotos, la reacci\u00f3n que se tenga durante este evento<span class=\"excerpt-hellip\"> [\u2026]<\/span><\/p>\n","protected":false},"author":1,"featured_media":13396,"parent":0,"menu_order":0,"comment_status":"closed","ping_status":"closed","template":"","meta":{"footnotes":""},"yst_prominent_words":[],"class_list":["post-13032","page","type-page","status-publish","has-post-thumbnail","hentry"],"_links":{"self":[{"href":"https:\/\/quaketek.com\/es\/wp-json\/wp\/v2\/pages\/13032","targetHints":{"allow":["GET"]}}],"collection":[{"href":"https:\/\/quaketek.com\/es\/wp-json\/wp\/v2\/pages"}],"about":[{"href":"https:\/\/quaketek.com\/es\/wp-json\/wp\/v2\/types\/page"}],"author":[{"embeddable":true,"href":"https:\/\/quaketek.com\/es\/wp-json\/wp\/v2\/users\/1"}],"replies":[{"embeddable":true,"href":"https:\/\/quaketek.com\/es\/wp-json\/wp\/v2\/comments?post=13032"}],"version-history":[{"count":18,"href":"https:\/\/quaketek.com\/es\/wp-json\/wp\/v2\/pages\/13032\/revisions"}],"predecessor-version":[{"id":13145,"href":"https:\/\/quaketek.com\/es\/wp-json\/wp\/v2\/pages\/13032\/revisions\/13145"}],"wp:featuredmedia":[{"embeddable":true,"href":"https:\/\/quaketek.com\/es\/wp-json\/wp\/v2\/media\/13396"}],"wp:attachment":[{"href":"https:\/\/quaketek.com\/es\/wp-json\/wp\/v2\/media?parent=13032"}],"wp:term":[{"taxonomy":"yst_prominent_words","embeddable":true,"href":"https:\/\/quaketek.com\/es\/wp-json\/wp\/v2\/yst_prominent_words?post=13032"}],"curies":[{"name":"wp","href":"https:\/\/api.w.org\/{rel}","templated":true}]}}