{"id":13695,"date":"2017-12-22T12:32:38","date_gmt":"2017-12-22T17:32:38","guid":{"rendered":"https:\/\/www.quaketek.com\/?page_id=13695"},"modified":"2025-10-20T10:59:55","modified_gmt":"2025-10-20T15:59:55","slug":"aplicaciones","status":"publish","type":"page","link":"https:\/\/quaketek.com\/es\/aplicaciones\/","title":{"rendered":"Aplicaciones"},"content":{"rendered":"<div class=\"wpb-content-wrapper\"><p>[vc_section][vc_row][vc_column css=&#8221;.vc_custom_1494295823430{background-position: 0 0 !important;background-repeat: repeat !important;}&#8221;][vc_column_text]<\/p>\n<h2 style=\"text-align: center;\"><strong><span style=\"color: #00205f;\">Aplicaciones Destacadas<\/span><\/strong><\/h2>\n<p>[\/vc_column_text][\/vc_column][\/vc_row][vc_row][vc_column width=&#8221;1\/3&#8243;][vc_column_text]<\/p>\n<h3>Edificio industrial Pharmaguild, Montreal, QC.<\/h3>\n<p>Para un centro industrial\/administrativo, los frenos s\u00edsmicos se ensamblaron dentro de un contraviento para formar un Contraviento restringido a la ductilidad (CRD). Los marcos CRD forman el sistema estructural principal que mantiene la respuesta para el sismo m\u00e1ximo probable dentro de los l\u00edmites de ocupaci\u00f3n inmediata. El objetivo del proyecto era proteger los activos relacionados con la operaci\u00f3n del complejo industrial.[\/vc_column_text][\/vc_column][vc_column width=&#8221;2\/3&#8243;][vc_masonry_media_grid style=&#8221;lazy&#8221; element_width=&#8221;3&#8243; item=&#8221;masonryMedia_SimpleBlurWithScale&#8221; grid_id=&#8221;vc_gid:1760970825967-6c18759f-74df-2&#8243; include=&#8221;17578,17573,17568,17563,18391&#8243;][\/vc_column][\/vc_row][vc_row][vc_column width=&#8221;1\/3&#8243;][vc_column_text]<\/p>\n<h3>Escuela primaria Louis-H\u00e9bert, Montreal, QC.<\/h3>\n<p>La actualizaci\u00f3n de la capacidad s\u00edsmica de la escuela secundaria p\u00fablica se encarg\u00f3 como parte de los esfuerzos de mejora s\u00edsmica para mantener las instalaciones escolares y los eventuales refugios despu\u00e9s del terremoto para que cumplieran al menos con los requisitos m\u00ednimos de la norma s\u00edsmica. Los marcos con CRD se ubicaron donde el sistema estructural principal era inexistente o estaba por debajo de la capacidad m\u00ednima de requisito de las normas. Los frenos s\u00edsmicos se ensamblaron dentro del contraviento en el sitio para permitir un proceso de verificaci\u00f3n de instalaci\u00f3n menos complejo.[\/vc_column_text][\/vc_column][vc_column width=&#8221;2\/3&#8243;][vc_masonry_media_grid style=&#8221;lazy&#8221; element_width=&#8221;3&#8243; item=&#8221;masonryMedia_SimpleBlurWithScale&#8221; grid_id=&#8221;vc_gid:1760970825968-ad8a0348-9977-5&#8243; include=&#8221;17628,17633,17638,17643,17648,17653,17658,18344&#8243;][\/vc_column][\/vc_row][vc_row][vc_column width=&#8221;1\/3&#8243;][vc_column_text]<\/p>\n<h3>Punta de mita, Conrad resort, Riviera Nayarit, M\u00e9xico.<\/h3>\n<p>El bloque principal de habitaciones del hotel fue sometido a la actualizaci\u00f3n de su capacidad s\u00edsmica de acuerdo con la autoridad local y con las normas t\u00e9cnicas internacionales. El objetivo del proyecto era preparar la estructura para que pudiese ser ocupada despu\u00e9s del terremoto m\u00e1ximo probable prescrito para esta zona s\u00edsmica de alto riesgo en el Pac\u00edfico. Los CRD estaban equipados con frenos s\u00edsmicos de alta capacidad para reemplazar los muros de corte d\u00factil existentes que tengan capacidades por debajo del m\u00ednimo exigido por las normas. Durante el proyecto, la empresa de ingenier\u00eda coordin\u00f3 con precisi\u00f3n la ubicaci\u00f3n de los marcos con CRD para mantener despejada la vista al mar y minimizar la intervenci\u00f3n de la estructura. Cortes\u00eda de Consultores en Ingenier\u00eda Estructural S.A. de C.V.[\/vc_column_text][\/vc_column][vc_column width=&#8221;2\/3&#8243;][vc_masonry_media_grid style=&#8221;lazy&#8221; element_width=&#8221;3&#8243; item=&#8221;masonryMedia_SimpleBlurWithScale&#8221; grid_id=&#8221;vc_gid:1760970825970-f50a2721-f8a9-5&#8243; include=&#8221;17668,17673,17678,17683,17688&#8243;][\/vc_column][\/vc_row][vc_row][vc_column width=&#8221;1\/3&#8243;][vc_column_text]<\/p>\n<h3>Auckland University of Technology (AUT) A1 building, Auckland, NZ.<\/h3>\n<p>El edificio A1 marca un claro paso en la direcci\u00f3n de la sostenibilidad y la resiliencia. Al ser el edificio m\u00e1s bajo en huella carbono y m\u00e1s eficiente energ\u00e9ticamente del AUT, este concepto aborda los objetivos de cambio clim\u00e1tico y sostenibilidad en el centro de su dise\u00f1o. Los activos relacionados con la sostenibilidad tambi\u00e9n se incluyen dentro de la perspectiva resiliente, ya que generalmente son los primeros en da\u00f1arse durante los terremotos recurrentes. Los marcos principales de Atrium incluyen contravientos CRD, donde un freno s\u00edsmico Ten-Co de tensi\u00f3n-compresi\u00f3n est\u00e1 integrado en un contraviento y en marcos de madera laminada. Dise\u00f1o\u00a0por\u00a0Jasmax.[\/vc_column_text][\/vc_column][vc_column width=&#8221;2\/3&#8243;][vc_masonry_media_grid style=&#8221;lazy&#8221; element_width=&#8221;3&#8243; item=&#8221;masonryMedia_SimpleBlurWithScale&#8221; css=&#8221;&#8221; grid_id=&#8221;vc_gid:1760970825971-adb93c6f-a4a1-10&#8243; include=&#8221;17693,17698,17703,18834,18839,18844,18849&#8243;][\/vc_column][\/vc_row][vc_row][vc_column width=&#8221;1\/3&#8243;][vc_column_text]<\/p>\n<h3>Edificio industrial Pfizer, Montreal QC.<\/h3>\n<p>Estas instalaciones industriales y administrativas responden a posibles acciones s\u00edsmicas con marcos CRD estrat\u00e9gicamente ubicados. Presentaron una alternativa a los marcos con contravientos d\u00factiles y de pandeo restringido d\u00factiles com\u00fanmente invasivos, ya que la respuesta s\u00edsmica del sistema estructural principal y el dise\u00f1o por sismo se concentran en pocos marcos que albergan el CRD. Los frenos s\u00edsmicos forman el conjunto CRD que fue posible colocar en el sitio por las cuadrillas de construcci\u00f3n.[\/vc_column_text][\/vc_column][vc_column width=&#8221;2\/3&#8243;][vc_masonry_media_grid style=&#8221;lazy&#8221; element_width=&#8221;3&#8243; item=&#8221;masonryMedia_SimpleBlurWithScale&#8221; grid_id=&#8221;vc_gid:1760970825973-9484baf0-59fc-6&#8243; include=&#8221;17714,17719,17724,17729,17734&#8243;][\/vc_column][\/vc_row][vc_row][vc_column width=&#8221;1\/3&#8243;][vc_column_text]<\/p>\n<h3>Confederation heights, distrito de energ\u00eda del Gobierno Federal de Canad\u00e1, Ottawa, Canad\u00e1.<\/h3>\n<p>En un paso directo hacia la sostenibilidad y la reducci\u00f3n de emisiones, Obras P\u00fablicas del gobierno de Canad\u00e1 implementa el sistema de distritos de energ\u00eda para el complejo federal en Ottawa. Las plantas en el sistema calientan o enfr\u00edan 80 edificios de la regi\u00f3n de la capital, incluidos edificios de Alta importancia y de Infraestructura esencial, como el centro de datos de ingresos de Canad\u00e1, entre otros edificios gubernamentales. Esta planta central de calefacci\u00f3n y refrigeraci\u00f3n utiliza una red de distribuci\u00f3n para hacer que la refrigeraci\u00f3n y la calefacci\u00f3n de los edificios sean eficientes. La planta de las colinas de la Confederaci\u00f3n fue sometida a una actualizaci\u00f3n del dise\u00f1o por sismo ante la norma t\u00e9cnica que incluy\u00f3 contravientos CRD que incorporan frenos s\u00edsmicos dentro de contraviento. Permitieron mantener la arquitectura patrimonial en su lugar mientras minimizaban la intervenci\u00f3n para el aumento de capacidad del dise\u00f1o por sismo del edificio.[\/vc_column_text][\/vc_column][vc_column width=&#8221;2\/3&#8243;][vc_masonry_media_grid style=&#8221;lazy&#8221; element_width=&#8221;3&#8243; item=&#8221;masonryMedia_SimpleBlurWithScale&#8221; grid_id=&#8221;vc_gid:1760970825975-962b1f4b-472a-0&#8243; include=&#8221;17773,17783&#8243;][\/vc_column][\/vc_row][vc_row][vc_column width=&#8221;1\/3&#8243;][vc_column_text]<\/p>\n<h3>Torre Cuarzo, Mexico D.F, Mexico<\/h3>\n<p>A 180m de altura, Disipadores a Fricci\u00f3n protegen al Torre Cuarzo contra los fuertes sismos de la ciudad de M\u00e9xico. Manufacturados y testeados en nuestra planta en Montreal, Torre cuarzo usa m\u00e1s de 450 Disipadores s\u00edsmicos a Fricci\u00f3n. Con una alt\u00edsima inversi\u00f3n en acabados, los 47mil m2 de construcci\u00f3n del Torre Cuarzo ameritaban la m\u00e1xima protecci\u00f3n que solo los Disipadores a Fricci\u00f3n pod\u00edan brindar.[\/vc_column_text][\/vc_column][vc_column width=&#8221;2\/3&#8243;][vc_masonry_media_grid style=&#8221;lazy&#8221; element_width=&#8221;3&#8243; item=&#8221;masonryMedia_SimpleBlurWithScale&#8221; grid_id=&#8221;vc_gid:1760970825975-94b05b5f-b36b-10&#8243; include=&#8221;15390,15395,15291,15281,13414,13472,13412,13408&#8243;][\/vc_column][\/vc_row][vc_row][vc_column width=&#8221;1\/3&#8243;][vc_column_text]<\/p>\n<h3>Universidad de Trois Rivieres, Trois-Rivieres, Quebec, Canada<\/h3>\n<div>The seismic brakes were quickly installed in a phased approach allowing utilization of the building to quickly return to normal and the friction dampers remain hidden in the walls.<\/div>\n<div><\/div>\n<p>[\/vc_column_text][\/vc_column][vc_column width=&#8221;2\/3&#8243;][vc_masonry_media_grid style=&#8221;lazy&#8221; element_width=&#8221;3&#8243; item=&#8221;masonryMedia_SimpleBlurWithScale&#8221; grid_id=&#8221;vc_gid:1760970825977-9628f164-d316-5&#8243; include=&#8221;15247,15844&#8243;][\/vc_column][\/vc_row][vc_row][vc_column width=&#8221;1\/3&#8243;][vc_column_text]<\/p>\n<h3>Universidad de Laval &#8211;\u00a0 Pabell\u00f3n Alexandre Vachon, Quebec, Canad\u00e1<\/h3>\n<div>La reconocida universidad de Quebec fue rehabilitada en repetidas ocasiones con disipadores s\u00edsmicos a fricci\u00f3n. Para el reforzamiento estructural, los ingenieros estructurales tomaron ventaja de la naturaleza poco invasiva de la tecnolog\u00eda para reducir impacto en las operaciones. El uso de este tipo de protecci\u00f3n s\u00edsmica fue tambi\u00e9n fue una ayuda para la nueva distribuci\u00f3n de espacios en la nueva sede. As\u00ed, este antiguo edificio fue tra\u00eddo a al equivalente de la nueva planta en materia de capacidad s\u00edsmica.<\/div>\n<p>[\/vc_column_text][\/vc_column][vc_column width=&#8221;2\/3&#8243;][vc_masonry_media_grid style=&#8221;lazy&#8221; element_width=&#8221;3&#8243; item=&#8221;masonryMedia_SimpleBlurWithScale&#8221; grid_id=&#8221;vc_gid:1760970825978-536f74fa-827a-9&#8243; include=&#8221;14435,14430,15839,15834&#8243;][\/vc_column][\/vc_row][vc_row][vc_column width=&#8221;1\/3&#8243;][vc_column_text]<\/p>\n<h3>Escuela Saint-Odile School, Montreal, Quebec, Canada<\/h3>\n<div>This primary school underwent major renovations and needed to be brought up to the latest code standards. Ten-Co Friction force limiters were hidden within the walls to provide seismic protection while children spend their days learning and playing.<\/div>\n<p>[\/vc_column_text][\/vc_column][vc_column width=&#8221;2\/3&#8243;][vc_masonry_media_grid style=&#8221;lazy&#8221; element_width=&#8221;3&#8243; item=&#8221;masonryMedia_SimpleBlurWithScale&#8221; grid_id=&#8221;vc_gid:1760970825979-8e9dae16-9323-10&#8243; include=&#8221;15854,15859,15864&#8243;][\/vc_column][\/vc_row][vc_row][vc_column width=&#8221;1\/3&#8243;][vc_column_text]<\/p>\n<h3>CHAUR de Trois Rivieres<\/h3>\n<div>The hospital in Trois rivieres was retrofitted using Quaketek&#8217;s Seismic brakes allowing for important project savings allowing the project to be quickly and efficiently realized.<\/div>\n<div><\/div>\n<p>[\/vc_column_text][\/vc_column][vc_column width=&#8221;2\/3&#8243;][vc_masonry_media_grid style=&#8221;lazy&#8221; element_width=&#8221;3&#8243; item=&#8221;masonryMedia_SimpleBlurWithScale&#8221; grid_id=&#8221;vc_gid:1760970825980-c84873a3-a097-9&#8243; include=&#8221;15227,15799,15804,15814&#8243;][\/vc_column][\/vc_row][vc_row][vc_column width=&#8221;1\/3&#8243;][vc_column_text]<\/p>\n<h3>Hospital de Alma, Quebec, Canad\u00e1<\/h3>\n<div>El hospital de la ciudad de Alma, sufri\u00f3 una rehabilitaci\u00f3n estructural con disipadores s\u00edsmicos a fricci\u00f3n que le permite permanecer operacional durante y despu\u00e9s del sismo. Adicionalmente, su nuevo servicio de urgencias cuenta tambi\u00e9n con esta protecci\u00f3n. (Fotos cortes\u00eda de CIUSSS du Saguenay-Lac-St-Jean)<\/div>\n<p>[\/vc_column_text][\/vc_column][vc_column width=&#8221;2\/3&#8243;][vc_masonry_media_grid style=&#8221;lazy&#8221; element_width=&#8221;3&#8243; item=&#8221;masonryMedia_SimpleBlurWithScale&#8221; grid_id=&#8221;vc_gid:1760970825981-0bec0afb-51cc-1&#8243; include=&#8221;13422,13420,15876,15871&#8243;][\/vc_column][\/vc_row][vc_row][vc_column width=&#8221;1\/3&#8243;][vc_column_text]<\/p>\n<h3>CHUS Fleurimont, Sherbrooke, Canad\u00e1<\/h3>\n<p>El hospital de la ciudad de Sherbrook, ha sido intervenido en periodos intermitentes durante los \u00faltimos 10 a\u00f1os para traerlo a un desempe\u00f1o operacional en caso de sismos. Para esto, la rehabilitaci\u00f3n estructural con disipadores s\u00edsmicos a fricci\u00f3n fue fundamental pues permite realizar todo el proyecto por etapas garantizando la minina interrupci\u00f3n de servicios. El proceso de instalaci\u00f3n es muchos menos invasivo y no es necesario intervenir las fundaciones. (Fotos cortes\u00eda de CHUS Fleurimont)[\/vc_column_text][\/vc_column][vc_column width=&#8221;2\/3&#8243;][vc_masonry_media_grid style=&#8221;lazy&#8221; element_width=&#8221;3&#8243; item=&#8221;masonryMedia_SimpleBlurWithScale&#8221; grid_id=&#8221;vc_gid:1760970825982-cedf9351-346e-6&#8243; include=&#8221;13426,15819,15829&#8243;][\/vc_column][\/vc_row][vc_row][vc_column width=&#8221;1\/3&#8243;][vc_column_text]<\/p>\n<h3>Valle de Lili, Cali, Colombia<\/h3>\n<p>La prestigiosa fundaci\u00f3n Valle del Lili, fue sometida a una rehabilitaci\u00f3n estructural que la protege de sismos y permite que no tenga que interrumpir sus operaciones debido a da\u00f1os posteriores. Mejor a\u00fan, el proceso de intervenci\u00f3n garantiz\u00f3 el menor traumatismo para las operaciones corrientes y permite una muy buena adaptaci\u00f3n de nuevas ampliaciones siguiendo el mismo patr\u00f3n de protecci\u00f3n con los disipadores s\u00edsmicos a fricci\u00f3n. (Fotos cortes\u00eda de Tecnocientific S.A.S)[\/vc_column_text][\/vc_column][vc_column width=&#8221;2\/3&#8243;][vc_masonry_media_grid style=&#8221;lazy&#8221; element_width=&#8221;3&#8243; item=&#8221;masonryMedia_SimpleBlurWithScale&#8221; grid_id=&#8221;vc_gid:1760970825983-bea4db8e-e070-8&#8243; include=&#8221;14405,15267,15272&#8243;][\/vc_column][\/vc_row][\/vc_section][vc_section][vc_row][vc_column][vc_column_text]<\/p>\n<h2 style=\"text-align: center;\"><span style=\"color: #00205f;\"><strong>Legado de Aplicaciones<\/strong><\/span><\/h2>\n<p>[\/vc_column_text][vc_column_text]Quaketek tiene una larga historia de excelencia <strong>(<a href=\"https:\/\/quaketek.com\/es\/quienes-somos\/\">leer m\u00e1s<\/a>) <\/strong>en la manufactura de tecnolog\u00edas de protecci\u00f3n s\u00edsmica inspirada de las innovaciones de nuestro fundador y su dedicaci\u00f3n a la calidad. Tal es nuestro compromiso con la calidad y la confianza en la tecnolog\u00eda, que edificios que tienen disipadores s\u00edsmicos manufacturados desde la planta de Mechtronix (una lista parcial abajo) pueden ser elegibles para la garant\u00eda extendida de manufactura por parte de Quaketek. Por favor no dude en <a href=\"https:\/\/quaketek.com\/es\/contacto\/\">contactarnos<\/a> por mas detalles de como aplicar a la garant\u00eda extendida.[\/vc_column_text][\/vc_column][\/vc_row][vc_row][vc_column width=&#8221;1\/3&#8243;][vc_column_text]Centro comercial Eaton Center, Montreal Centro comercial Carrefour Laval, Laval Tienda deportiva Sport Experts, Laval Hotel Wilkes Bashford, Palo Alto Escuela Superior de Tecnolog\u00eda de Montreal Facultad de Ingenier\u00edas Universidad de la Concordia, Montreal Escuela de Negocios John Molson School, Montreal Agencia Espacial Canadiense, St. Hubert Cuartel General de la Polic\u00eda Provincial, Montreal Embajada Canadiense, Beijing Cuartel General del Departamento de Justicia Canadiense, Ottawa Embajada Canadiense, Teher\u00e1n Edificio de Gobierno del Condado de Monterrey, CA Edificio Federal de Investigaci\u00f3n Electr\u00f3nica, Ottawa Edificio Emergencias 911, Quebec Estaci\u00f3n De Polic\u00eda de Longeuil Agencia Espacial Canadiense, Montreal Centro de Soporte de Ottawa Centro de Investigaci\u00f3n Sir F. Banting, Ottawa Embajada Canadiense, Islamabad[\/vc_column_text][\/vc_column][vc_column width=&#8221;1\/3&#8243;][vc_column_text]Hospital de Sainte-Hyacinte Hospital St. Luc, Montreal Hospital St. Vincent, Ottawa Hospital St. Justin, Montreal St. Joseph Medical Center, Tacoma Hospital Tunal, Bogot\u00e1 Hospital General Jud\u00edo, Montreal Hospital Fray Bartolom\u00e9 de las Casas, Bogot\u00e1 Hospital General de Montreal Hospital San Vicente de Paul, Medell\u00edn Instituto de Salud mental, Quebec Hospital Valle del Lili, Cali Hospital San Juan de Dios, Armenia Hospital de Sherbrooke Hospital de Riviere du Loup Hospital de Alma[\/vc_column_text][\/vc_column][vc_column width=&#8221;1\/3&#8243;][vc_column_text]Hangar de Aerol\u00edneas Alaska, Renton Complejo Industrial Boeing, Everett Complejo Industrial Boeing, Renton Complejo Industrial Singer, St-Jean sur Richelieu Edificio EDATEL, Medellin Casino de Montreal Centro de Convenciones, Montreal Torre Cuarzo, Mexico city Le Nouvelle Europa condominio, Montreal Les jardin Westmount condominio, Montreal Tanque elevado del Reservorio de Sacramento Tanque elevado del Reservorio de Renton Highlands Tanque elevado del Reservorio de Rolling Hills[\/vc_column_text][\/vc_column][\/vc_row][\/vc_section][vc_row][vc_column][vc_column_text]<\/p>\n<h2 style=\"text-align: center;\"><a href=\"https:\/\/quaketek.com\/wp-content\/uploads\/2018\/05\/Aplicaciones-America-Latina-1.pdf\"><span style=\"color: #00205f;\"><strong>Aplicaciones destacadas en Am\u00e9rica Latina<\/strong><\/span><\/a><\/h2>\n<p>[\/vc_column_text][vc_column_text][\/vc_column_text][\/vc_column][\/vc_row]<\/p>\n<\/div>","protected":false},"excerpt":{"rendered":"<p>[vc_section][vc_row][vc_column css=&#8221;.vc_custom_1494295823430{background-position: 0 0 !important;background-repeat: repeat !important;}&#8221;][vc_column_text] Aplicaciones Destacadas [\/vc_column_text][\/vc_column][\/vc_row][vc_row][vc_column width=&#8221;1\/3&#8243;][vc_column_text] Edificio industrial Pharmaguild, Montreal, QC. Para un centro industrial\/administrativo, los frenos s\u00edsmicos se ensamblaron dentro<span class=\"excerpt-hellip\"> [\u2026]<\/span><\/p>\n","protected":false},"author":1,"featured_media":0,"parent":0,"menu_order":0,"comment_status":"closed","ping_status":"closed","template":"","meta":{"footnotes":""},"yst_prominent_words":[89,141,90,92],"class_list":["post-13695","page","type-page","status-publish","hentry"],"_links":{"self":[{"href":"https:\/\/quaketek.com\/es\/wp-json\/wp\/v2\/pages\/13695","targetHints":{"allow":["GET"]}}],"collection":[{"href":"https:\/\/quaketek.com\/es\/wp-json\/wp\/v2\/pages"}],"about":[{"href":"https:\/\/quaketek.com\/es\/wp-json\/wp\/v2\/types\/page"}],"author":[{"embeddable":true,"href":"https:\/\/quaketek.com\/es\/wp-json\/wp\/v2\/users\/1"}],"replies":[{"embeddable":true,"href":"https:\/\/quaketek.com\/es\/wp-json\/wp\/v2\/comments?post=13695"}],"version-history":[{"count":7,"href":"https:\/\/quaketek.com\/es\/wp-json\/wp\/v2\/pages\/13695\/revisions"}],"predecessor-version":[{"id":18854,"href":"https:\/\/quaketek.com\/es\/wp-json\/wp\/v2\/pages\/13695\/revisions\/18854"}],"wp:attachment":[{"href":"https:\/\/quaketek.com\/es\/wp-json\/wp\/v2\/media?parent=13695"}],"wp:term":[{"taxonomy":"yst_prominent_words","embeddable":true,"href":"https:\/\/quaketek.com\/es\/wp-json\/wp\/v2\/yst_prominent_words?post=13695"}],"curies":[{"name":"wp","href":"https:\/\/api.w.org\/{rel}","templated":true}]}}