{"id":13803,"date":"2017-12-22T14:47:12","date_gmt":"2017-12-22T19:47:12","guid":{"rendered":"https:\/\/www.quaketek.com\/quienes-somos\/"},"modified":"2018-01-03T12:13:49","modified_gmt":"2018-01-03T17:13:49","slug":"quienes-somos","status":"publish","type":"page","link":"https:\/\/quaketek.com\/es\/quienes-somos\/","title":{"rendered":"Quienes Somos"},"content":{"rendered":"<div class=\"wpb-content-wrapper\"><p>[vc_section][vc_row][vc_column][vc_column_text]Quaketek se esfuerza por hacer que las tecnolog\u00edas s\u00edsmicas sean m\u00e1s accesibles para todos. Fundado por Joaquim Frazao con su experiencia en fabricaci\u00f3n y disipadores a fricci\u00f3n, Quaketek fue creado para mejorar la calidad de las tecnolog\u00edas de protecci\u00f3n contra terremotos, a la vez que reduce sus costos.<\/p>\n<p>Con demasiada frecuencia, los ingenieros utilizan los m\u00e9todos tradicionales de fuerza bruta en gran parte debido al costo inflado de las tecnolog\u00edas s\u00edsmicas debido a la falta de competencia responsable. Estos m\u00e9todos tradicionales son demasiado comunes, no porque sean la mejor soluci\u00f3n, sino porque sol\u00edan ser los m\u00e1s econ\u00f3micos. Los muros de cortante y los marcos con armadura conc\u00e9ntrica tradicional son la norma en la industria actual y esto es preocupante. Si bien los m\u00e9todos de dise\u00f1o a menudo son s\u00f3lidos, la ejecuci\u00f3n var\u00eda mucho de una compa\u00f1\u00eda a la siguiente y la falta de supervisi\u00f3n y pruebas ha demostrado ser peligrosa en muchos terremotos en todo el mundo.<\/p>\n<p>Las tecnolog\u00edas s\u00edsmicas rentables, confiables y probadas ofrecen al mundo una mejor manera de proteger los edificios contra los terremotos y la misi\u00f3n de Quaketek es llevar estas tecnolog\u00edas a la corriente principal.[\/vc_column_text][\/vc_column][\/vc_row][\/vc_section][vc_section][vc_row][vc_column][vc_column_text]<\/p>\n<h2>Planta de producci\u00f3n<\/h2>\n<p>Ubicada en Montreal, Canad\u00e1, la principal instalaci\u00f3n de producci\u00f3n est\u00e1 dedicada y dise\u00f1ada para la fabricaci\u00f3n de\u00a0 disipadores a fricci\u00f3n. Nuestras instalaciones de producci\u00f3n utilizan lo \u00faltimo en tecnolog\u00eda y equipos automatizados para una mayor precisi\u00f3n, mejor calidad y menor costo. La instalaci\u00f3n tambi\u00e9n cuenta con un \u00e1rea de prueba dedicada y climatizada donde cada uno de nuestros disipadores se calibra, prueba y serializa individualmente.<\/p>\n<p>Quaketek est\u00e1 integrado verticalmente, por lo que los disipadores est\u00e1n dise\u00f1ados, fabricados, ensamblados y probados en todas nuestras instalaciones de Montreal. Esto proporciona varios beneficios directos:<\/p>\n<ul>\n<li>Permite a los ingenieros adaptar el producto a las necesidades t\u00e9cnicas de un proyecto sin comprometer la capacidad de fabricaci\u00f3n y la programaci\u00f3n de producci\u00f3n.<\/li>\n<li>Nuestra fabricaci\u00f3n se centra en la construcci\u00f3n de disipadores\u00a0 y todos los equipos han sido seleccionados y personalizados para ese fin. Esto hace que la instalaci\u00f3n sea altamente eficiente y mantiene bajos los costos y la calidad.<\/li>\n<li>Construir todo &#8220;en casa&#8221; ha mejorado significativamente los plazos de entrega. Tener el control del cronograma de producci\u00f3n permite entregas r\u00e1pidas o entregas justo a tiempo (JIT) seg\u00fan las necesidades del cliente.<\/li>\n<li>Nuestro riguroso equipo de prueba ha sido dise\u00f1ado a medida desde cero para ser optimizado para la producci\u00f3n. Esto nos permite probar cada disipador al desplazamiento completo esperado en el Sismo Maximo Probable (MCE)\u00a0 y su fuerza correspondiente sin aumentar el costo del producto y superar los requisitos de prueba de muchos c\u00f3digos de construcci\u00f3n internacionales..<\/li>\n<\/ul>\n<p>[\/vc_column_text][\/vc_column][\/vc_row][\/vc_section][vc_section css=&#8221;.vc_custom_1513895497118{margin-bottom: 0px !important;border-bottom-width: 0px !important;}&#8221;][vc_row content_placement=&#8221;top&#8221; css=&#8221;.vc_custom_1513895454406{margin-bottom: 0px !important;border-bottom-width: 0px !important;padding-bottom: 0px !important;}&#8221;][vc_column width=&#8221;2\/3&#8243; css=&#8221;.vc_custom_1513966353894{margin-bottom: 0px !important;border-bottom-width: 0px !important;padding-bottom: 0px !important;}&#8221;][vc_column_text css=&#8221;.vc_custom_1513966344400{margin-bottom: 0px !important;border-bottom-width: 0px !important;padding-bottom: 0px !important;}&#8221;]<\/p>\n<h2>Antecedentes e historia<\/h2>\n<p>La historia de Quaketek se remonta a 1987, cuando el Sr. Frazao desarroll\u00f3 la tecnolog\u00eda de superficie de fricci\u00f3n que limita los efectos de la fluencia, la corrosi\u00f3n y el deslizamiento de las pastillas en los disipadores s\u00edsmicos a fricci\u00f3n. El Sr. Frazao fue cofundador de Mechtronix Systems inc.\u00a0 y desde entonces ha fabricado disipadores utilizados en cientos de edificios de todo el mundo. Quaketek ha continuado con la tradici\u00f3n de los disipadores a fricci\u00f3n de alta calidad utilizando los mismos m\u00e9todos y ha mejorado a\u00fan m\u00e1s la precisi\u00f3n y calidad invirtiendo en nuestras instalaciones de producci\u00f3n dedicadas.[\/vc_column_text][\/vc_column][vc_column width=&#8221;1\/3&#8243; css=&#8221;.vc_custom_1513966322885{margin-top: 0px !important;margin-bottom: 0px !important;border-top-width: 0px !important;border-bottom-width: 0px !important;padding-top: 0px !important;padding-bottom: 0px !important;}&#8221;][vc_single_image image=&#8221;13653&#8243; img_size=&#8221;full&#8221; css=&#8221;.vc_custom_1513966304159{margin-top: 0px !important;margin-bottom: 0px !important;border-top-width: 0px !important;border-bottom-width: 0px !important;padding-top: 0px !important;padding-bottom: 0px !important;}&#8221;][\/vc_column][\/vc_row][vc_row css=&#8221;.vc_custom_1513895920407{margin-top: 0px !important;margin-bottom: 0px !important;border-top-width: 0px !important;border-bottom-width: 0px !important;padding-top: 0px !important;padding-bottom: 0px !important;}&#8221;][vc_column css=&#8221;.vc_custom_1513966497898{margin-top: 0px !important;border-top-width: 0px !important;padding-top: 0px !important;}&#8221;][vc_column_text]Extracto de una entrevista con nuestro fundador, Joaquim Frazao:[\/vc_column_text][vc_tta_accordion style=&#8221;flat&#8221; shape=&#8221;square&#8221; color=&#8221;white&#8221; active_section=&#8221;1&#8243; css=&#8221;.vc_custom_1513895317058{margin-top: 0px !important;border-top-width: 0px !important;padding-top: 0px !important;}&#8221;][vc_tta_section title=&#8221;\u00bfC\u00f3mo comenz\u00f3 a trabajar con disipadores a fricci\u00f3n?&#8221; tab_id=&#8221;1513885019734-22fcd393-8dfa&#8221;][vc_column_text]Estaba estudiando ingenier\u00eda mec\u00e1nica y trabajando en mi maestr\u00eda en la Universidad Concordia en Montreal. Fue aqu\u00ed donde me di cuenta de los numerosos desaf\u00edos interdisciplinarios que enfrentan los ingenieros en ese momento. Conoc\u00ed a un grupo de compa\u00f1eros de estudios con diversas especialidades en ingenier\u00eda y juntos fundamos Mechtronix Systems inc. con el objetivo de desarrollar soluciones interdisciplinarias para los desaf\u00edos de la ingenier\u00eda, de ah\u00ed viene el nombre Mechtronix (Mechanical y Electronics). Fue en estos primeros d\u00edas que surgi\u00f3 una oportunidad interesante, un profesor bien conocido en la Universidad de Concordia tuvo un problema desafiante. Hab\u00eda patentado un disipador a fricci\u00f3n pero necesitaba expertos en fabricaci\u00f3n y materiales para fabricarlo. Con un primer pedido de 150 disipadores a fricci\u00f3n para ser instalados en el edificio de la Biblioteca Concordia en Maisonneuve, r\u00e1pidamente me puse a trabajar tratando de encontrar la forma de entregar esa primera producci\u00f3n, y me di cuenta de que hab\u00eda mucho espacio para mejorar.[\/vc_column_text][\/vc_tta_section][vc_tta_section title=&#8221;\u00bfPor qu\u00e9 esta interesado en hacer mejoras en la tecnologia?&#8221; tab_id=&#8221;1513885019767-d7c0cdaa-5e97&#8243;][vc_column_text]Bueno, la idea original (y patente) para el disipadore a fricci\u00f3n s\u00edsmico era usar pastillas de freno o placas de bronce para generar fricci\u00f3n, pero el desaf\u00edo era que la carga de deslizamiento cambiar\u00eda con el tiempo debido a la fricci\u00f3n en la almohadilla de fricci\u00f3n y la carga de los pernos . Al estar involucrado en la industria aeroespacial y haber estudiado ingenier\u00eda mec\u00e1nica, estaba familiarizado con una serie de m\u00e9todos para controlar la fricci\u00f3n en elementos particulares de equipamiento aeroespacial . Con mucha curiosidad y una necesidad innata de &#8220;encontrar una mejor manera&#8221;, ide\u00e9 m\u00e9todos y procesos de fabricaci\u00f3n que dieron lugar a juntas deslizantes por fricci\u00f3n con cambio m\u00ednimo a largo plazo, sin riesgo de corrosi\u00f3n galv\u00e1nica y sin comportamiento de adherencia. Estas innovaciones permitieron una mejora importante de las tecnolog\u00edas de disipadores a fricci\u00f3n, un disipador que podr\u00eda mantener una fuerza de accionamiento estable durante toda la vida \u00fatil de un edificio. Usando estos nuevos m\u00e9todos, Mechtronix pudo mantener la exclusividad en la fabricaci\u00f3n de una marca destacada y construimos miles de amortiguadores que hoy en d\u00eda se utilizan en edificios de todo el mundo.[\/vc_column_text][\/vc_tta_section][vc_tta_section title=&#8221;\u00bfPor qu\u00e9 le ha tomado tanto tiempo dedicarse por completo a producir disipadores de fricci\u00f3n?&#8221; tab_id=&#8221;1513885131407-5395f4b5-01b7&#8243;][vc_column_text]Bueno, Mechtronix se centr\u00f3 principalmente en otro desaf\u00edo interdisciplinario, los dispositivos de simulaci\u00f3n de vuelo. La compa\u00f1\u00eda tuvo un gran \u00e9xito innovando en el mercado de la simulaci\u00f3n y ayud\u00f3 a hacer el entrenamiento de vuelo m\u00e1s accesible, reduciendo el costo de un simulador de vuelo completo en m\u00e1s del 50%. Cuando se vendi\u00f3 la empresa y se centr\u00f3 exclusivamente en el sector aeroespacial, sab\u00edamos que la fabricaci\u00f3n de disipadores deb\u00eda continuar. Entonces, en 2015, me asoci\u00e9 con mis hijos y fund\u00e9 Quaketek con un objetivo simple: hacer que la protecci\u00f3n contra terremotos sea f\u00e1cil y accesible para todas las personas que viven en una regi\u00f3n s\u00edsmica. La idea b\u00e1sica es hacer para la seguridad de los terremotos lo que hicimos para la seguridad de la aviaci\u00f3n.<br \/>\nEl concepto era simple, establecer una instalaci\u00f3n especialmente dise\u00f1ada para fabricar disipadores\u00a0s\u00edsmicos a\u00a0fricci\u00f3n con el fin de obtener econom\u00edas de escala, utilizar los mismos m\u00e9todos y t\u00e9cnicas de fabricaci\u00f3n desarrollados en los \u00faltimos 30 a\u00f1os, mejorar la calidad general y la coherencia e innovar un poco m\u00e1s. Estas econom\u00edas de escala se pueden utilizar para reducir el precio de mercado actual de los disipadores a fricci\u00f3n haci\u00e9ndolos competitivos con la construcci\u00f3n tradicional y las tecnolog\u00edas de uso \u00fanico (rendimiento) como los BRB. Queremos innovar a\u00fan m\u00e1s porque hay muchas otras industrias en las que las tecnolog\u00edas de fricci\u00f3n pueden ayudar a proteger a las personas, y bueno..porque, es parte de nosotros el\u00a0 tratar constantemente de mejorar &#8230;[\/vc_column_text][\/vc_tta_section][vc_tta_section title=&#8221; \u00bfQue sigue ahora?&#8221; tab_id=&#8221;1513885171741-304c653f-eba0&#8243;][vc_column_text]Vemos dos desaf\u00edos principales para aumentar el uso de disipadres s\u00edsmicos a fricci\u00f3n. El primer desaf\u00edo es la educaci\u00f3n. Muchas personas creen que las tecnolog\u00edas de protecci\u00f3n s\u00edsmica son caras y \/ o dif\u00edciles de usar, aunque eso es cierto para algunas tecnolog\u00edas, el disipador en linea a fricci\u00f3n tiende a ser lo contrario. Las tecnolog\u00edas de disipaci\u00f3n a fricci\u00f3n como la de Quaketek no dependen de la velocidad y son Fuerzas de accionamiento estables que facilitan el dise\u00f1o. Con los c\u00f3digos de construcci\u00f3n que ahora brindan orientaci\u00f3n sobre los factores de reduccion para los disipadores a fricci\u00f3n (por ejemplo, el cap\u00edtulo de disipaci\u00f3n NCh 3411 de Chile) creemos que m\u00e1s ingenieros utilizar\u00e1n estas pautas para integrar disipadores s\u00edsmicos.<br \/>\nEl segundo desaf\u00edo principal es econ\u00f3mico. Desarrolladores e ingenieros por igual, a veces creen que la integraci\u00f3n de disipadores aumentar\u00e1 el costo total de su proyecto. En realidad, los disipadores a fricci\u00f3n tienden a disminuir los costos estructurales al reducir la demanda en los elementos estructurales principales. Debido a que los disipadores disipan la energ\u00eda s\u00edsmica, las columnas, las vigas y los cimientos solo necesitan resistir una fuerza menor. El ahorro en elementos estructurales suele ser suficiente para pagar los disipadores instalados y a\u00fan as\u00ed ver ahorros.<br \/>\nPor supuesto, el desaf\u00edo subyacente sigue siendo relevante en un mundo tecnol\u00f3gico en constante cambio, por lo que seguimos escuchando atentamente las necesidades de nuestros clientes e invertimos mucho en I + D para hacer frente a sus desaf\u00edos cotidianos.[\/vc_column_text][\/vc_tta_section][\/vc_tta_accordion][\/vc_column][\/vc_row][\/vc_section]<\/p>\n<\/div>","protected":false},"excerpt":{"rendered":"<p>[vc_section][vc_row][vc_column][vc_column_text]Quaketek se esfuerza por hacer que las tecnolog\u00edas s\u00edsmicas sean m\u00e1s accesibles para todos. Fundado por Joaquim Frazao con su experiencia en fabricaci\u00f3n y disipadores a<span class=\"excerpt-hellip\"> [\u2026]<\/span><\/p>\n","protected":false},"author":1,"featured_media":0,"parent":0,"menu_order":0,"comment_status":"closed","ping_status":"closed","template":"","meta":{"footnotes":""},"yst_prominent_words":[],"class_list":["post-13803","page","type-page","status-publish","hentry"],"_links":{"self":[{"href":"https:\/\/quaketek.com\/es\/wp-json\/wp\/v2\/pages\/13803","targetHints":{"allow":["GET"]}}],"collection":[{"href":"https:\/\/quaketek.com\/es\/wp-json\/wp\/v2\/pages"}],"about":[{"href":"https:\/\/quaketek.com\/es\/wp-json\/wp\/v2\/types\/page"}],"author":[{"embeddable":true,"href":"https:\/\/quaketek.com\/es\/wp-json\/wp\/v2\/users\/1"}],"replies":[{"embeddable":true,"href":"https:\/\/quaketek.com\/es\/wp-json\/wp\/v2\/comments?post=13803"}],"version-history":[{"count":31,"href":"https:\/\/quaketek.com\/es\/wp-json\/wp\/v2\/pages\/13803\/revisions"}],"predecessor-version":[{"id":13982,"href":"https:\/\/quaketek.com\/es\/wp-json\/wp\/v2\/pages\/13803\/revisions\/13982"}],"wp:attachment":[{"href":"https:\/\/quaketek.com\/es\/wp-json\/wp\/v2\/media?parent=13803"}],"wp:term":[{"taxonomy":"yst_prominent_words","embeddable":true,"href":"https:\/\/quaketek.com\/es\/wp-json\/wp\/v2\/yst_prominent_words?post=13803"}],"curies":[{"name":"wp","href":"https:\/\/api.w.org\/{rel}","templated":true}]}}