{"id":16846,"date":"2022-09-03T18:52:23","date_gmt":"2022-09-03T23:52:23","guid":{"rendered":"https:\/\/www.quaketek.com\/?page_id=16846"},"modified":"2022-12-28T16:26:19","modified_gmt":"2022-12-28T21:26:19","slug":"configuraciones-de-instalacion","status":"publish","type":"page","link":"https:\/\/quaketek.com\/es\/configuraciones-de-instalacion\/","title":{"rendered":"Configuraciones de instalaci\u00f3n"},"content":{"rendered":"<div class=\"wpb-content-wrapper\"><p>[vc_row full_width=&#8221;stretch_row_content_no_spaces&#8221; full_height=&#8221;yes&#8221; content_placement=&#8221;middle&#8221; css=&#8221;.vc_custom_1662383840565{margin-top: -30px !important;margin-bottom: -8em !important;background-image: url(https:\/\/quaketek.com\/wp-content\/uploads\/2022\/09\/YRB_in_diagonal_Banner.jpg?id=16781) !important;background-position: center !important;background-repeat: no-repeat !important;background-size: cover !important;}&#8221;][vc_column][vc_column_text]<\/p>\n<h1 class=\"vc_custom_heading\" style=\"text-align: center; font-size: 50px; font-weight: bold; line-height: 55px;\">Diferentes configuraciones<br \/>\nde instalaci\u00f3n<\/h1>\n<p>[\/vc_column_text][\/vc_column][\/vc_row][vc_row equal_height=&#8221;yes&#8221; content_placement=&#8221;middle&#8221;][vc_column][vc_row_inner equal_height=&#8221;yes&#8221; content_placement=&#8221;middle&#8221; gap=&#8221;15&#8243;][vc_column_inner width=&#8221;1\/2&#8243;][vc_column_text]<\/p>\n<h2 style=\"text-align: right; font-weight: 500; font-size: 25px;\">Marcos con contravientos<br \/>\nconc\u00e9ntricos<\/h2>\n<p>[\/vc_column_text][vc_column_text]<\/p>\n<p style=\"text-align: right;\">Es tal vez una de las opciones m\u00e1s comunes cuando se usan marcos con contravientos conc\u00e9ntricos. Puede ser usada virtualmente en todo tipo de estructuras o materiales constructivos. Las conexiones de contravientos pueden ser integradas a estructuras en concreto, acero o madera.<\/p>\n<p>[\/vc_column_text][\/vc_column_inner][vc_column_inner width=&#8221;1\/2&#8243;][vc_gallery type=&#8221;flexslider_slide&#8221; interval=&#8221;3&#8243; images=&#8221;17068,17073,17078,17083,17088,17093&#8243; img_size=&#8221;full&#8221;][\/vc_column_inner][\/vc_row_inner][\/vc_column][\/vc_row][vc_row equal_height=&#8221;yes&#8221; content_placement=&#8221;middle&#8221;][vc_column][vc_row_inner equal_height=&#8221;yes&#8221; content_placement=&#8221;middle&#8221; gap=&#8221;15&#8243;][vc_column_inner width=&#8221;1\/2&#8243;][vc_gallery type=&#8221;flexslider_slide&#8221; interval=&#8221;3&#8243; images=&#8221;17098,17103,17108,17113,17118,17123&#8243; img_size=&#8221;full&#8221;][\/vc_column_inner][vc_column_inner width=&#8221;1\/2&#8243;][vc_column_text]<\/p>\n<h2 style=\"font-weight: 500; text-align: left; font-size: 25px;\">Marcos con contravientos<br \/>\nconc\u00e9ntricos en Chevron<\/h2>\n<p>[\/vc_column_text][vc_column_text]<\/p>\n<p style=\"text-align: left;\">Despu\u00e9s de la configuraci\u00f3n con marcos con contravientos conc\u00e9ntricos es tambi\u00e9n muy com\u00fan. Cuando se usa, los frenos s\u00edsmicos pueden ser ubicados en cualquiera de los contravientos para formar un Contraviento Restringido a la Ductilidad (CRD). Tambi\u00e9n pueden ser ubicados en el plano horizontal del v\u00e9rtice para aprovechar el desplazamiento lateral s\u00edsmico del marco contraventeado.<\/p>\n<p>[\/vc_column_text][\/vc_column_inner][\/vc_row_inner][\/vc_column][\/vc_row][vc_row equal_height=&#8221;yes&#8221; content_placement=&#8221;middle&#8221;][vc_column][vc_row_inner equal_height=&#8221;yes&#8221; content_placement=&#8221;middle&#8221; gap=&#8221;15&#8243;][vc_column_inner width=&#8221;1\/2&#8243;][vc_column_text]<\/p>\n<h2 style=\"text-align: right; font-weight: 500; font-size: 25px;\">Toggles<\/h2>\n<p>[\/vc_column_text][vc_column_text]<\/p>\n<p style=\"text-align: right;\">Es una variaci\u00f3n del marco con contravientos conc\u00e9ntricos. Es \u00fatil cuando se quiere atravesar espacios complicados o cuando se quiere amplificar la energ\u00eda s\u00edsmica a disipar.<\/p>\n<p>[\/vc_column_text][\/vc_column_inner][vc_column_inner width=&#8221;1\/2&#8243;][vc_gallery type=&#8221;flexslider_slide&#8221; interval=&#8221;3&#8243; images=&#8221;17128,17133&#8243; img_size=&#8221;full&#8221;][\/vc_column_inner][\/vc_row_inner][\/vc_column][\/vc_row][vc_row equal_height=&#8221;yes&#8221; content_placement=&#8221;middle&#8221;][vc_column][vc_row_inner equal_height=&#8221;yes&#8221; content_placement=&#8221;middle&#8221; gap=&#8221;15&#8243;][vc_column_inner width=&#8221;1\/2&#8243;][vc_gallery type=&#8221;flexslider_slide&#8221; interval=&#8221;3&#8243; images=&#8221;17138,17143,17148,17153&#8243; img_size=&#8221;full&#8221;][\/vc_column_inner][vc_column_inner width=&#8221;1\/2&#8243;][vc_column_text]<\/p>\n<h2 style=\"font-weight: 500; text-align: left; font-size: 25px;\">Muros de concreto, trabes de<br \/>\nacoplamiento y muros rocking wall<\/h2>\n<p>[\/vc_column_text][vc_column_text]En algunos casos, cuando los muros de concreto son el sistema estructural, los frenos s\u00edsmicos se pueden ubicar en las trabes de acoplamiento para evitar el da\u00f1o que ocurre en estos elementos y permitir el trabajo sin da\u00f1o en los muros de concreto. Tambi\u00e9n se pueden ubicar los frenos s\u00edsmicos en posici\u00f3n horizontal en la direcci\u00f3n del cortante s\u00edsmico.<\/p>\n<p style=\"text-align: left;\">Alternativamente, en los muros tipo \u201crocking wall\u201d los frenos s\u00edsmicos son ubicados en las zonas donde usualmente ocurrir\u00eda el da\u00f1o por compresi\u00f3n en el muro de concreto o madera.<\/p>\n<p>[\/vc_column_text][\/vc_column_inner][\/vc_row_inner][\/vc_column][\/vc_row]<\/p>\n<\/div>","protected":false},"excerpt":{"rendered":"<p>[vc_row full_width=&#8221;stretch_row_content_no_spaces&#8221; full_height=&#8221;yes&#8221; content_placement=&#8221;middle&#8221; css=&#8221;.vc_custom_1662383840565{margin-top: -30px !important;margin-bottom: -8em !important;background-image: url(https:\/\/quaketek.com\/wp-content\/uploads\/2022\/09\/YRB_in_diagonal_Banner.jpg?id=16781) !important;background-position: center !important;background-repeat: no-repeat !important;background-size: cover !important;}&#8221;][vc_column][vc_column_text] Diferentes configuraciones de instalaci\u00f3n [\/vc_column_text][\/vc_column][\/vc_row][vc_row equal_height=&#8221;yes&#8221; content_placement=&#8221;middle&#8221;][vc_column][vc_row_inner equal_height=&#8221;yes&#8221; content_placement=&#8221;middle&#8221;<span class=\"excerpt-hellip\"> [\u2026]<\/span><\/p>\n","protected":false},"author":8,"featured_media":0,"parent":0,"menu_order":0,"comment_status":"closed","ping_status":"closed","template":"","meta":{"footnotes":""},"yst_prominent_words":[],"class_list":["post-16846","page","type-page","status-publish","hentry"],"_links":{"self":[{"href":"https:\/\/quaketek.com\/es\/wp-json\/wp\/v2\/pages\/16846","targetHints":{"allow":["GET"]}}],"collection":[{"href":"https:\/\/quaketek.com\/es\/wp-json\/wp\/v2\/pages"}],"about":[{"href":"https:\/\/quaketek.com\/es\/wp-json\/wp\/v2\/types\/page"}],"author":[{"embeddable":true,"href":"https:\/\/quaketek.com\/es\/wp-json\/wp\/v2\/users\/8"}],"replies":[{"embeddable":true,"href":"https:\/\/quaketek.com\/es\/wp-json\/wp\/v2\/comments?post=16846"}],"version-history":[{"count":5,"href":"https:\/\/quaketek.com\/es\/wp-json\/wp\/v2\/pages\/16846\/revisions"}],"predecessor-version":[{"id":17467,"href":"https:\/\/quaketek.com\/es\/wp-json\/wp\/v2\/pages\/16846\/revisions\/17467"}],"wp:attachment":[{"href":"https:\/\/quaketek.com\/es\/wp-json\/wp\/v2\/media?parent=16846"}],"wp:term":[{"taxonomy":"yst_prominent_words","embeddable":true,"href":"https:\/\/quaketek.com\/es\/wp-json\/wp\/v2\/yst_prominent_words?post=16846"}],"curies":[{"name":"wp","href":"https:\/\/api.w.org\/{rel}","templated":true}]}}