{"id":12313,"date":"2017-05-06T20:34:21","date_gmt":"2017-05-06T20:34:21","guid":{"rendered":"http:\/\/66.147.244.172\/~quaketek\/produits\/"},"modified":"2022-12-28T16:28:07","modified_gmt":"2022-12-28T21:28:07","slug":"produits-services","status":"publish","type":"page","link":"https:\/\/quaketek.com\/fr\/produits-services\/","title":{"rendered":"Produits"},"content":{"rendered":"<div class=\"wpb-content-wrapper\"><p>[vc_row][vc_column width=&#8221;1\/3&#8243;][vc_single_image image=&#8221;16564&#8243; img_size=&#8221;400&#215;200&#8243;][\/vc_column][vc_column width=&#8221;2\/3&#8243;][vc_column_text]<\/p>\n<h2><a href=\"https:\/\/quaketek.com\/fr\/amortisseurs-parasismiques-freins-dynamiques\/\">Amortisseurs parasismiques \u2013 freins sismiques<\/a><\/h2>\n<div id=\"id1461363116253\" class=\"design-element element-size-box has-rich-content user-selectable-element clickable-element has-rich-content has-text is-section-child\" data-element-id=\"id1461363116253\">\n<div class=\"element-main-box design-element-main-box has-rich-content user-selectable-element clickable-element has-rich-content has-text\" data-element-id=\"id1461363116253\">\n<div class=\"element-background-layer element-border-target design-element-background-layer has-rich-content user-selectable-element clickable-element has-rich-content has-text\" data-element-id=\"id1461363116253\">Notre \u00e9quipe poss\u00e8de plus de 25 ans d&#8217;exp\u00e9rience dans la fabrication d&#8217;amortisseurs parasismiques a friction (freins sismiques) qui ont \u00e9t\u00e9 install\u00e9s dans des centaines de b\u00e2timents \u00e0 travers le monde. Nos m\u00e9thodes de fabrication exclusives garantissent le bon fonctionnement des freins sismiques et permettent de prot\u00e9ger les personnes ainsi que les investissements contre les s\u00e9ismes.<\/div>\n<\/div>\n<\/div>\n<p>[\/vc_column_text][\/vc_column][\/vc_row][vc_row][vc_column width=&#8221;1\/3&#8243;][vc_single_image image=&#8221;13439&#8243; img_size=&#8221;400&#215;200&#8243;][\/vc_column][vc_column width=&#8221;2\/3&#8243;][vc_column_text]<\/p>\n<h2>Services d&#8217;ing\u00e9nierie et de gestion<\/h2>\n<div id=\"id1461363116253\" class=\"design-element element-size-box has-rich-content user-selectable-element clickable-element has-rich-content has-text is-section-child\" data-element-id=\"id1461363116253\">\n<div class=\"element-main-box design-element-main-box has-rich-content user-selectable-element clickable-element has-rich-content has-text\" data-element-id=\"id1461363116253\">\n<div class=\"element-background-layer element-border-target design-element-background-layer has-rich-content user-selectable-element clickable-element has-rich-content has-text\" data-element-id=\"id1461363116253\">\n<div id=\"id1453151400957\" class=\"design-element element-size-box has-rich-content user-selectable-element clickable-element has-rich-content has-text is-section-child\" data-element-id=\"id1453151400957\">\n<div class=\"element-main-box design-element-main-box has-rich-content user-selectable-element clickable-element has-rich-content has-text\" data-element-id=\"id1453151400957\">\n<div class=\"element-border-box element-border-target element-padding-box design-element-border-box has-rich-content user-selectable-element clickable-element has-rich-content has-text\" data-element-id=\"id1453151400957\">\n<div class=\"element-content-box design-element-content-box has-rich-content user-selectable-element clickable-element has-rich-content has-text\" data-element-id=\"id1453151400957\">\n<div class=\"content-container content-container-type element-size-box element-size-target has-rich-content user-selectable-element clickable-element has-rich-content has-text\" data-element-id=\"id1453151400957\">\n<div class=\"rich-text-element-content absolute-fill element-content dir-ltr\">\n<div class=\"rich-text-positioning-wrapper vertical-alignment-top\">\n<div class=\"rich-text-content common-rich-content-style has-content\">\n<div id=\"id1454700875674\" class=\"design-element element-size-box has-rich-content user-selectable-element clickable-element has-rich-content has-text is-section-child\" data-element-id=\"id1454700875674\">\n<div class=\"element-main-box design-element-main-box has-rich-content user-selectable-element clickable-element has-rich-content has-text\" data-element-id=\"id1454700875674\">\n<div class=\"element-background-layer element-border-target design-element-background-layer has-rich-content user-selectable-element clickable-element has-rich-content has-text\" data-element-id=\"id1454700875674\">Avec une expertise en ing\u00e9nierie et en gestion, nous nous effor\u00e7ons de transformer les id\u00e9es en produits r\u00e9els. Nos capacit\u00e9s vont de la conception\/construction compl\u00e8te de pi\u00e8ces m\u00e9caniques et d&#8217;assemblages \u00e0 l&#8217;optimisation des flux de travail et cha\u00eene d&#8217;approvisionnement.<\/div>\n<\/div>\n<\/div>\n<\/div>\n<\/div>\n<\/div>\n<\/div>\n<\/div>\n<\/div>\n<\/div>\n<\/div>\n<\/div>\n<\/div>\n<\/div>\n<p>[\/vc_column_text][\/vc_column][\/vc_row][vc_row][vc_column width=&#8221;1\/3&#8243;][vc_single_image image=&#8221;13437&#8243; img_size=&#8221;400&#215;200&#8243;][\/vc_column][vc_column width=&#8221;2\/3&#8243;][vc_column_text]<\/p>\n<h2><a href=\"https:\/\/quaketek.com\/fr\/fabrication-et-assemblage-des-pieces\/\">Fabrication et assemblage des pi\u00e8ces<\/a><\/h2>\n<div id=\"id1461363116253\" class=\"design-element element-size-box has-rich-content user-selectable-element clickable-element has-rich-content has-text is-section-child\" data-element-id=\"id1461363116253\">\n<div class=\"element-main-box design-element-main-box has-rich-content user-selectable-element clickable-element has-rich-content has-text\" data-element-id=\"id1461363116253\">\n<div class=\"element-background-layer element-border-target design-element-background-layer has-rich-content user-selectable-element clickable-element has-rich-content has-text\" data-element-id=\"id1461363116253\">\n<div id=\"id1453151400957\" class=\"design-element element-size-box has-rich-content user-selectable-element clickable-element has-rich-content has-text is-section-child\" data-element-id=\"id1453151400957\">\n<div class=\"element-main-box design-element-main-box has-rich-content user-selectable-element clickable-element has-rich-content has-text\" data-element-id=\"id1453151400957\">\n<div class=\"element-background-layer element-border-target design-element-background-layer has-rich-content user-selectable-element clickable-element has-rich-content has-text\" data-element-id=\"id1453151400957\">QuakeTek utilise\u00a0\u00e9quipements modernes pour l&#8217;usinage, le soudage et les traitements de surface, ainsi qu&#8217;une \u00e9quipe exp\u00e9riment\u00e9e de professionnels en assemblage m\u00e9canique.<br \/>\nNos capacit\u00e9s vont de l&#8217;usinage manuel et du soudage \u00e0 la soudure robotique et \u00e0 l&#8217;usinage de cnc.<\/div>\n<\/div>\n<\/div>\n<\/div>\n<\/div>\n<\/div>\n<p>[\/vc_column_text][\/vc_column][\/vc_row]<\/p>\n<\/div>","protected":false},"excerpt":{"rendered":"<p>[vc_row][vc_column width=&#8221;1\/3&#8243;][vc_single_image image=&#8221;16564&#8243; img_size=&#8221;400&#215;200&#8243;][\/vc_column][vc_column width=&#8221;2\/3&#8243;][vc_column_text] Amortisseurs parasismiques \u2013 freins sismiques Notre \u00e9quipe poss\u00e8de plus de 25 ans d&#8217;exp\u00e9rience dans la fabrication d&#8217;amortisseurs parasismiques a friction (freins<span class=\"excerpt-hellip\"> [\u2026]<\/span><\/p>\n","protected":false},"author":1,"featured_media":0,"parent":0,"menu_order":0,"comment_status":"closed","ping_status":"closed","template":"","meta":{"footnotes":""},"yst_prominent_words":[],"class_list":["post-12313","page","type-page","status-publish","hentry"],"_links":{"self":[{"href":"https:\/\/quaketek.com\/fr\/wp-json\/wp\/v2\/pages\/12313","targetHints":{"allow":["GET"]}}],"collection":[{"href":"https:\/\/quaketek.com\/fr\/wp-json\/wp\/v2\/pages"}],"about":[{"href":"https:\/\/quaketek.com\/fr\/wp-json\/wp\/v2\/types\/page"}],"author":[{"embeddable":true,"href":"https:\/\/quaketek.com\/fr\/wp-json\/wp\/v2\/users\/1"}],"replies":[{"embeddable":true,"href":"https:\/\/quaketek.com\/fr\/wp-json\/wp\/v2\/comments?post=12313"}],"version-history":[{"count":5,"href":"https:\/\/quaketek.com\/fr\/wp-json\/wp\/v2\/pages\/12313\/revisions"}],"predecessor-version":[{"id":17471,"href":"https:\/\/quaketek.com\/fr\/wp-json\/wp\/v2\/pages\/12313\/revisions\/17471"}],"wp:attachment":[{"href":"https:\/\/quaketek.com\/fr\/wp-json\/wp\/v2\/media?parent=12313"}],"wp:term":[{"taxonomy":"yst_prominent_words","embeddable":true,"href":"https:\/\/quaketek.com\/fr\/wp-json\/wp\/v2\/yst_prominent_words?post=12313"}],"curies":[{"name":"wp","href":"https:\/\/api.w.org\/{rel}","templated":true}]}}