{"id":12318,"date":"2017-05-06T20:40:57","date_gmt":"2017-05-06T20:40:57","guid":{"rendered":"http:\/\/66.147.244.172\/~quaketek\/acceuil\/"},"modified":"2022-12-28T16:27:37","modified_gmt":"2022-12-28T21:27:37","slug":"acceuil","status":"publish","type":"page","link":"https:\/\/quaketek.com\/fr\/","title":{"rendered":"Acceuil"},"content":{"rendered":"<div class=\"wpb-content-wrapper\"><p>[vc_row full_width=&#8221;stretch_row_content_no_spaces&#8221; css=&#8221;.vc_custom_1645560531616{margin-bottom: -9em !important;}&#8221;][vc_column][vc_row_inner][vc_column_inner offset=&#8221;vc_hidden-xs&#8221;][vc_raw_html]JTNDaWZyYW1lJTIwc3JjJTNEJTIyaHR0cHMlM0ElMkYlMkZ3d3cucXVha2V0ZWsuY29tJTJGaG9tZS12ZXJ0aWNhbC1zcGxpdCUyRmluZGV4X2ZyLmh0bWwlMjIlMjBoZWlnaHQlM0QlMjIxMDgwcHglMjIlMjB3aWR0aCUzRCUyMjEwMCUyNSUyMiUyMGZyYW1lYm9yZGVyJTNEJTIyMCUyMiUzRSUzQyUyRmlmcmFtZSUzRSUwQQ==[\/vc_raw_html][\/vc_column_inner][\/vc_row_inner][vc_row_inner][vc_column_inner offset=&#8221;vc_hidden-lg vc_hidden-md vc_hidden-sm&#8221;][vc_raw_html]JTNDaWZyYW1lJTIwc3JjJTNEJTIyaHR0cHMlM0ElMkYlMkZ3d3cucXVha2V0ZWsuY29tJTJGaG9tZS12ZXJ0aWNhbC1zcGxpdCUyRmluZGV4X2ZyLmh0bWwlMjIlMjB3aWR0aCUzRCUyMjEwMCUyNSUyMiUyMGhlaWdodCUzRCUyMjY3OHB4JTIyJTIwZnJhbWVib3JkZXIlM0QlMjIwJTIyJTNFJTNDJTJGaWZyYW1lJTNFJTBB[\/vc_raw_html][\/vc_column_inner][\/vc_row_inner][\/vc_column][\/vc_row][vc_section full_width=&#8221;stretch_row&#8221; content_placement=&#8221;middle&#8221;][vc_row][vc_column][vc_empty_space height=&#8221;20px&#8221; el_id=&#8221;protection-parasismique&#8221;][\/vc_column][\/vc_row][vc_row equal_height=&#8221;yes&#8221; content_placement=&#8221;bottom&#8221;][vc_column width=&#8221;1\/3&#8243;][vc_single_image image=&#8221;16043&#8243; img_size=&#8221;medium&#8221; alignment=&#8221;center&#8221; onclick=&#8221;custom_link&#8221; link=&#8221;https:\/\/quaketek.com\/fr\/amortisseurs-parasismiques-freins-dynamiques\/&#8221; css=&#8221;.vc_custom_1651716618005{padding-bottom: 10px !important;}&#8221;][vc_column_text]<\/p>\n<h2 style=\"text-align: center;\"><a href=\"https:\/\/quaketek.com\/fr\/amortisseurs-parasismiques-freins-dynamiques\/\">Amortisseurs Parasismiques &#8211; Freins\u00a0Dynamiques<\/a><\/h2>\n<p>[\/vc_column_text][\/vc_column][vc_column width=&#8221;1\/3&#8243;][vc_single_image image=&#8221;13477&#8243; img_size=&#8221;medium&#8221; alignment=&#8221;center&#8221; onclick=&#8221;custom_link&#8221; link=&#8221;https:\/\/quaketek.com\/fr\/conception-parasismique-avec-freins-dynamiques\/&#8221; css=&#8221;.vc_custom_1651716667307{padding-bottom: 0px !important;}&#8221;][vc_column_text]<\/p>\n<h2 style=\"text-align: center;\"><a href=\"https:\/\/quaketek.com\/fr\/conception-parasismique-avec-freins-dynamiques\/\">Comment faire des conceptions avec freins dynamiques<\/a><\/h2>\n<p>[\/vc_column_text][\/vc_column][vc_column width=&#8221;1\/3&#8243;][vc_single_image image=&#8221;13503&#8243; img_size=&#8221;medium&#8221; alignment=&#8221;center&#8221; onclick=&#8221;custom_link&#8221; link=&#8221;https:\/\/quaketek.com\/fr\/applications\/&#8221; css=&#8221;.vc_custom_1651716699220{padding-bottom: 10px !important;}&#8221;][vc_column_text]<\/p>\n<h2 style=\"text-align: center;\"><a href=\"https:\/\/quaketek.com\/fr\/applications\/\">Gallerie<\/a><\/h2>\n<p>[\/vc_column_text][\/vc_column][\/vc_row][\/vc_section][vc_section full_width=&#8221;stretch_row&#8221; parallax=&#8221;content-moving-fade&#8221; parallax_image=&#8221;13862&#8243; css=&#8221;.vc_custom_1514090230391{margin-top: 20px !important;margin-right: 0px !important;margin-bottom: 40px !important;margin-left: 0px !important;}&#8221;][vc_row css_animation=&#8221;none&#8221;][vc_column][vc_column_text css_animation=&#8221;appear&#8221; css=&#8221;.vc_custom_1495564362596{padding-top: 20px !important;padding-bottom: 20px !important;}&#8221;]<\/p>\n<h1 style=\"text-align: center;\"><span style=\"color: #ffffff;\">Technologies Parasismiques, simplifi\u00e9es!<\/span><\/h1>\n<p>&nbsp;<\/p>\n<p style=\"text-align: center;\"><span style=\"color: #ffffff;\">Des syst\u00e8mes de classe mondiale pour vous prot\u00e9ger contre les s\u00e9ismes, vous faire b\u00e9n\u00e9ficier d\u2019\u00e9conomies majeures sur les structures, et r\u00e9duire votre bilan carbone.<\/span><\/p>\n<h1 style=\"text-align: center;\"><\/h1>\n<p>[\/vc_column_text][\/vc_column][\/vc_row][\/vc_section][vc_row css_animation=&#8221;fadeIn&#8221;][vc_column width=&#8221;2\/3&#8243;][vc_basic_grid post_type=&#8221;post&#8221; max_items=&#8221;3&#8243; style=&#8221;load-more&#8221; items_per_page=&#8221;3&#8243; item=&#8221;basicGrid_ScaleInWithRotation&#8221; initial_loading_animation=&#8221;none&#8221; btn_i_align=&#8221;right&#8221; btn_add_icon=&#8221;true&#8221; grid_id=&#8221;vc_gid:1656515772885-8c6fb3d8-6e2c-2&#8243;][\/vc_column][vc_column width=&#8221;1\/3&#8243;][vc_widget_sidebar sidebar_id=&#8221;sidebar-home_social&#8221;][\/vc_column][\/vc_row]<\/p>\n<\/div>","protected":false},"excerpt":{"rendered":"<p>[vc_row full_width=&#8221;stretch_row_content_no_spaces&#8221; css=&#8221;.vc_custom_1645560531616{margin-bottom: -9em !important;}&#8221;][vc_column][vc_row_inner][vc_column_inner offset=&#8221;vc_hidden-xs&#8221;][vc_raw_html]JTNDaWZyYW1lJTIwc3JjJTNEJTIyaHR0cHMlM0ElMkYlMkZ3d3cucXVha2V0ZWsuY29tJTJGaG9tZS12ZXJ0aWNhbC1zcGxpdCUyRmluZGV4X2ZyLmh0bWwlMjIlMjBoZWlnaHQlM0QlMjIxMDgwcHglMjIlMjB3aWR0aCUzRCUyMjEwMCUyNSUyMiUyMGZyYW1lYm9yZGVyJTNEJTIyMCUyMiUzRSUzQyUyRmlmcmFtZSUzRSUwQQ==[\/vc_raw_html][\/vc_column_inner][\/vc_row_inner][vc_row_inner][vc_column_inner offset=&#8221;vc_hidden-lg vc_hidden-md vc_hidden-sm&#8221;][vc_raw_html]JTNDaWZyYW1lJTIwc3JjJTNEJTIyaHR0cHMlM0ElMkYlMkZ3d3cucXVha2V0ZWsuY29tJTJGaG9tZS12ZXJ0aWNhbC1zcGxpdCUyRmluZGV4X2ZyLmh0bWwlMjIlMjB3aWR0aCUzRCUyMjEwMCUyNSUyMiUyMGhlaWdodCUzRCUyMjY3OHB4JTIyJTIwZnJhbWVib3JkZXIlM0QlMjIwJTIyJTNFJTNDJTJGaWZyYW1lJTNFJTBB[\/vc_raw_html][\/vc_column_inner][\/vc_row_inner][\/vc_column][\/vc_row][vc_section full_width=&#8221;stretch_row&#8221; content_placement=&#8221;middle&#8221;][vc_row][vc_column][vc_empty_space height=&#8221;20px&#8221; el_id=&#8221;protection-parasismique&#8221;][\/vc_column][\/vc_row][vc_row equal_height=&#8221;yes&#8221; content_placement=&#8221;bottom&#8221;][vc_column width=&#8221;1\/3&#8243;][vc_single_image image=&#8221;16043&#8243; img_size=&#8221;medium&#8221; alignment=&#8221;center&#8221; onclick=&#8221;custom_link&#8221; link=&#8221;https:\/\/quaketek.com\/fr\/amortisseurs-parasismiques-freins-dynamiques\/&#8221; css=&#8221;.vc_custom_1651716618005{padding-bottom: 10px !important;}&#8221;][vc_column_text] Amortisseurs Parasismiques<span class=\"excerpt-hellip\"> [\u2026]<\/span><\/p>\n","protected":false},"author":1,"featured_media":0,"parent":0,"menu_order":0,"comment_status":"closed","ping_status":"closed","template":"","meta":{"footnotes":""},"yst_prominent_words":[492,490,491,489,487,494,488,493],"class_list":["post-12318","page","type-page","status-publish","hentry"],"_links":{"self":[{"href":"https:\/\/quaketek.com\/fr\/wp-json\/wp\/v2\/pages\/12318","targetHints":{"allow":["GET"]}}],"collection":[{"href":"https:\/\/quaketek.com\/fr\/wp-json\/wp\/v2\/pages"}],"about":[{"href":"https:\/\/quaketek.com\/fr\/wp-json\/wp\/v2\/types\/page"}],"author":[{"embeddable":true,"href":"https:\/\/quaketek.com\/fr\/wp-json\/wp\/v2\/users\/1"}],"replies":[{"embeddable":true,"href":"https:\/\/quaketek.com\/fr\/wp-json\/wp\/v2\/comments?post=12318"}],"version-history":[{"count":6,"href":"https:\/\/quaketek.com\/fr\/wp-json\/wp\/v2\/pages\/12318\/revisions"}],"predecessor-version":[{"id":17470,"href":"https:\/\/quaketek.com\/fr\/wp-json\/wp\/v2\/pages\/12318\/revisions\/17470"}],"wp:attachment":[{"href":"https:\/\/quaketek.com\/fr\/wp-json\/wp\/v2\/media?parent=12318"}],"wp:term":[{"taxonomy":"yst_prominent_words","embeddable":true,"href":"https:\/\/quaketek.com\/fr\/wp-json\/wp\/v2\/yst_prominent_words?post=12318"}],"curies":[{"name":"wp","href":"https:\/\/api.w.org\/{rel}","templated":true}]}}