{"id":12320,"date":"2017-05-06T20:49:57","date_gmt":"2017-05-06T20:49:57","guid":{"rendered":"http:\/\/66.147.244.172\/~quaketek\/carrieres\/"},"modified":"2017-05-19T13:02:40","modified_gmt":"2017-05-19T18:02:40","slug":"carrieres","status":"publish","type":"page","link":"https:\/\/quaketek.com\/fr\/carrieres\/","title":{"rendered":"Carri\u00e8res"},"content":{"rendered":"<div class=\"wpb-content-wrapper\"><p>[vc_row][vc_column][vc_column_text]<\/p>\n<h2>Nos Valeurs<\/h2>\n<p>[\/vc_column_text][\/vc_column][vc_column width=&#8221;1\/2&#8243;][vc_column_text]<\/p>\n<h3 style=\"text-align: center;\">Travailler cr\u00e9ativement<\/h3>\n<p>Afin d\u2019am\u00e9liorer constamment notre fa\u00e7on de faire, nous ne devons jamais cesser d\u2019envisager de <em>meilleures<\/em> fa\u00e7ons de faire. La cr\u00e9ativit\u00e9 fait partie int\u00e9grante de chacune de nos t\u00e2ches et de nos responsabilit\u00e9s, et nous nous effor\u00e7ons d\u2019am\u00e9liorer notre milieu de travail, nos produits et notre impact sur le monde qui nous entoure.[\/vc_column_text][\/vc_column][vc_column width=&#8221;1\/2&#8243;][vc_column_text]<\/p>\n<h3 style=\"text-align: center;\">L\u2019int\u00e9grit\u00e9 et le respect<\/h3>\n<p>Nous nous appliquons \u00e0 b\u00e2tir des relations durables avec nos coll\u00e8gues de l\u2019industrie, nos partenaires commerciaux et notre communaut\u00e9. Toute relation repose sur la confiance, et ce sont l\u2019int\u00e9grit\u00e9 et le respect qui en sont les points de d\u00e9part. Que ce soit dans notre fa\u00e7on de travailler ou d\u2019interagir les uns avec les autres ou avec notre client\u00e8le, int\u00e9grit\u00e9 et respect demeurent de la plus haute importance.[\/vc_column_text][\/vc_column][vc_column width=&#8221;1\/2&#8243;][vc_column_text]<\/p>\n<h3 style=\"text-align: center;\">Travailler intens\u00e9ment<\/h3>\n<p>Toute grande r\u00e9alisation est le fruit d\u2019un dur labeur et d\u2019un d\u00e9vouement. Nous sommes d\u2019avis que rien ne vaut que de rentrer chez soi en \u00e9prouvant le sentiment d\u2019avoir travaill\u00e9 fort, d\u2019avoir su faire une diff\u00e9rence![\/vc_column_text][\/vc_column][vc_column width=&#8221;1\/2&#8243;][vc_column_text]<\/p>\n<h3 style=\"text-align: center;\">Le travail d\u2019\u00e9quipe<\/h3>\n<p>Une \u00e9quipe, c\u2019est plus qu\u2019un groupe de personnes qui travaillent ensemble; c\u2019est un groupe de personnes qui ont confiance les unes en les autres. Comme il est rare qu\u2019un individu r\u00e9ussisse sans aucune aide de qui que ce soit, nous croyons que c\u2019est en s\u2019\u00e9difiant les uns les autres en tant que membres d\u2019\u00e9quipe que nous pouvons r\u00e9aliser davantage.[\/vc_column_text][\/vc_column][\/vc_row][vc_row][vc_column][vc_column_text]<\/p>\n<h2>Postes Vacants<\/h2>\n<p>[\/vc_column_text][vc_column_text css_animation=&#8221;none&#8221;]Nous comprenons que nous sommes ce que sont nos employ\u00e9s, et l\u2019une de nos activit\u00e9s les plus importantes consiste \u00e0 d\u00e9velopper notre \u00e9quipe et \u00e0 r\u00e9pondre \u00e0 ses besoins.<\/p>\n<p>Les postes\u00a0vacants\u00a0sont sur notre page Indeed, veuillez s.v.p suivre le line si dessous pour remettre votre application.<\/p>\n<h3 style=\"text-align: center;\"><a href=\"https:\/\/www.indeedjobs.com\/quaketek?hl=en_CA\">Voir les positions disponibles sur notre page Indeed<\/a><\/h3>\n<p>[\/vc_column_text][\/vc_column][\/vc_row]<\/p>\n<\/div>","protected":false},"excerpt":{"rendered":"<p>[vc_row][vc_column][vc_column_text] Nos Valeurs [\/vc_column_text][\/vc_column][vc_column width=&#8221;1\/2&#8243;][vc_column_text] Travailler cr\u00e9ativement Afin d\u2019am\u00e9liorer constamment notre fa\u00e7on de faire, nous ne devons jamais cesser d\u2019envisager de meilleures fa\u00e7ons de faire. La<span class=\"excerpt-hellip\"> [\u2026]<\/span><\/p>\n","protected":false},"author":1,"featured_media":0,"parent":0,"menu_order":0,"comment_status":"closed","ping_status":"closed","template":"","meta":{"footnotes":""},"yst_prominent_words":[],"class_list":["post-12320","page","type-page","status-publish","hentry"],"_links":{"self":[{"href":"https:\/\/quaketek.com\/fr\/wp-json\/wp\/v2\/pages\/12320","targetHints":{"allow":["GET"]}}],"collection":[{"href":"https:\/\/quaketek.com\/fr\/wp-json\/wp\/v2\/pages"}],"about":[{"href":"https:\/\/quaketek.com\/fr\/wp-json\/wp\/v2\/types\/page"}],"author":[{"embeddable":true,"href":"https:\/\/quaketek.com\/fr\/wp-json\/wp\/v2\/users\/1"}],"replies":[{"embeddable":true,"href":"https:\/\/quaketek.com\/fr\/wp-json\/wp\/v2\/comments?post=12320"}],"version-history":[{"count":33,"href":"https:\/\/quaketek.com\/fr\/wp-json\/wp\/v2\/pages\/12320\/revisions"}],"predecessor-version":[{"id":12636,"href":"https:\/\/quaketek.com\/fr\/wp-json\/wp\/v2\/pages\/12320\/revisions\/12636"}],"wp:attachment":[{"href":"https:\/\/quaketek.com\/fr\/wp-json\/wp\/v2\/media?parent=12320"}],"wp:term":[{"taxonomy":"yst_prominent_words","embeddable":true,"href":"https:\/\/quaketek.com\/fr\/wp-json\/wp\/v2\/yst_prominent_words?post=12320"}],"curies":[{"name":"wp","href":"https:\/\/api.w.org\/{rel}","templated":true}]}}