{"id":12321,"date":"2017-05-06T20:53:11","date_gmt":"2017-05-06T20:53:11","guid":{"rendered":"http:\/\/66.147.244.172\/~quaketek\/earthquake-safety\/"},"modified":"2022-12-28T16:30:04","modified_gmt":"2022-12-28T21:30:04","slug":"earthquake-safety","status":"publish","type":"page","link":"https:\/\/quaketek.com\/fr\/earthquake-safety\/","title":{"rendered":"S\u00e9curit\u00e9 Sismique"},"content":{"rendered":"<div class=\"wpb-content-wrapper\"><p>[vc_row][vc_column width=&#8221;1\/2&#8243;][vc_column_text]<\/p>\n<h2>Quoi faire pendant un tremblement de terre<\/h2>\n<p>[\/vc_column_text][vc_column_text]<\/p>\n<div id=\"id1475456264029\" class=\"design-element element-size-box has-rich-content user-selectable-element clickable-element has-rich-content has-text is-section-child\" data-element-id=\"id1475456264029\">\n<p>Bien que les activit\u00e9s de QuakeTek soient ax\u00e9es sur la pr\u00e9paration aux s\u00e9ismes, l\u2019un des facteurs cruciaux pour survivre \u00e0 un \u00e9v\u00e9nement de ce type demeure la r\u00e9action des personnes lorsque se produit le tremblement. La meilleure chose \u00e0 faire en pareil cas est de se baisser au sol, de s\u2019abriter sous une table ou un pupitre solide, et de s\u2019agripper. Si vous ne pouvez vous mettre sous un abri solide \u2013 \u00e9vitez les entr\u00e9es de porte \u2013 baissez-vous au sol et prot\u00e9gez-vous la t\u00eate et le cou avec vos bras.<\/p>\n<div class=\"element-border-box element-border-target element-padding-box design-element-border-box has-rich-content user-selectable-element clickable-element has-rich-content has-text\" data-element-id=\"id1475456373940\">\n<div class=\"element-content-box design-element-content-box has-rich-content user-selectable-element clickable-element has-rich-content has-text\" data-element-id=\"id1475456373940\">\n<div class=\"content-container content-container-type element-size-box element-size-target has-rich-content user-selectable-element clickable-element has-rich-content has-text\" data-element-id=\"id1475456373940\">\n<div class=\"rich-text-element-content absolute-fill element-content dir-ltr\">\n<div class=\"rich-text-positioning-wrapper vertical-alignment-top\">\n<div class=\"rich-text-content common-rich-content-style has-content\">\n<p>&nbsp;<\/p>\n<p>Bien des renseignements erron\u00e9s circulent au sujet du \u00ab\u00a0triangle de la vie\u00a0\u00bb. Des \u00e9tudes indiquent que ce principe n\u2019offre pas plus de s\u00e9curit\u00e9 que celui, plus traditionnel, de baisser la t\u00eate et de s\u2019abriter. Cette observation vaut tout particuli\u00e8rement si vous vous trouvez dans un b\u00e2timent qui a \u00e9t\u00e9 con\u00e7u express\u00e9ment pour ne pas s\u2019effondrer. Ainsi, vous courez beaucoup plus de risques d\u2019\u00eatre bless\u00e9 par la chute d\u2019objets et de d\u00e9bris que par un effondrement de la structure. Et m\u00eame dans le cas d\u2019un effondrement complet, les preuves demeurent insuffisantes pour pouvoir affirmer que ce \u00ab\u00a0triangle de la vie\u00a0\u00bb procure effectivement plus de s\u00fbret\u00e9.<\/p>\n<\/div>\n<\/div>\n<\/div>\n<\/div>\n<\/div>\n<\/div>\n<\/div>\n<p>[\/vc_column_text][\/vc_column][vc_column width=&#8221;1\/2&#8243;][vc_single_image image=&#8221;13395&#8243; img_size=&#8221;full&#8221; alignment=&#8221;center&#8221; onclick=&#8221;link_image&#8221; css_animation=&#8221;fadeIn&#8221; css=&#8221;.vc_custom_1494299013856{margin-bottom: 0px !important;border-bottom-width: 0px !important;padding-bottom: 0px !important;}&#8221;][vc_column_text css=&#8221;.vc_custom_1495728239579{margin-top: 0px !important;border-top-width: 0px !important;}&#8221;]<\/p>\n<h3 style=\"text-align: center;\">Se Baisser<\/h3>\n<p style=\"text-align: center;\">Se baisser au sol d\u00e8s que le tremblement commence. Si vous \u00eates au lit ou \u00e0 l&#8217;int\u00e9rieur d&#8217;une voiture, restez l\u00e0 o\u00f9 vous \u00eates. Si vous \u00eates en fauteuil roulant, Bloquez vos roues!<\/p>\n<h3 style=\"text-align: center;\">S&#8217;Arbriter<\/h3>\n<p style=\"text-align: center;\">S&#8217;arbriter sous une table robuste, une chaise ou si c&#8217;est impossible de s&#8217;arbriter, couvrir votre t\u00eate avec vos mains pour prot\u00e9ger contre la chute d&#8217;objets. Si vous avez un livre, un classeur ou un plateau dans vos mains et que vous ne pouvez pas vous couvrir, utilisez-le.<\/p>\n<h3 style=\"text-align: center;\">S&#8217;Agripper<\/h3>\n<p style=\"text-align: center;\">S&#8217;agripper pour vous assurer de rester sous couverture .<\/p>\n<p>[\/vc_column_text][\/vc_column][\/vc_row][vc_row][vc_column][vc_column_text]<\/p>\n<h2>Se pr\u00e9parer en cas de s\u00e9isme<\/h2>\n<p>[\/vc_column_text][vc_column_text]De nombreuses ressources vous expliquent comment vous pr\u00e9parer \u00e0 un tremblement de terre. Nous avons dress\u00e9 une liste de certains de leurs conseils parmi les plus judicieux.<\/p>\n<ul>\n<li>Ayez un plan \u00e9tabli. Un tel plan comprendra les moyens de communiquer avec vos proches lorsque les secousses auront cess\u00e9.<\/li>\n<li>S\u2019exercer, s\u2019exercer, s\u2019exercer\u2026 Faites des exercices de tremblement de terre avec les membres de votre famille et vos coll\u00e8gues. Ces s\u00e9ances vous aideront \u00e0 rep\u00e9rer des endroits s\u00e9curitaires pour vous mettre \u00e0 l\u2019abri si une secousse survient.<\/li>\n<li>Assujettissez les objets l\u00e2ches.<\/li>\n<li>Emmagasinez des ressources telles que de l\u2019eau potable, des denr\u00e9es non p\u00e9rissables et une copie de vos documents importants.<\/li>\n<li>Communiquez avec les autorit\u00e9s locales afin de conna\u00eetre quels sont les plans et les programmes locaux qui sont offerts.<\/li>\n<li>Apprenez quel est le degr\u00e9 de s\u00e9curit\u00e9 que pr\u00e9sente votre maison, lieu de travail ou \u00e9cole. Les b\u00e2timents plus anciens peuvent pr\u00e9senter un risque accru; les b\u00e2timents de construction plus r\u00e9cente peuvent \u00eatre construits selon des crit\u00e8res diff\u00e9rents, d\u00e9pendamment de leur usage.<\/li>\n<li>Lisez et apprenez-en davantage. Il existe plusieurs ressources en ligne tr\u00e8s enrichissantes. Recherchez \u00e0 cet effet les pages gouvernementales, ou v\u00e9rifiez quelles sont vos sources car beaucoup d\u2019information de mauvaise qualit\u00e9 ou qui induit en erreur circule et se trouve reproduite partout sur le Web. Les pages <a href=\"https:\/\/www.ready.gov\/earthquakes\">www.ready.gov\/earthquakes<\/a> et <a href=\"https:\/\/www.earthquakecountry.org\/\">earthquakecountry.org<\/a> sont d\u2019excellentes sources de renseignements sur ce sujet<\/li>\n<\/ul>\n<p>[\/vc_column_text][\/vc_column][\/vc_row][vc_row][vc_column][vc_column_text]<\/p>\n<h2>Apr\u00e8s un s\u00e9isme<\/h2>\n<p>[\/vc_column_text][vc_column_text]Lorsque le tremblement de terre se calme et que les secousses cessent, bien des personnes se mettent simplement \u00e0 courir pour fuir les lieux. Or, il faut plut\u00f4t s\u2019arr\u00eater, \u00e9tudier un peu la situation et suivre les \u00e9tapes ci-apr\u00e8s\u00a0:<\/p>\n<p>&nbsp;<\/p>\n<ul>\n<li>Recherchez une voie d\u00e9gag\u00e9e vers la s\u00e9curit\u00e9. Si vous en trouvez une, quittez le b\u00e2timent ou la zone, et dirigez-vous vers une aire ouverte, \u00e0 distance des b\u00e2timents et des infrastructures ayant pu \u00eatre endommag\u00e9s par l\u2019\u00e9v\u00e9nement.<\/li>\n<li>S\u2019il y a beaucoup de poussi\u00e8re et de d\u00e9bris volants, couvrez-vous le nez et la bouche avec un chiffon ou un bout de v\u00eatement propre, et utilisez ceci comme un masque antipoussi\u00e8re.<\/li>\n<li>Si vous vous trouvez maintenu au sol, coinc\u00e9, gardez votre calme. Essayez d\u2019\u00e9viter de soulever plus de poussi\u00e8re et de d\u00e9bris avec vos membres. Si votre t\u00e9l\u00e9phone fonctionne, appelez \u00e0 l\u2019aide, ou trouvez un moyen de faire du bruit et de signaler votre pr\u00e9sence aux \u00e9quipes de sauvetage.<\/li>\n<li>Soyez pr\u00eat \u00e0 vous mettre \u00e0 l\u2019abri de nouveau en cas de r\u00e9plique sismique.<\/li>\n<li>Communiquez avec vos proches et alertez les autorit\u00e9s. N\u2019oubliez pas qu\u2019il peut \u00eatre dangereux de p\u00e9n\u00e9trer \u00e0 l\u2019int\u00e9rieur de structures ainsi endommag\u00e9es.<\/li>\n<\/ul>\n<p>[\/vc_column_text][\/vc_column][\/vc_row][vc_row][vc_column][vc_column_text]<\/p>\n<h2>Continuer \u00e0\u00a0apprendre<\/h2>\n<p>[\/vc_column_text][vc_column_text]Il existe de nombreuses ressources disponibles pour en savoir plus sur la s\u00e9curit\u00e9 sismique. Vous trouverez ci-dessous des liens vers <a href=\"https:\/\/66.147.244.172\/~quaketek\/nouvelles\/?lang=fr\">nos articles les plus r\u00e9cents sur les sujets li\u00e9s au s\u00e9ismes<\/a>.[\/vc_column_text][\/vc_column][\/vc_row]<\/p>\n<\/div>","protected":false},"excerpt":{"rendered":"<p>[vc_row][vc_column width=&#8221;1\/2&#8243;][vc_column_text] Quoi faire pendant un tremblement de terre [\/vc_column_text][vc_column_text] Bien que les activit\u00e9s de QuakeTek soient ax\u00e9es sur la pr\u00e9paration aux s\u00e9ismes, l\u2019un des facteurs<span class=\"excerpt-hellip\"> [\u2026]<\/span><\/p>\n","protected":false},"author":1,"featured_media":13395,"parent":0,"menu_order":0,"comment_status":"closed","ping_status":"closed","template":"","meta":{"footnotes":""},"yst_prominent_words":[494,493],"class_list":["post-12321","page","type-page","status-publish","has-post-thumbnail","hentry"],"_links":{"self":[{"href":"https:\/\/quaketek.com\/fr\/wp-json\/wp\/v2\/pages\/12321","targetHints":{"allow":["GET"]}}],"collection":[{"href":"https:\/\/quaketek.com\/fr\/wp-json\/wp\/v2\/pages"}],"about":[{"href":"https:\/\/quaketek.com\/fr\/wp-json\/wp\/v2\/types\/page"}],"author":[{"embeddable":true,"href":"https:\/\/quaketek.com\/fr\/wp-json\/wp\/v2\/users\/1"}],"replies":[{"embeddable":true,"href":"https:\/\/quaketek.com\/fr\/wp-json\/wp\/v2\/comments?post=12321"}],"version-history":[{"count":5,"href":"https:\/\/quaketek.com\/fr\/wp-json\/wp\/v2\/pages\/12321\/revisions"}],"predecessor-version":[{"id":17479,"href":"https:\/\/quaketek.com\/fr\/wp-json\/wp\/v2\/pages\/12321\/revisions\/17479"}],"wp:featuredmedia":[{"embeddable":true,"href":"https:\/\/quaketek.com\/fr\/wp-json\/wp\/v2\/media\/13395"}],"wp:attachment":[{"href":"https:\/\/quaketek.com\/fr\/wp-json\/wp\/v2\/media?parent=12321"}],"wp:term":[{"taxonomy":"yst_prominent_words","embeddable":true,"href":"https:\/\/quaketek.com\/fr\/wp-json\/wp\/v2\/yst_prominent_words?post=12321"}],"curies":[{"name":"wp","href":"https:\/\/api.w.org\/{rel}","templated":true}]}}