{"id":12825,"date":"2017-05-24T21:04:00","date_gmt":"2017-05-25T02:04:00","guid":{"rendered":"http:\/\/66.147.244.172\/~quaketek\/fabrication-et-assemblage-des-pieces\/"},"modified":"2018-05-11T10:54:07","modified_gmt":"2018-05-11T15:54:07","slug":"fabrication-et-assemblage-des-pieces","status":"publish","type":"page","link":"https:\/\/quaketek.com\/fr\/fabrication-et-assemblage-des-pieces\/","title":{"rendered":"Fabrication et assemblage des pi\u00e8ces"},"content":{"rendered":"<div class=\"wpb-content-wrapper\"><p>[vc_section 0=&#8221;&#8221;][vc_row 0=&#8221;&#8221; equal_height=&#8221;yes&#8221;][vc_column width=&#8221;1\/2&#8243;][vc_column_text 0=&#8221;&#8221;]<\/p>\n<h2>Usinage \u00e0 commande num\u00e9rique par ordinateur et usinage manuel<\/h2>\n<p>[\/vc_column_text][vc_column_text 0=&#8221;&#8221;]<br \/>\nNous pouvons fabriquer et assembler des pi\u00e8ces et des composants qui seraient de trop grosse taille pour la plupart des usines.<\/p>\n<p>Usinage \u00e0 CNC (commande num\u00e9rique par ordinateur) et usinage manuel.<\/p>\n<p>Nous sommes \u00e9quip\u00e9s d\u2019une batterie compl\u00e8te d\u2019outillage pour usiner des composants en aluminium, en acier et en inox.<\/p>\n<p>La plus grosse de nos fraiseuses peut fabriquer de grandes pi\u00e8ces \u00e0 haute pr\u00e9cision. En outre, nos machines et nos zones de coupe sont pourvues d\u2019appareils de levage lourd gr\u00e2ce auxquels nous pouvons manipuler avec facilit\u00e9 les pi\u00e8ces et les mati\u00e8res premi\u00e8res de grande taille.<br \/>\n[\/vc_column_text][\/vc_column][vc_column width=&#8221;1\/2&#8243;][vc_single_image image=&#8221;12496&#8243; img_size=&#8221;full&#8221; alignment=&#8221;center&#8221;][\/vc_column][\/vc_row][\/vc_section][vc_section 0=&#8221;&#8221;][vc_row 0=&#8221;&#8221; equal_height=&#8221;yes&#8221;][vc_column width=&#8221;1\/2&#8243;][vc_column_text 0=&#8221;&#8221;]<\/p>\n<h2>Soudure<\/h2>\n<p>[\/vc_column_text][vc_column_text 0=&#8221;&#8221;]<br \/>\nNous sommes aussi \u00e9quip\u00e9s pour souder les pi\u00e8ces d\u2019acier, d\u2019inox et d\u2019aluminium de tailles diverses. Nos postes de soudage sont \u00e9galement dot\u00e9s d\u2019appareils de levage lourd afin de faciliter la manutention des pi\u00e8ces et des assemblages soud\u00e9s.<\/p>\n<p>Nous mettons l\u2019accent sur l\u2019uniformit\u00e9 de la qualit\u00e9, et nous devons souvent fabriquer des b\u00e2tis de soudage et gabarits ainsi que des montages porte-pi\u00e8ces afin de garantir un travail de haute qualit\u00e9, et ce, qu\u2019il s\u2019agisse de la premi\u00e8re ou de la centi\u00e8me pi\u00e8ce d\u2019une s\u00e9rie!<br \/>\n[\/vc_column_text][\/vc_column][vc_column width=&#8221;1\/2&#8243;][vc_single_image image=&#8221;12820&#8243; img_size=&#8221;full&#8221; alignment=&#8221;center&#8221;][\/vc_column][\/vc_row][\/vc_section][vc_section 0=&#8221;&#8221;][vc_row 0=&#8221;&#8221;][vc_column 0=&#8221;&#8221;][vc_column_text 0=&#8221;&#8221;]<\/p>\n<h2>Assemblage et Finition<\/h2>\n<p>[\/vc_column_text][vc_column_text 0=&#8221;&#8221;]Avec d\u2019appareils de levage lourd, du personnel exp\u00e9riment\u00e9 et des capacit\u00e9s de peinture, nous pouvons faire plus que simplement fabriquer des pi\u00e8ces. Nous sommes \u00e9quip\u00e9s pour effectuer \u00e9galement de l&#8217;assemblage m\u00e9canique simple \u00a0jusqu&#8217;a du c\u00e2blage complet et la mise en service de grands produits complexes.[\/vc_column_text][\/vc_column][\/vc_row][\/vc_section]<\/p>\n<\/div>","protected":false},"excerpt":{"rendered":"<p>[vc_section 0=&#8221;&#8221;][vc_row 0=&#8221;&#8221; equal_height=&#8221;yes&#8221;][vc_column width=&#8221;1\/2&#8243;][vc_column_text 0=&#8221;&#8221;] Usinage \u00e0 commande num\u00e9rique par ordinateur et usinage manuel [\/vc_column_text][vc_column_text 0=&#8221;&#8221;] Nous pouvons fabriquer et assembler des pi\u00e8ces et des<span class=\"excerpt-hellip\"> [\u2026]<\/span><\/p>\n","protected":false},"author":1,"featured_media":0,"parent":0,"menu_order":0,"comment_status":"closed","ping_status":"closed","template":"","meta":{"footnotes":""},"yst_prominent_words":[],"class_list":["post-12825","page","type-page","status-publish","hentry"],"_links":{"self":[{"href":"https:\/\/quaketek.com\/fr\/wp-json\/wp\/v2\/pages\/12825","targetHints":{"allow":["GET"]}}],"collection":[{"href":"https:\/\/quaketek.com\/fr\/wp-json\/wp\/v2\/pages"}],"about":[{"href":"https:\/\/quaketek.com\/fr\/wp-json\/wp\/v2\/types\/page"}],"author":[{"embeddable":true,"href":"https:\/\/quaketek.com\/fr\/wp-json\/wp\/v2\/users\/1"}],"replies":[{"embeddable":true,"href":"https:\/\/quaketek.com\/fr\/wp-json\/wp\/v2\/comments?post=12825"}],"version-history":[{"count":11,"href":"https:\/\/quaketek.com\/fr\/wp-json\/wp\/v2\/pages\/12825\/revisions"}],"predecessor-version":[{"id":14281,"href":"https:\/\/quaketek.com\/fr\/wp-json\/wp\/v2\/pages\/12825\/revisions\/14281"}],"wp:attachment":[{"href":"https:\/\/quaketek.com\/fr\/wp-json\/wp\/v2\/media?parent=12825"}],"wp:term":[{"taxonomy":"yst_prominent_words","embeddable":true,"href":"https:\/\/quaketek.com\/fr\/wp-json\/wp\/v2\/yst_prominent_words?post=12825"}],"curies":[{"name":"wp","href":"https:\/\/api.w.org\/{rel}","templated":true}]}}