{"id":13696,"date":"2017-12-22T12:31:47","date_gmt":"2017-12-22T17:31:47","guid":{"rendered":"https:\/\/www.quaketek.com\/?page_id=13696"},"modified":"2025-10-20T11:23:21","modified_gmt":"2025-10-20T16:23:21","slug":"applications","status":"publish","type":"page","link":"https:\/\/quaketek.com\/fr\/applications\/","title":{"rendered":"Applications"},"content":{"rendered":"<div class=\"wpb-content-wrapper\"><p>[vc_section][vc_row][vc_column css=&#8221;.vc_custom_1494295823430{background-position: 0 0 !important;background-repeat: repeat !important;}&#8221;][vc_column_text]<\/p>\n<h2 style=\"text-align: center;\"><strong><span style=\"color: #00205f;\">Applications en vedette<\/span><\/strong><\/h2>\n<p>[\/vc_column_text][\/vc_column][\/vc_row][vc_row][vc_column width=&#8221;1\/3&#8243;][vc_column_text]<\/p>\n<h3>Pharmaguild usine, Montr\u00e9al, QC.<\/h3>\n<p>Dans cette installation industrielle \/ administrative, les freins sismiques sont assembl\u00e9s dans un contreventement \u00e0 plastification restreinte (CPR). Les cadres CPR forment le syst\u00e8me de r\u00e9sistance aux forces sismiques (SFRS) qui maintient la r\u00e9ponse au s\u00e9isme maximum probable parmi les limites de l\u2019occupation imm\u00e9diate. L\u2019objectif du projet \u00e9tait de prot\u00e9ger les actifs li\u00e9s \u00e0 l\u2019op\u00e9ration de l\u2019installation avec un SFRS r\u00e9silient.[\/vc_column_text][\/vc_column][vc_column width=&#8221;2\/3&#8243;][vc_masonry_media_grid style=&#8221;lazy&#8221; element_width=&#8221;3&#8243; item=&#8221;masonryMedia_SimpleBlurWithScale&#8221; initial_loading_animation=&#8221;fadeIn&#8221; grid_id=&#8221;vc_gid:1760976032736-79b101ef-2773-8&#8243; include=&#8221;17954,17959,17964,17969,18385&#8243;][\/vc_column][\/vc_row][vc_row][vc_column width=&#8221;1\/3&#8243;][vc_column_text]<\/p>\n<h3>\u00c9cole secondaire Louis-H\u00e9bert, Montr\u00e9al, QC.<\/h3>\n<p>Le r\u00e9am\u00e9nagement parasismique de l\u2019\u00e9cole secondaire publique a \u00e9t\u00e9 command\u00e9e dans le cadre des efforts de mise \u00e0 norme parasismique visant \u00e0 maintenir les installations scolaires, qui sont les \u00e9ventuels abris apr\u00e8s le tremblement de terre, pour se conformer au moins aux exigences minimales du code du b\u00e2timent. Les cadres contrevent\u00e9s \u00e0 plastification restreint (CPR) \u00e9taient situ\u00e9s l\u00e0 o\u00f9 le SFRS principal \u00e9tait inexistant ou au-dessous de la capacit\u00e9 minimale requise par le code. Les freins sismiques ont \u00e9t\u00e9 assembl\u00e9s dans le contreventement sur chantier pour permettre un processus de v\u00e9rification de l\u2019installation moins complexe.[\/vc_column_text][\/vc_column][vc_column width=&#8221;2\/3&#8243;][vc_masonry_media_grid style=&#8221;lazy&#8221; element_width=&#8221;3&#8243; item=&#8221;masonryMedia_SimpleBlurWithScale&#8221; initial_loading_animation=&#8221;fadeIn&#8221; grid_id=&#8221;vc_gid:1760976032738-ded6c46f-b0dd-4&#8243; include=&#8221;17984,17989,17994,17999,18004,18009,18014,18325&#8243;][\/vc_column][\/vc_row][vc_row][vc_column width=&#8221;1\/3&#8243;][vc_column_text]<\/p>\n<h3>Punta de mita, h\u00f4tel hotel Conrad, Riviera Nayarit, M\u00e9xico.<\/h3>\n<p>Le b\u00e2timent principal de l\u2019h\u00f4tel a fait l\u2019objet d\u2019une r\u00e9novation parasismique conform\u00e9ment aux exigences de l\u2019autorit\u00e9 locale et aux normes internationales. L\u2019objectif du projet \u00e9tait de pr\u00e9parer la structure \u00e0 \u00eatre occupable apr\u00e8s le s\u00e9isme maximal probable prescrit pour cette zone sismique \u00e0 haut risque dans le Pacifique nord-am\u00e9ricain. Les cadres CPR ont \u00e9t\u00e9 \u00e9quip\u00e9s de freins sismiques de grande capacit\u00e9 pour remplacer les murs de refend ductiles existantes en dessous du niveau de code. Au cours du projet, la firme d\u2019ing\u00e9nierie a coordonn\u00e9 avec pr\u00e9cision l\u2019emplacement des cadres CPR afin de garder la vue d\u00e9gag\u00e9e sur l\u2019oc\u00e9an et de minimiser les interventions de la structure. [\/vc_column_text][\/vc_column][vc_column width=&#8221;2\/3&#8243;][vc_masonry_media_grid style=&#8221;lazy&#8221; element_width=&#8221;3&#8243; item=&#8221;masonryMedia_SimpleBlurWithScale&#8221; initial_loading_animation=&#8221;fadeIn&#8221; grid_id=&#8221;vc_gid:1760976032740-5bb2c10f-609a-8&#8243; include=&#8221;18024,18029,18034,18039,18044&#8243;][\/vc_column][\/vc_row][vc_row][vc_column width=&#8221;1\/3&#8243;][vc_column_text]<\/p>\n<h3>Universit\u00e9 de la technologie \u00e0 Auckland (AUT) b\u00e2timent A1 building, Auckland, NZ.<\/h3>\n<p>Le b\u00e2timent A1 marque un clair pas en avant dans la direction de la durabilit\u00e9 et de la r\u00e9silience. \u00c9tant le b\u00e2timent le plus \u00e9conome en carbone et le plus \u00e9conome en \u00e9nergie de l\u2019AUT, ce concept s\u2019attaque aux objectifs de changement climatique et de durabilit\u00e9 au centre de sa conception. Cette conception parasismique de bois massif vise \u00e0 prot\u00e9ger les actifs li\u00e9s \u00e0 la durabilit\u00e9 et ils sont \u00e9galement inclus dans la perspective de la r\u00e9silience, car ils sont g\u00e9n\u00e9ralement les premiers \u00e0 \u00eatre endommag\u00e9s lors de tremblements de terre r\u00e9currents. Les cadres principaux de l\u2019atrium comprennent des cadres contrevent\u00e9s \u00e0 plastification restreint (CPR), o\u00f9 un frein sismique Ten-Co \u00e0 tension-compression est int\u00e9gr\u00e9 dans un contreventement et des cadres en bois lamell\u00e9. Conception par Jasmax.<br \/>\n[\/vc_column_text][\/vc_column][vc_column width=&#8221;2\/3&#8243;][vc_masonry_media_grid style=&#8221;lazy&#8221; element_width=&#8221;3&#8243; item=&#8221;masonryMedia_SimpleBlurWithScale&#8221; css=&#8221;&#8221; initial_loading_animation=&#8221;fadeIn&#8221; grid_id=&#8221;vc_gid:1760976032741-41f73ae1-c60a-6&#8243; include=&#8221;18049,18054,18059,18855,18860,18865,18870&#8243;][\/vc_column][\/vc_row][vc_row][vc_column width=&#8221;1\/3&#8243;][vc_column_text]<\/p>\n<h3>Usine Pfizer, Montreal QC.<\/h3>\n<p>Ces installations industrielles et administratives r\u00e9pondent aux actions sismiques potentielles avec des cadres CPR strat\u00e9giquement plac\u00e9s. Ils ont pr\u00e9sent\u00e9 une alternative aux cadres contrevent\u00e9s ductiles invasifs, car la r\u00e9ponse sismique du SFRS et la conception sismique sont concentr\u00e9es dans quelques cadres h\u00e9bergeant le CPR. Les freins sismiques forment l\u2019assemblage CPR qui peut \u00eatre install\u00e9 sur chantier.[\/vc_column_text][\/vc_column][vc_column width=&#8221;2\/3&#8243;][vc_masonry_media_grid style=&#8221;lazy&#8221; element_width=&#8221;3&#8243; item=&#8221;masonryMedia_SimpleBlurWithScale&#8221; initial_loading_animation=&#8221;fadeIn&#8221; grid_id=&#8221;vc_gid:1760976032742-f25fbc27-747e-9&#8243; include=&#8221;18070,18075,18080,18085,18090&#8243;][\/vc_column][\/vc_row][vc_row][vc_column width=&#8221;1\/3&#8243;][vc_column_text]<\/p>\n<h3>Confederation heights Government of Canada energy district, Ottawa, Canada<\/h3>\n<p>Dans le cadre d\u2019une transition vers la durabilit\u00e9 et la r\u00e9duction des \u00e9missions, Travaux publics du gouvernement du Canada met en \u0153uvre le district r\u00e9seau \u00e9nerg\u00e9tique pour le complexe f\u00e9d\u00e9ral \u00e0 Ottawa. Les usines du syst\u00e8me chauffent et refroidissent 80 b\u00e2timents de la r\u00e9gion de la capitale, y compris des b\u00e2timents de haute importance tels que le centre de donn\u00e9es de Revenu Canada, entre autres b\u00e2timents gouvernementaux. Cette centrale de chauffage et de refroidissement utilise un r\u00e9seau de distribution pour rendre le refroidissement et le chauffage des b\u00e2timents efficaces. L\u2019usine de Confederation Heights a fait l\u2019objet d\u2019un r\u00e9am\u00e9nagement parasismique comprenant des cadres Contreventements \u00e0 plastification restreinte (CPR) int\u00e9grant des freins sismiques dans le contreventement. Ils ont permis de maintenir l\u2019architecture patrimoniale en place tout en minimisant l\u2019intervention pour la mise au jour parasismique du b\u00e2timent.[\/vc_column_text][\/vc_column][vc_column width=&#8221;2\/3&#8243;][vc_masonry_media_grid style=&#8221;lazy&#8221; element_width=&#8221;3&#8243; item=&#8221;masonryMedia_SimpleBlurWithScale&#8221; initial_loading_animation=&#8221;fadeIn&#8221; grid_id=&#8221;vc_gid:1760976032743-1d517069-960a-9&#8243; include=&#8221;18095,18100,18105,18111&#8243;][\/vc_column][\/vc_row][vc_row][vc_column width=&#8221;1\/3&#8243;][vc_column_text]<\/p>\n<h3>Torre Cuarzo, Mexico, D.F., Mexique<\/h3>\n<p>Des freins dynamiques procurent \u00e0 l\u2019\u00e9difice Torre Cuarzo une protection parasismique \u00e0 la fine pointe de la technologie. S\u2019\u00e9levant \u00e0 180 m, l\u2019\u00e9difice utilise plus de 450 de ces dispositifs construits dans notre usine a Montr\u00e9al.[\/vc_column_text][\/vc_column][vc_column width=&#8221;2\/3&#8243;][vc_masonry_media_grid style=&#8221;lazy&#8221; element_width=&#8221;3&#8243; item=&#8221;masonryMedia_SimpleBlurWithScale&#8221; initial_loading_animation=&#8221;fadeIn&#8221; grid_id=&#8221;vc_gid:1760976032745-3bbf801f-0c2f-5&#8243; include=&#8221;13413,13471,13411,13407,18211,18216,18221,18226&#8243;][\/vc_column][\/vc_row][vc_row][vc_column width=&#8221;1\/3&#8243;][vc_column_text]<\/p>\n<h3>Universit\u00e9 du Qu\u00e9bec \u00e0 Trois Rivi\u00e8res (UQTR), Trois-Rivi\u00e8res, Qu\u00e9bec<\/h3>\n<p>Les freins sismiques ont \u00e9t\u00e9 rapidement install\u00e9s dans une approche progressive permettant \u00e0 l&#8217;utilisation du b\u00e2timent de revenir rapidement \u00e0 la normale et les freins restent cach\u00e9s dans les murs.[\/vc_column_text][\/vc_column][vc_column width=&#8221;2\/3&#8243;][vc_masonry_media_grid style=&#8221;lazy&#8221; element_width=&#8221;3&#8243; item=&#8221;masonryMedia_SimpleBlurWithScale&#8221; initial_loading_animation=&#8221;fadeIn&#8221; grid_id=&#8221;vc_gid:1760976032746-6c10bc2a-0343-4&#8243; include=&#8221;18157,18162,18167&#8243;][\/vc_column][\/vc_row][vc_row][vc_column width=&#8221;1\/3&#8243;][vc_column_text]<\/p>\n<h3>Universit\u00e9 de Laval &#8211; Pavillon Alexandre Vachon, Qu\u00e9bec, Canada<\/h3>\n<div>\n<p>Le b\u00e2timent universitaire au Qu\u00e9bec a \u00e9t\u00e9 modernis\u00e9 \u00e0 l&#8217;aide freins dynamiques. Les ing\u00e9nieurs en structure ont profit\u00e9 de la nature minimalement invasive de la technologie pour r\u00e9duire les impacts sur les op\u00e9rations. Ce projet de r\u00e9habilitation parasismique a connu les succ\u00e8s malgr\u00e9 les limitations d\u2019espace.<\/p><\/div>\n<p>[\/vc_column_text][\/vc_column][vc_column width=&#8221;2\/3&#8243;][vc_masonry_media_grid style=&#8221;lazy&#8221; element_width=&#8221;3&#8243; item=&#8221;masonryMedia_SimpleBlurWithScale&#8221; grid_id=&#8221;vc_gid:1760976032747-a5eac839-178f-3&#8243; include=&#8221;14433,14428,18247,18252&#8243;][\/vc_column][\/vc_row][vc_row][vc_column width=&#8221;1\/3&#8243;][vc_column_text]<\/p>\n<h3>\u00c9cole primaire St-Odile, Montr\u00e9al, Qu\u00e9bec<\/h3>\n<p>Cette \u00e9cole primaire a subi d&#8217;importantes r\u00e9novations et a d\u00fb \u00eatre mise aux normes les plus r\u00e9centes du code. Des limiteurs de force de friction \u00e9taient cach\u00e9s dans les murs pour fournir une protection sismique pendant que les enfants passaient leurs journ\u00e9es \u00e0 apprendre et \u00e0 jouer.[\/vc_column_text][\/vc_column][vc_column width=&#8221;2\/3&#8243;][vc_masonry_media_grid style=&#8221;lazy&#8221; element_width=&#8221;3&#8243; item=&#8221;masonryMedia_SimpleBlurWithScale&#8221; grid_id=&#8221;vc_gid:1760976032748-405eb42a-fe00-1&#8243; include=&#8221;18172,18177,18182&#8243;][\/vc_column][\/vc_row][vc_row][vc_column width=&#8221;1\/3&#8243;][vc_column_text]<\/p>\n<h3>H\u00f4pital Trois Rivi\u00e8res (CHAUR), Trois-Rivi\u00e8res, Qu\u00e9bec<\/h3>\n<p>L&#8217;h\u00f4pital de Trois-Rivi\u00e8res a \u00e9t\u00e9 r\u00e9am\u00e9nag\u00e9 \u00e0 l&#8217;aide des freins sismiques de Quaketek, ce qui a permis de r\u00e9aliser d&#8217;importantes \u00e9conomies sur le projet, ce qui a permis de r\u00e9aliser le projet rapidement et efficacement.[\/vc_column_text][\/vc_column][vc_column width=&#8221;2\/3&#8243;][vc_masonry_media_grid style=&#8221;lazy&#8221; element_width=&#8221;3&#8243; item=&#8221;masonryMedia_SimpleBlurWithScale&#8221; grid_id=&#8221;vc_gid:1760976032749-6454f9a5-51a7-7&#8243; include=&#8221;18187,18192,18197,18202&#8243;][\/vc_column][\/vc_row][vc_row][vc_column width=&#8221;1\/3&#8243;][vc_column_text]<\/p>\n<h3>H\u00f4pital d\u2019Alma, Alma, Canada<\/h3>\n<p>L\u2019H\u00f4pital d\u2019Alma a \u00e9t\u00e9 modernis\u00e9 \u00e0 l\u2019aide de freins dynamiques parasismiques, gr\u00e2ce auxquels l\u2019\u00e9difice peut demeurer pleinement op\u00e9rationnel m\u00eame au cours d\u2019une secousse majeure.<\/p>\n<p>Photos gracieuset\u00e9 du CIUSSS du Saguenay-Lac-St-Jean<br \/>\n[\/vc_column_text][\/vc_column][vc_column width=&#8221;2\/3&#8243;][vc_masonry_media_grid style=&#8221;lazy&#8221; element_width=&#8221;3&#8243; item=&#8221;masonryMedia_SimpleBlurWithScale&#8221; grid_id=&#8221;vc_gid:1760976032750-260639b1-f4df-1&#8243; include=&#8221;13421,13419,18237,18242&#8243;][\/vc_column][\/vc_row][vc_row][vc_column width=&#8221;1\/3&#8243;][vc_column_text]<\/p>\n<div>\n<h3>CHUS Fleurimont, Sherbrooke, Canada<\/h3>\n<div>L\u2019H\u00f4pital de Sherbrooke, Fleurimont a \u00e9t\u00e9 r\u00e9habilit\u00e9 \u00e0 l\u2019aide de freins dynamiques parasismiques, gr\u00e2ce auxquels l\u2019\u00e9difice peut demeurer pleinement op\u00e9rationnel m\u00eame au cours d\u2019une secousse majeure.<\/div>\n<\/div>\n<div>Photos gracieuset\u00e9 du\u00a0CHUS Fleurimont, Sherbrooke.<\/div>\n<p>[\/vc_column_text][\/vc_column][vc_column width=&#8221;2\/3&#8243;][vc_masonry_media_grid style=&#8221;lazy&#8221; element_width=&#8221;3&#8243; item=&#8221;masonryMedia_SimpleBlurWithScale&#8221; grid_id=&#8221;vc_gid:1760976032751-d5950ca1-57f1-8&#8243; include=&#8221;13425,18259,18264&#8243;][\/vc_column][\/vc_row][vc_row][vc_column width=&#8221;1\/3&#8243;][vc_column_text]<\/p>\n<div>\n<p>&nbsp;<\/p><\/div>\n<h3>Valle de Lili, Cali, Colombia<\/h3>\n<div>\n<div>\n<p>Les frein dynamiques on rendu facile une installation rapide des nouveau contreventements, ce qui \u00e9tait essentiel pour l\u2019h\u00f4pital. Les salles de chirurgie ont \u00e9t\u00e9 modernis\u00e9es et rapidement rendues operationelles et servent les patients et sauvent des vies.<\/p><\/div>\n<\/div>\n<p>[\/vc_column_text][\/vc_column][vc_column width=&#8221;2\/3&#8243;][vc_masonry_media_grid style=&#8221;lazy&#8221; element_width=&#8221;3&#8243; item=&#8221;masonryMedia_SimpleBlurWithScale&#8221; grid_id=&#8221;vc_gid:1760976032752-6760d381-8ae7-4&#8243; include=&#8221;14403,14388,14383,14393&#8243;][\/vc_column][\/vc_row][\/vc_section][vc_section][vc_row][vc_column][vc_column_text]<\/p>\n<h2 style=\"text-align: center;\"><span style=\"color: #00205f;\"><strong>Applications Pr\u00e9c\u00e9dents<\/strong><\/span><\/h2>\n<p>[\/vc_column_text][vc_column_text]Quaketek a une longue histoire (<a href=\"https:\/\/quaketek.com\/fr\/a-propos\/\"><strong>lire la suite<\/strong><\/a>) d&#8217;excellence en fabrication d&#8217;amortisseurs qui d\u00e9coule des innovations de notre fondateur et de son d\u00e9vouement \u00e0 la qualit\u00e9. Tel est notre engagement envers la qualit\u00e9 et la foi dans la technologie, que les b\u00e2timents contenant des amortisseurs construits par Mechtronix (une liste partielle est cit\u00e9e ci-dessous) sont potentiellement \u00e9ligibles \u00e0 la garantie prolong\u00e9e de Quaketek. S&#8217;il vous pla\u00eet nous contacter pour plus de d\u00e9tails comment demander cette garantie prolong\u00e9e.[\/vc_column_text][\/vc_column][\/vc_row][vc_row][vc_column width=&#8221;1\/3&#8243;][vc_column_text]Centre commercial Eaton, Montr\u00e9al<br \/>\nCarrefour Laval, Laval<br \/>\nSports Experts, Montr\u00e9al<br \/>\nH\u00f4tel Wilkes Bashford<br \/>\nL&#8217;\u00c9cole de Technologie Sup\u00e9rieure de Montr\u00e9al<br \/>\nPavillon d\u2019Ing\u00e9nierie Universit\u00e9 Concordia, Montr\u00e9al<br \/>\n\u00c9cole de gestion John Molson, Montr\u00e9al<br \/>\nAgence spatiale canadienne, St-Hubert<br \/>\nSuret\u00e9 Qu\u00e9bec, Montr\u00e9al<br \/>\nAmbassade Canadienne, Beijing<br \/>\nB\u00e2timent du Minist\u00e8re de la Justice F\u00e9d\u00e9ral, Ottawa<br \/>\nAmbassade Canadienne, T\u00e9h\u00e9ran<br \/>\nB\u00e2timent du gouvernement du Monterey, Monterey<br \/>\nB\u00e2timent F\u00e9d\u00e9ral de la recherche \u00e9lectronique, Ottawa<br \/>\nCentrale 911, Qu\u00e9bec<br \/>\nPoste de Police, Longueuil<br \/>\nStation spatial Canadienne, Montreal<br \/>\nB\u00e2timent du Centre de Support, Ottawa<br \/>\nCentre de la recherche Sir F. Banting, Ottawa<br \/>\nAmbassade Canadienne, Islamabad[\/vc_column_text][\/vc_column][vc_column width=&#8221;1\/3&#8243;][vc_column_text]H\u00f4pital de Saint-Hyacinthe<br \/>\nH\u00f4pital St-Luc, Montr\u00e9al<br \/>\nCentre des soins ambulatoires du Sharp M\u00e9morial, San Diego<br \/>\nH\u00f4pital St- Vincent, Ottawa<br \/>\nH\u00f4pital Ste. Justine, Montr\u00e9al<br \/>\nH\u00f4pital General Juif, Montr\u00e9al<br \/>\nH\u00f4pital St. Joseph,Tacoma<br \/>\nH\u00f4pital El Tunal, Bogota<br \/>\nH\u00f4pital Fray Bartolom\u00e9 de las Casas, Bogota<br \/>\nH\u00f4pital General de Montr\u00e9al<br \/>\nH\u00f4pital San Vicente de Paul, Medellin<br \/>\nInstitute en sant\u00e9 mentale, Qu\u00e9bec<br \/>\nH\u00f4pital Valle del Lili, Cali<br \/>\nH\u00f4pital San Juan de Dios, Armenia<br \/>\nH\u00f4pital de Sherbrooke<br \/>\nH\u00f4pital Rivi\u00e8re du Loup<br \/>\nH\u00f4pital D&#8217;Alma[\/vc_column_text][\/vc_column][vc_column width=&#8221;1\/3&#8243;][vc_column_text]Alaska Airlines Hangar, Renton<br \/>\nInstallation Industrielle Boeing, Everett<br \/>\nInstallation Industrielle Boeing, Renton<br \/>\nInstallation Industrielle Singer, St-Jean sur Richelieu<br \/>\nInstallation Industrielle EDATEL, Medellin<br \/>\nCasino de Montr\u00e9al<br \/>\nPalais Des Congres, Montr\u00e9al<br \/>\nTorre Cuarzo tour, M\u00e9xico city<br \/>\nB\u00e2timent Le Nouvelle Europa, Montr\u00e9al<br \/>\nB\u00e2timent Les jardin Westmount, Montr\u00e9al<br \/>\nR\u00e9servoir d&#8217;eau \u00e9lev\u00e9, Sacramento<br \/>\nR\u00e9servoir d&#8217;eau \u00e9lev\u00e9, Renton<br \/>\nR\u00e9servoir d&#8217;eau \u00e9lev\u00e9, Rolling Hills[\/vc_column_text][\/vc_column][\/vc_row][\/vc_section][vc_row][vc_column][vc_column_text]<\/p>\n<h2 style=\"text-align: center;\"><span style=\"color: #00205f;\"><strong>____________<\/strong><\/span><\/h2>\n<p>[\/vc_column_text][vc_column_text][\/vc_column_text][\/vc_column][\/vc_row]<\/p>\n<\/div>","protected":false},"excerpt":{"rendered":"<p>[vc_section][vc_row][vc_column css=&#8221;.vc_custom_1494295823430{background-position: 0 0 !important;background-repeat: repeat !important;}&#8221;][vc_column_text] Applications en vedette [\/vc_column_text][\/vc_column][\/vc_row][vc_row][vc_column width=&#8221;1\/3&#8243;][vc_column_text] Pharmaguild usine, Montr\u00e9al, QC. Dans cette installation industrielle \/ administrative, les freins sismiques sont<span class=\"excerpt-hellip\"> [\u2026]<\/span><\/p>\n","protected":false},"author":1,"featured_media":0,"parent":0,"menu_order":0,"comment_status":"closed","ping_status":"closed","template":"","meta":{"footnotes":""},"yst_prominent_words":[89,494],"class_list":["post-13696","page","type-page","status-publish","hentry"],"_links":{"self":[{"href":"https:\/\/quaketek.com\/fr\/wp-json\/wp\/v2\/pages\/13696","targetHints":{"allow":["GET"]}}],"collection":[{"href":"https:\/\/quaketek.com\/fr\/wp-json\/wp\/v2\/pages"}],"about":[{"href":"https:\/\/quaketek.com\/fr\/wp-json\/wp\/v2\/types\/page"}],"author":[{"embeddable":true,"href":"https:\/\/quaketek.com\/fr\/wp-json\/wp\/v2\/users\/1"}],"replies":[{"embeddable":true,"href":"https:\/\/quaketek.com\/fr\/wp-json\/wp\/v2\/comments?post=13696"}],"version-history":[{"count":6,"href":"https:\/\/quaketek.com\/fr\/wp-json\/wp\/v2\/pages\/13696\/revisions"}],"predecessor-version":[{"id":18875,"href":"https:\/\/quaketek.com\/fr\/wp-json\/wp\/v2\/pages\/13696\/revisions\/18875"}],"wp:attachment":[{"href":"https:\/\/quaketek.com\/fr\/wp-json\/wp\/v2\/media?parent=13696"}],"wp:term":[{"taxonomy":"yst_prominent_words","embeddable":true,"href":"https:\/\/quaketek.com\/fr\/wp-json\/wp\/v2\/yst_prominent_words?post=13696"}],"curies":[{"name":"wp","href":"https:\/\/api.w.org\/{rel}","templated":true}]}}