{"id":13784,"date":"2017-12-22T14:24:26","date_gmt":"2017-12-22T19:24:26","guid":{"rendered":"https:\/\/www.quaketek.com\/a-propos\/"},"modified":"2020-10-01T09:20:49","modified_gmt":"2020-10-01T14:20:49","slug":"a-propos","status":"publish","type":"page","link":"https:\/\/quaketek.com\/fr\/a-propos\/","title":{"rendered":"\u00c0 propos"},"content":{"rendered":"<div class=\"wpb-content-wrapper\"><p>[vc_section][vc_row][vc_column][vc_column_text]<\/p>\n<p>Quaketek rend les technologies sismiques plus accessibles \u00e0 tous. Fond\u00e9 par Joaquim Frazao avec son expertise en fabrication et les amortisseurs a friction, Quaketek a \u00e9t\u00e9 cr\u00e9\u00e9 pour am\u00e9liorer la qualit\u00e9 des technologies de protection contre les tremblements de terre, tout en r\u00e9duisant leurs co\u00fbts. Trop souvent, les ing\u00e9nieurs utilisent des m\u00e9thodes de force brute traditionnelles en grande partie \u00e0 cause du co\u00fbt exorbitant des technologies sismiques en raison d&#8217;un manque de concurrence responsable. Ces m\u00e9thodes traditionnelles sont trop courantes non pas parce qu&#8217;elles sont la meilleure solution, mais parce qu&#8217;elles \u00e9taient les plus \u00e9conomiques. Les murs de cisaillement et les cadres \u00e0 contreventement concentrique traditionels sont la norme dans l&#8217;industrie aujourd&#8217;hui, ceci est inqui\u00e9tant. Alors que les m\u00e9thodes de conception sont souvent correctes, l&#8217;ex\u00e9cution varie consid\u00e9rablement d&#8217;une entreprise \u00e0 l&#8217;autre et le manque de surveillance et d&#8217;essais s&#8217;est av\u00e9r\u00e9 dangereux dans de nombreux tremblements de terre \u00e0 travers le monde. Les technologies parasismique, fiables, test\u00e9es et abordables offrent au monde un meilleur moyen de prot\u00e9ger les b\u00e2timents contre les tremblements de terre. Et alors c&#8217;est la mission de Quaketek, r\u00e9pandre ces technologies autour du monde \u00a0<\/p>\n<p>[\/vc_column_text][\/vc_column][\/vc_row][\/vc_section][vc_section][vc_row][vc_column][vc_column_text]<\/p>\n<h2>Usine<\/h2>\n<p>Situ\u00e9 \u00e0 Montr\u00e9al, au Canada, notre usine est d\u00e9di\u00e9 et con\u00e7u pour la fabrication d&#8217;amortisseurs \u00e0 friction. Notre site de production utilise des \u00e9quipements de pointe et automatis\u00e9s pour une pr\u00e9cision incomparable, une meilleure qualit\u00e9 et un co\u00fbt r\u00e9duit. L&#8217;usine comprend \u00e9galement une zone de test d\u00e9di\u00e9e et climatis\u00e9e o\u00f9 chacun de nos amortisseurs est calibr\u00e9, test\u00e9 et s\u00e9rialis\u00e9 individuellement. Quaketek est int\u00e9gr\u00e9 verticalement et les amortisseurs sont con\u00e7us, fabriqu\u00e9s, assembl\u00e9s et test\u00e9s \u00e0 notre usine de Montr\u00e9al. Cela procure plusieurs avantages directs:<\/p>\n<ul>\n<li>Permet aux ing\u00e9nieurs d&#8217;adapter le produit aux besoins techniques d&#8217;un projet sans compromettre la fabricabilit\u00e9 et la planification de la production.<\/li>\n<li>Notre fabrication est concentr\u00e9 sur la construction d&#8217;amortisseurs et tous les \u00e9quipements ont \u00e9t\u00e9 s\u00e9lectionn\u00e9s et personnalis\u00e9s \u00e0 cette fin. Ceci rend l&#8217;installation tr\u00e8s efficace et maintient les co\u00fbts bas et la qualit\u00e9 \u00e9lev\u00e9e.<\/li>\n<li>Construire tout &#8220;a l&#8217;interne&#8221; a consid\u00e9rablement am\u00e9lior\u00e9 les d\u00e9lais. \u00catre en contr\u00f4le du calendrier de production permet des d\u00e9lais d&#8217;ex\u00e9cution rapides ou juste \u00e0 temps selon les besoins du client.<\/li>\n<li>Notre banc d&#8217;essai \u00e0 la fine pointe de la technologie a \u00e9t\u00e9 con\u00e7u sur mesure pour \u00eatre optimis\u00e9 pour la production. Cela nous permet de tester chaque amortisseur \u00e0 pleine course et charge sans augmenter le co\u00fbt du produit toute en d\u00e9passant les exigences d&#8217;essais de nombreux codes du b\u00e2timent internationaux.<\/li>\n<\/ul>\n<p>[\/vc_column_text][\/vc_column][\/vc_row][\/vc_section][vc_section css=&#8221;.vc_custom_1513895497118{margin-bottom: 0px !important;border-bottom-width: 0px !important;}&#8221;][vc_row content_placement=&#8221;top&#8221; css=&#8221;.vc_custom_1513895454406{margin-bottom: 0px !important;border-bottom-width: 0px !important;padding-bottom: 0px !important;}&#8221;][vc_column width=&#8221;2\/3&#8243; css=&#8221;.vc_custom_1513966353894{margin-bottom: 0px !important;border-bottom-width: 0px !important;padding-bottom: 0px !important;}&#8221;][vc_column_text css=&#8221;.vc_custom_1513966344400{margin-bottom: 0px !important;border-bottom-width: 0px !important;padding-bottom: 0px !important;}&#8221;]<\/p>\n<h2>Contexte et historique<\/h2>\n<p>L&#8217;histoire de Quaketek remonte \u00e0 1987, lorsque M.Frazao a d\u00e9velopp\u00e9 la technologie des surface de friction qui limite les effets du fluage, de la corrosion et coller-glisser dans les amortisseurs \u00e0 friction sismique. L&#8217;entreprise M. Frazao a cofond\u00e9, Mechtronix Systems inc. a depuis fabriqu\u00e9 des amortisseurs utilis\u00e9s dans des centaines de b\u00e2timents \u00e0 travers le monde. Quaketek a continu\u00e9 dans la tradition des amortisseurs \u00e0 friction de haute qualit\u00e9 en utilisant les m\u00eames m\u00e9thodes et a encore am\u00e9lior\u00e9 la pr\u00e9cision et la qualit\u00e9 en investissant dans notre usine de production d\u00e9di\u00e9.<\/p>\n<p>[\/vc_column_text][\/vc_column][vc_column width=&#8221;1\/3&#8243; css=&#8221;.vc_custom_1513966322885{margin-top: 0px !important;margin-bottom: 0px !important;border-top-width: 0px !important;border-bottom-width: 0px !important;padding-top: 0px !important;padding-bottom: 0px !important;}&#8221;][vc_single_image image=&#8221;13654&#8243; img_size=&#8221;full&#8221; css=&#8221;.vc_custom_1513966304159{margin-top: 0px !important;margin-bottom: 0px !important;border-top-width: 0px !important;border-bottom-width: 0px !important;padding-top: 0px !important;padding-bottom: 0px !important;}&#8221;][\/vc_column][\/vc_row][vc_row css=&#8221;.vc_custom_1513895920407{margin-top: 0px !important;margin-bottom: 0px !important;border-top-width: 0px !important;border-bottom-width: 0px !important;padding-top: 0px !important;padding-bottom: 0px !important;}&#8221;][vc_column css=&#8221;.vc_custom_1513966497898{margin-top: 0px !important;border-top-width: 0px !important;padding-top: 0px !important;}&#8221;][vc_column_text]<\/p>\n<p>Extrait d&#8217;une entrevue avec notre fondateur, Joaquim Frazao:<\/p>\n<p>[\/vc_column_text][vc_tta_accordion style=&#8221;flat&#8221; shape=&#8221;square&#8221; color=&#8221;white&#8221; active_section=&#8221;1&#8243; css=&#8221;.vc_custom_1513895317058{margin-top: 0px !important;border-top-width: 0px !important;padding-top: 0px !important;}&#8221;][vc_tta_section title=&#8221;Comment avez-vous commenc\u00e9 de travailler avec des amortisseurs \u00e0 friction?&#8221; tab_id=&#8221;1513885019734-22fcd393-8dfa&#8221;][vc_column_text]<\/p>\n<p>J&#8217;\u00e9tudiais en g\u00e9nie m\u00e9canique et je travaillais sur ma ma\u00eetrise \u00e0 l&#8217;Universit\u00e9 Concordia \u00e0 Montr\u00e9al. C&#8217;est l\u00e0 que j&#8217;ai r\u00e9alis\u00e9 les nombreux d\u00e9fis interdisciplinaires auxquels \u00e9taient confront\u00e9s les ing\u00e9nieurs \u00e0 l&#8217;\u00e9poque. J&#8217;ai rencontr\u00e9 un groupe d&#8217;\u00e9tudiants de divers expertises d&#8217;ing\u00e9nierie, et ensemble nous avons fond\u00e9 Mechtronix Systems inc. Le but \u00e9tait de d\u00e9velopper des solutions interdisciplinaires aux d\u00e9fis d&#8217;ing\u00e9nierie, et d\u2019abord d&#8217;o\u00f9 vient le nom Mechtronix (Mechanical et Electronics). C&#8217;est \u00e0 ces d\u00e9buts qu&#8217;une occasion int\u00e9ressante se pr\u00e9sentait, un professeur bien connu \u00e0 l&#8217;Universit\u00e9 Concordia avait un probl\u00e8me difficile. Il avait brevet\u00e9 un amortisseur de friction mais avait besoin d&#8217;experts en fabrication et en mat\u00e9riaux pour le fabriquer. Avec une premi\u00e8re commande de 150 amortisseurs \u00e0 friction dans le b\u00e2timent de la Biblioth\u00e8que Concordia de Maisonneuve, je me suis vite mis au travail pour essayer de comprendre comment livrer cette premi\u00e8re production et je me suis vite rendu compte qu&#8217;il y avait beaucoup de place pour am\u00e9liorer!<\/p>\n<p>[\/vc_column_text][\/vc_tta_section][vc_tta_section title=&#8221;Pourquoi \u00e9tiez-vous int\u00e9ress\u00e9 \u00e0 apporter des am\u00e9liorations&#8221; tab_id=&#8221;1513885019767-d7c0cdaa-5e97&#8243;][vc_column_text]<\/p>\n<p>L&#8217;id\u00e9e originale (et le brevet originale) pour l&#8217;amortisseur de friction sismique \u00e9tait d&#8217;utiliser des plaquettes de frein ou des plaques de bronze pour g\u00e9n\u00e9rer du frottement. Cependant, le probl\u00e8me \u00e9tait que la charge de glissement changerait au fil du temps en raison du fluage dans l\u2019interface de friction et la pr\u00e9charge dans les boulons. \u00c9tant impliqu\u00e9 dans l&#8217;a\u00e9rospatiale et ayant \u00e9tudi\u00e9 le g\u00e9nie m\u00e9canique, je connaissais un certain nombre de m\u00e9thodes pour contr\u00f4ler la friction dans les joints a\u00e9rospatiaux et m\u00e9caniques. Avec beaucoup de curiosit\u00e9 et un besoin inn\u00e9 de \u00abtrouver un meilleur moyen\u00bb, j&#8217;ai trouv\u00e9 des m\u00e9thodes et des proc\u00e9d\u00e9s de fabrication qui donne aux joint a friction un glissement stable, un fluage minimal \u00e0 long terme et aucune risque de corrosion galvanique. Ces innovations ont permis une am\u00e9lioration importante des technologies d&#8217;amortisseurs \u00e0 friction, un amortisseur capable de maintenir une charge de glissement stable tout au long de la vie d&#8217;un b\u00e2timent. En utilisant ces nouvelles m\u00e9thodes, Mechtronix a pu maintenir l&#8217;exclusivit\u00e9 dans la fabrication pour une marque r\u00e9connue et nous avons construit des milliers d&#8217;amortisseurs qui sont aujourd&#8217;hui utilis\u00e9s dans les b\u00e2timents a travers le monde.<\/p>\n<p>[\/vc_column_text][\/vc_tta_section][vc_tta_section title=&#8221;Pourquoi vous vous d\u00e9dier \u00e0 construire des amortisseurs \u00e0 friction maintenant et non plus tot?&#8221; tab_id=&#8221;1513885131407-5395f4b5-01b7&#8243;][vc_column_text]<\/p>\n<p>Eh bien, Mechtronix \u00e9tait surtout concentr\u00e9 sur un autre d\u00e9fi interdisciplinaire, les simulateurs de vol. La soci\u00e9t\u00e9 a tr\u00e8s bien r\u00e9ussi \u00e0 innover sur le march\u00e9 de la simulation et a contribu\u00e9 \u00e0 rendre l&#8217;entra\u00eenement au vol plus accessible, r\u00e9duisant ainsi de plus de 50% le co\u00fbt d&#8217;un simulateur de vol complet. Lorsque l&#8217;entreprise a \u00e9t\u00e9 vendue et s&#8217;est concentr\u00e9e uniquement sur l&#8217;a\u00e9rospatiale, nous savions que la fabrication des amortisseurs devait continuer. Ainsi, en 2015, je me suis associ\u00e9 avec mes fils et j&#8217;ai fond\u00e9 Quaketek avec un objectif simple: rendre la protection contre les tremblements de terre facile et accessible, \u00e0 toute personne vivant dans une r\u00e9gion sismique. L&#8217;id\u00e9e de base, faire pour les technologies parasismiques ce que nous avons fait pour la s\u00e9curit\u00e9 a\u00e9rienne. Le concept \u00e9tait simple, \u00e9tablir une usine sp\u00e9cialement con\u00e7ue pour fabriquer des amortisseurs \u00e0 friction afin de r\u00e9aliser des \u00e9conomies d&#8217;\u00e9chelle, utiliser les m\u00eames m\u00e9thodes et techniques de fabrication d\u00e9velopp\u00e9es au cours des 30 derni\u00e8res ann\u00e9es, am\u00e9liorer la qualit\u00e9 et la coh\u00e9rence globale et innover encore plus! Ces \u00e9conomies d&#8217;\u00e9chelle peuvent ensuite \u00eatre utilis\u00e9es pour r\u00e9duire le prix actuel des freins sismique sur le march\u00e9, ce qui les rend comp\u00e9titifs par rapport \u00e0 la construction traditionnelle et aux technologies \u00e0 usage unique telles que les BRB (diagonale ductile confin\u00e9e ). Nous voulons innover davantage parce qu&#8217;il y a beaucoup d&#8217;autres industries o\u00f9 les technologies de friction peuvent aider \u00e0 prot\u00e9ger les gens, et bien, parce que c&#8217;est notre philisophie d&#8217;innover sans cesse. &#8230;<\/p>\n<p>[\/vc_column_text][\/vc_tta_section][vc_tta_section title=&#8221;O\u00f9 voyez-vous l&#8217;avenir de l&#8217;entreprise?&#8221; tab_id=&#8221;1513885171741-304c653f-eba0&#8243;][vc_column_text]<\/p>\n<p>Nous voyons deux principaux d\u00e9fis \u00e0 la croissance de l&#8217;utilisation des amortisseurs \u00e0 friction. Le premier d\u00e9fi \u00e9tant l&#8217;\u00e9ducation. Beaucoup de gens croient que les technologies de protection sismique sont co\u00fbteuses ou difficiles \u00e0 utiliser, alors que pour certaines technologies, l&#8217;amortisseur de friction a tendance \u00e0 \u00eatre le contraire. Les technologies des amortisseurs \u00e0 friction ne d\u00e9pendent pas de la vitesse et des charges glissantes stables, ce qui les rend faciles \u00e0 concevoir. Les codes du b\u00e2timent fournissant maintenant des indications sur les facteurs de ductilit\u00e9 pour les amortisseurs \u00e0 friction (par exemple, chapitre sur la dissipation au Chili NCh34-11 travail effectu\u00e9 par les professeurs Tirca et Tremblay pour le code canadien), nous pensons que davantage d&#8217;ing\u00e9nieurs utiliseront ces directives pour int\u00e9grer les amortisseurs sismiques. Le deuxi\u00e8me d\u00e9fi principal est \u00e9conomique. Les d\u00e9veloppeurs et les ing\u00e9nieurs pensent parfois que l&#8217;int\u00e9gration des amortisseurs augmentera le co\u00fbt global de leur projet. En r\u00e9alit\u00e9, les amortisseurs \u00e0 friction ont tendance \u00e0 r\u00e9duire les co\u00fbts structurels en r\u00e9duisant la demande sur les principaux \u00e9l\u00e9ments structurels. Comme les amortisseurs dissipent l&#8217;\u00e9nergie sismique, les colonnes, les poutres et les fondations ne doivent r\u00e9sister qu&#8217;\u00e0 une force moindre. Les \u00e9conomies r\u00e9alis\u00e9es sur les \u00e9l\u00e9ments de structure sont g\u00e9n\u00e9ralement suffisantes pour payer les amortisseurs install\u00e9s et plus. Bien s\u00fbr, le d\u00e9fi sous-jacent reste de rester pertinent dans un monde technologique en croissance constante et nous continuons donc \u00e0 \u00e9couter attentivement les besoins de nos clients et continuons \u00e0 investir dans la R et D.<\/p>\n<p>[\/vc_column_text][\/vc_tta_section][\/vc_tta_accordion][\/vc_column][\/vc_row][\/vc_section]<\/p>\n<\/div>","protected":false},"excerpt":{"rendered":"<p>[vc_section][vc_row][vc_column][vc_column_text] Quaketek rend les technologies sismiques plus accessibles \u00e0 tous. Fond\u00e9 par Joaquim Frazao avec son expertise en fabrication et les amortisseurs a friction, Quaketek a<span class=\"excerpt-hellip\"> [\u2026]<\/span><\/p>\n","protected":false},"author":1,"featured_media":0,"parent":0,"menu_order":0,"comment_status":"closed","ping_status":"closed","template":"","meta":{"footnotes":""},"yst_prominent_words":[89,492],"class_list":["post-13784","page","type-page","status-publish","hentry"],"_links":{"self":[{"href":"https:\/\/quaketek.com\/fr\/wp-json\/wp\/v2\/pages\/13784","targetHints":{"allow":["GET"]}}],"collection":[{"href":"https:\/\/quaketek.com\/fr\/wp-json\/wp\/v2\/pages"}],"about":[{"href":"https:\/\/quaketek.com\/fr\/wp-json\/wp\/v2\/types\/page"}],"author":[{"embeddable":true,"href":"https:\/\/quaketek.com\/fr\/wp-json\/wp\/v2\/users\/1"}],"replies":[{"embeddable":true,"href":"https:\/\/quaketek.com\/fr\/wp-json\/wp\/v2\/comments?post=13784"}],"version-history":[{"count":5,"href":"https:\/\/quaketek.com\/fr\/wp-json\/wp\/v2\/pages\/13784\/revisions"}],"predecessor-version":[{"id":15515,"href":"https:\/\/quaketek.com\/fr\/wp-json\/wp\/v2\/pages\/13784\/revisions\/15515"}],"wp:attachment":[{"href":"https:\/\/quaketek.com\/fr\/wp-json\/wp\/v2\/media?parent=13784"}],"wp:term":[{"taxonomy":"yst_prominent_words","embeddable":true,"href":"https:\/\/quaketek.com\/fr\/wp-json\/wp\/v2\/yst_prominent_words?post=13784"}],"curies":[{"name":"wp","href":"https:\/\/api.w.org\/{rel}","templated":true}]}}