{"id":16845,"date":"2022-09-03T18:52:42","date_gmt":"2022-09-03T23:52:42","guid":{"rendered":"https:\/\/www.quaketek.com\/?page_id=16845"},"modified":"2022-12-28T16:29:31","modified_gmt":"2022-12-28T21:29:31","slug":"types-dinstallations-contreventements","status":"publish","type":"page","link":"https:\/\/quaketek.com\/fr\/types-dinstallations-contreventements\/","title":{"rendered":"Types d\u2019installations contreventements"},"content":{"rendered":"<div class=\"wpb-content-wrapper\"><p>[vc_row full_width=&#8221;stretch_row_content_no_spaces&#8221; full_height=&#8221;yes&#8221; content_placement=&#8221;middle&#8221; css=&#8221;.vc_custom_1662383832698{margin-top: -30px !important;margin-bottom: -8em !important;background-image: url(https:\/\/quaketek.com\/wp-content\/uploads\/2022\/09\/YRB_in_diagonal_Banner.jpg?id=16781) !important;background-position: center !important;background-repeat: no-repeat !important;background-size: cover !important;}&#8221;][vc_column][vc_column_text]<\/p>\n<h1 class=\"vc_custom_heading\" style=\"text-align: center; font-size: 50px; font-weight: bold; line-height: 55px;\">Types d\u2019installations<br \/>\ncontreventements disponibles<\/h1>\n<p>[\/vc_column_text][\/vc_column][\/vc_row][vc_row equal_height=&#8221;yes&#8221; content_placement=&#8221;middle&#8221;][vc_column][vc_row_inner equal_height=&#8221;yes&#8221; content_placement=&#8221;middle&#8221; gap=&#8221;15&#8243;][vc_column_inner width=&#8221;1\/2&#8243;][vc_column_text]<\/p>\n<h2 style=\"text-align: right; font-weight: 500; font-size: 25px;\">Cadre \u00e0 contreventement<br \/>\nconcentrique diagonal<\/h2>\n<p>[\/vc_column_text][vc_column_text]<\/p>\n<p style=\"text-align: right;\">Peut-\u00eatre l\u2019une des configurations les plus connu parmi les cadres contrevent\u00e9s. Il peut \u00eatre utilis\u00e9 dans tous les types de structures et int\u00e9gr\u00e9e \u00e0 pratiquement n\u2019importe quel type de mat\u00e9riau. Les connexions peuvent \u00eatre appliqu\u00e9es aux structures en b\u00e9ton, en bois massif ou en acier. Ils peuvent couvrir un ou deux \u00e9tages<\/p>\n<p>[\/vc_column_text][\/vc_column_inner][vc_column_inner width=&#8221;1\/2&#8243;][vc_gallery type=&#8221;flexslider_slide&#8221; interval=&#8221;3&#8243; images=&#8221;16975,16980,16985,16990,16995,17000&#8243; img_size=&#8221;full&#8221;][\/vc_column_inner][\/vc_row_inner][\/vc_column][\/vc_row][vc_row equal_height=&#8221;yes&#8221; content_placement=&#8221;middle&#8221;][vc_column][vc_row_inner equal_height=&#8221;yes&#8221; content_placement=&#8221;middle&#8221; gap=&#8221;15&#8243;][vc_column_inner width=&#8221;1\/2&#8243;][vc_gallery type=&#8221;flexslider_slide&#8221; interval=&#8221;3&#8243; images=&#8221;17006,17011,17016,17021,17026,17031&#8243; img_size=&#8221;full&#8221;][\/vc_column_inner][vc_column_inner width=&#8221;1\/2&#8243;][vc_column_text]<\/p>\n<h2 style=\"font-weight: 500; text-align: left; font-size: 25px;\">Cadre \u00e0 contreventement<br \/>\nconcentrique Chevron<\/h2>\n<p>[\/vc_column_text][vc_column_text]Apr\u00e8s la configuration diagonale, les cadres \u00e0 contreventement concentrique Chevron sont \u00e9galement connu. Dans cette configuration, les freins sismiques peuvent \u00eatre plac\u00e9s soit \u00e0 chacune des diagonales formant un Contreventement \u00e0 Fluage retreinte (CFR), soit au niveau du plan du sommet sup\u00e9rieur pour predre le plus du d\u00e9placement lat\u00e9ral du cadre.[\/vc_column_text][\/vc_column_inner][\/vc_row_inner][\/vc_column][\/vc_row][vc_row equal_height=&#8221;yes&#8221; content_placement=&#8221;middle&#8221;][vc_column][vc_row_inner equal_height=&#8221;yes&#8221; content_placement=&#8221;middle&#8221; gap=&#8221;15&#8243;][vc_column_inner width=&#8221;1\/2&#8243;][vc_column_text]<\/p>\n<h2 style=\"text-align: right; font-weight: 500; font-size: 25px;\">Toggles<\/h2>\n<p>[\/vc_column_text][vc_column_text]<\/p>\n<p style=\"text-align: right;\">Une variation du concept de cadre contreventement concentrique diagonal. Il est tr\u00e8s utile pour traverser certains espaces ou pour amplifier l\u2019\u00e9nergie \u00e0 \u00eatre dissip\u00e9e par un frein sismique.<\/p>\n<p>[\/vc_column_text][\/vc_column_inner][vc_column_inner width=&#8221;1\/2&#8243;][vc_gallery type=&#8221;flexslider_slide&#8221; interval=&#8221;3&#8243; images=&#8221;17036,17041&#8243; img_size=&#8221;full&#8221;][\/vc_column_inner][\/vc_row_inner][\/vc_column][\/vc_row][vc_row equal_height=&#8221;yes&#8221; content_placement=&#8221;middle&#8221;][vc_column][vc_row_inner equal_height=&#8221;yes&#8221; content_placement=&#8221;middle&#8221; gap=&#8221;15&#8243;][vc_column_inner width=&#8221;1\/2&#8243;][vc_gallery type=&#8221;flexslider_slide&#8221; interval=&#8221;3&#8243; images=&#8221;17046,17051,17056,17061&#8243; img_size=&#8221;full&#8221;][\/vc_column_inner][vc_column_inner width=&#8221;1\/2&#8243;][vc_column_text]<\/p>\n<h2 style=\"font-weight: 500; text-align: left; font-size: 25px;\">Murs de cisaillement, murs<br \/>\ncouple et mur type \u00ab rocking wall \u00bb<\/h2>\n<p>[\/vc_column_text][vc_column_text]Lorsque les murs de cisaillement sont le syst\u00e8me structurel en place dans la conception sismique en bois massif ou dans les b\u00e2timents de murs de cisaillement, les freins sismiques peuvent \u00eatre situ\u00e9s soit dans la section de poutre de couplage pour \u00e9viter les dommages, soit dans le plan horizontal pour travailler dans le sens du cisaillement. La configuration de mur type \u00ab\u00a0rocking wall\u00a0\u00bb place \u00a0alternativement le frein sismique \u00e0 l\u2019endroit o\u00f9 les dommages de flexion ou de compression se produiront, ce qui augmentera la dissipation d\u2019\u00e9nergie et le performance du syst\u00e8me de r\u00e9sistance \u00e0 la force lat\u00e9rale.[\/vc_column_text][\/vc_column_inner][\/vc_row_inner][\/vc_column][\/vc_row]<\/p>\n<\/div>","protected":false},"excerpt":{"rendered":"<p>[vc_row full_width=&#8221;stretch_row_content_no_spaces&#8221; full_height=&#8221;yes&#8221; content_placement=&#8221;middle&#8221; css=&#8221;.vc_custom_1662383832698{margin-top: -30px !important;margin-bottom: -8em !important;background-image: url(https:\/\/quaketek.com\/wp-content\/uploads\/2022\/09\/YRB_in_diagonal_Banner.jpg?id=16781) !important;background-position: center !important;background-repeat: no-repeat !important;background-size: cover !important;}&#8221;][vc_column][vc_column_text] Types d\u2019installations contreventements disponibles [\/vc_column_text][\/vc_column][\/vc_row][vc_row equal_height=&#8221;yes&#8221; content_placement=&#8221;middle&#8221;][vc_column][vc_row_inner equal_height=&#8221;yes&#8221; content_placement=&#8221;middle&#8221;<span class=\"excerpt-hellip\"> [\u2026]<\/span><\/p>\n","protected":false},"author":8,"featured_media":0,"parent":0,"menu_order":0,"comment_status":"closed","ping_status":"closed","template":"","meta":{"footnotes":""},"yst_prominent_words":[],"class_list":["post-16845","page","type-page","status-publish","hentry"],"_links":{"self":[{"href":"https:\/\/quaketek.com\/fr\/wp-json\/wp\/v2\/pages\/16845","targetHints":{"allow":["GET"]}}],"collection":[{"href":"https:\/\/quaketek.com\/fr\/wp-json\/wp\/v2\/pages"}],"about":[{"href":"https:\/\/quaketek.com\/fr\/wp-json\/wp\/v2\/types\/page"}],"author":[{"embeddable":true,"href":"https:\/\/quaketek.com\/fr\/wp-json\/wp\/v2\/users\/8"}],"replies":[{"embeddable":true,"href":"https:\/\/quaketek.com\/fr\/wp-json\/wp\/v2\/comments?post=16845"}],"version-history":[{"count":5,"href":"https:\/\/quaketek.com\/fr\/wp-json\/wp\/v2\/pages\/16845\/revisions"}],"predecessor-version":[{"id":17476,"href":"https:\/\/quaketek.com\/fr\/wp-json\/wp\/v2\/pages\/16845\/revisions\/17476"}],"wp:attachment":[{"href":"https:\/\/quaketek.com\/fr\/wp-json\/wp\/v2\/media?parent=16845"}],"wp:term":[{"taxonomy":"yst_prominent_words","embeddable":true,"href":"https:\/\/quaketek.com\/fr\/wp-json\/wp\/v2\/yst_prominent_words?post=16845"}],"curies":[{"name":"wp","href":"https:\/\/api.w.org\/{rel}","templated":true}]}}